{"id":1027,"date":"2021-02-15T12:28:58","date_gmt":"2021-02-15T11:28:58","guid":{"rendered":"http:\/\/eportfolio.musikkons.dk\/wordpress\/bjoernpetersen\/?page_id=1027"},"modified":"2021-02-15T12:48:29","modified_gmt":"2021-02-15T11:48:29","slug":"music-in-the-brains-arsrapporter","status":"publish","type":"page","link":"http:\/\/eportfolio.musikkons.dk\/wordpress\/bjoernpetersen\/artikler-2\/music-in-the-brains-arsrapporter\/","title":{"rendered":"Music in the Brains \u00e5rsrapporter"},"content":{"rendered":"<p>Jeg har bidraget med nedenst\u00e5ende artikler til Center for Music in the Brain&#8217;s \u00e5rsrapporter<\/p>\n<p>2019: <a href=\"http:\/\/eportfolio.musikkons.dk\/wordpress\/bjoernpetersen\/files\/2021\/02\/Petersen_Music-in-the-lives-of-cochlear-implantees_MIB-annual-report-2019.pdf\">Music in the lives of cochlear implantees<\/a> &#8211; en artikel om vores forskning i erfarne og nyimplanterede CI-brugeres evne til at skelne detaljer i musik, m\u00e5lt med EEG og adf\u00e6rdstests samt deres subjektive tilkendegivelser om oplevelse med at lytte til musik med deres CI<\/p>\n<p>2018: <a href=\"http:\/\/eportfolio.musikkons.dk\/wordpress\/bjoernpetersen\/files\/2021\/02\/Petersen_We-can-work-it-out-MIB-annual-report-2018.pdf\">We can work it out &#8211; perception and discrimination of music in experienced and recently implanted CI users<\/a> &#8211; en artikel om et nyudviklet MMN-paradigme til at foretage objektive m\u00e5linger af CI-brugeres diskrimination af toneh\u00f8jde, intensitet, klangfarve og rytme, herunder metoder til at analysere disse hos individuelle CI-brugere.<\/p>\n<p>2017: <a href=\"http:\/\/eportfolio.musikkons.dk\/wordpress\/bjoernpetersen\/files\/2021\/02\/Petersen_The-times-they-are-a-Changin_MIB-annual-report_2017.pdf\">The Times They Are A Changin\u2019 &#8211; Two Novel EEG Paradigms for Studying Music Discrimination in Electric Hearing<\/a> &#8211; om to nye EEG paradigmer til at foretage objektive m\u00e5linger af CI-brugeres opfattelse af musik, herunder virkelighedstro musik<\/p>\n<p>2016: <a href=\"http:\/\/eportfolio.musikkons.dk\/wordpress\/bjoernpetersen\/files\/2021\/02\/Petersen_The-sound-of-silence_music_MIB-annual-report_2016.pdf\">The Sound of <del>Silence<\/del> Music<\/a> &#8211; en artikel om MIBs forskning i CI-brugeres opfattelse af musik og arbejdet med at udvikle objektive m\u00e5lemetoder<\/p>\n<p>&nbsp;<\/p>\n","protected":false},"excerpt":{"rendered":"<p>Jeg har bidraget med nedenst\u00e5ende artikler til Center for Music in the Brain&#8217;s \u00e5rsrapporter 2019: Music in the lives of cochlear implantees &#8211; en artikel om vores forskning i erfarne og nyimplanterede CI-brugeres evne til at skelne detaljer i musik, m\u00e5lt med EEG og adf\u00e6rdstests samt deres subjektive tilkendegivelser om oplevelse med at lytte til &hellip; <a href=\"http:\/\/eportfolio.musikkons.dk\/wordpress\/bjoernpetersen\/artikler-2\/music-in-the-brains-arsrapporter\/\" class=\"more-link\">Continue reading<span class=\"screen-reader-text\"> &#8220;Music in the Brains \u00e5rsrapporter&#8221;<\/span><\/a><\/p>\n","protected":false},"author":10,"featured_media":0,"parent":602,"menu_order":0,"comment_status":"closed","ping_status":"closed","template":"","meta":[],"_links":{"self":[{"href":"http:\/\/eportfolio.musikkons.dk\/wordpress\/bjoernpetersen\/wp-json\/wp\/v2\/pages\/1027"}],"collection":[{"href":"http:\/\/eportfolio.musikkons.dk\/wordpress\/bjoernpetersen\/wp-json\/wp\/v2\/pages"}],"about":[{"href":"http:\/\/eportfolio.musikkons.dk\/wordpress\/bjoernpetersen\/wp-json\/wp\/v2\/types\/page"}],"author":[{"embeddable":true,"href":"http:\/\/eportfolio.musikkons.dk\/wordpress\/bjoernpetersen\/wp-json\/wp\/v2\/users\/10"}],"replies":[{"embeddable":true,"href":"http:\/\/eportfolio.musikkons.dk\/wordpress\/bjoernpetersen\/wp-json\/wp\/v2\/comments?post=1027"}],"version-history":[{"count":9,"href":"http:\/\/eportfolio.musikkons.dk\/wordpress\/bjoernpetersen\/wp-json\/wp\/v2\/pages\/1027\/revisions"}],"predecessor-version":[{"id":1041,"href":"http:\/\/eportfolio.musikkons.dk\/wordpress\/bjoernpetersen\/wp-json\/wp\/v2\/pages\/1027\/revisions\/1041"}],"up":[{"embeddable":true,"href":"http:\/\/eportfolio.musikkons.dk\/wordpress\/bjoernpetersen\/wp-json\/wp\/v2\/pages\/602"}],"wp:attachment":[{"href":"http:\/\/eportfolio.musikkons.dk\/wordpress\/bjoernpetersen\/wp-json\/wp\/v2\/media?parent=1027"}],"curies":[{"name":"wp","href":"https:\/\/api.w.org\/{rel}","templated":true}]}}