{"id":134,"date":"2014-03-06T15:57:28","date_gmt":"2014-03-06T14:57:28","guid":{"rendered":"http:\/\/eportfolio.musikkons.dk\/wordpress\/bjoernpetersen\/?page_id=134"},"modified":"2014-08-20T11:32:44","modified_gmt":"2014-08-20T10:32:44","slug":"lektion-1-komplementaerrytmik","status":"publish","type":"page","link":"http:\/\/eportfolio.musikkons.dk\/wordpress\/bjoernpetersen\/arrangement-ba-2\/lektion-1-komplementaerrytmik\/","title":{"rendered":"Komplement\u00e6rrytmik"},"content":{"rendered":"<h1>KOMPLEMENT\u00c6RRYTMIK\u00a0i rytmegruppen<\/h1>\n<h2>Arrangement for trommer, bas og guitar i soul-funkstil m. udgangspunkt i konkrete eksempler<\/h2>\n<h2>V. Bj\u00f8rn B\u00f8nne Petersen<\/h2>\n<h2>(Komplement\u00e6r: som p\u00e5 samme tid b\u00e5de kompletterer og udelukker hinanden.<br \/>\nIkke at forveksle med komplimentere)<\/h2>\n<h2>Get Up -James Brown &amp; The Famous Flames<\/h2>\n<p>httpvh:\/\/youtu.be\/hcfVe4uMOHE<\/p>\n<h2>Figurer \u2013 bas (Bernard Odum)<br \/>\nBasstemmen er en 2-taktsfigur der bryder en D7 akkord. Figuren er aktiv og synkoperet.<\/h2>\n<p><img loading=\"lazy\" class=\"alignnone size-large wp-image-141\" alt=\"Cold sweat bas\" src=\"http:\/\/eportfolio.musikkons.dk\/wordpress\/bjoernpetersen\/files\/2014\/03\/Cold-sweat-bas-785x171.jpg\" width=\"584\" height=\"127\" srcset=\"http:\/\/eportfolio.musikkons.dk\/wordpress\/bjoernpetersen\/files\/2014\/03\/Cold-sweat-bas-785x171.jpg 785w, http:\/\/eportfolio.musikkons.dk\/wordpress\/bjoernpetersen\/files\/2014\/03\/Cold-sweat-bas-300x65.jpg 300w, http:\/\/eportfolio.musikkons.dk\/wordpress\/bjoernpetersen\/files\/2014\/03\/Cold-sweat-bas-500x109.jpg 500w, http:\/\/eportfolio.musikkons.dk\/wordpress\/bjoernpetersen\/files\/2014\/03\/Cold-sweat-bas.jpg 934w\" sizes=\"(max-width: 584px) 85vw, 584px\" \/><\/p>\n<!--[if lt IE 9]><script>document.createElement('audio');<\/script><![endif]-->\n<audio class=\"wp-audio-shortcode\" id=\"audio-134-1\" preload=\"none\" style=\"width: 100%;\" controls=\"controls\"><source type=\"audio\/mpeg\" src=\"http:\/\/eportfolio.musikkons.dk\/wordpress\/bjoernpetersen\/files\/2014\/03\/28-Bass.mp3?_=1\" \/><a href=\"http:\/\/eportfolio.musikkons.dk\/wordpress\/bjoernpetersen\/files\/2014\/03\/28-Bass.mp3\">http:\/\/eportfolio.musikkons.dk\/wordpress\/bjoernpetersen\/files\/2014\/03\/28-Bass.mp3<\/a><\/audio>\n<h2>Figurer \u2013 Trommer (Clyde Stubblefield)<\/h2>\n<h2>Trommestemmen er en 2 takts figur. Sidste lilletrommeslag i takt 1 er liftet til 4-og. Ghostslag ml. stortrommens ottendedele. Stortrommen misser 1-slaget i takt 2. \u00c5ben\/lukket hi-hat til 2 og 4 slag.<\/h2>\n<p><img loading=\"lazy\" class=\"alignnone size-large wp-image-144\" alt=\"Cold sweat drums\" src=\"http:\/\/eportfolio.musikkons.dk\/wordpress\/bjoernpetersen\/files\/2014\/03\/Cold-sweat-drums-785x99.jpg\" width=\"584\" height=\"73\" srcset=\"http:\/\/eportfolio.musikkons.dk\/wordpress\/bjoernpetersen\/files\/2014\/03\/Cold-sweat-drums-785x99.jpg 785w, http:\/\/eportfolio.musikkons.dk\/wordpress\/bjoernpetersen\/files\/2014\/03\/Cold-sweat-drums-300x37.jpg 300w, http:\/\/eportfolio.musikkons.dk\/wordpress\/bjoernpetersen\/files\/2014\/03\/Cold-sweat-drums-500x63.jpg 500w, http:\/\/eportfolio.musikkons.dk\/wordpress\/bjoernpetersen\/files\/2014\/03\/Cold-sweat-drums.jpg 942w\" sizes=\"(max-width: 584px) 85vw, 584px\" \/><\/p>\n<audio class=\"wp-audio-shortcode\" id=\"audio-134-2\" preload=\"none\" style=\"width: 100%;\" controls=\"controls\"><source type=\"audio\/mpeg\" src=\"http:\/\/eportfolio.musikkons.dk\/wordpress\/bjoernpetersen\/files\/2014\/03\/27-Drum.mp3?_=2\" \/><a href=\"http:\/\/eportfolio.musikkons.dk\/wordpress\/bjoernpetersen\/files\/2014\/03\/27-Drum.mp3\">http:\/\/eportfolio.musikkons.dk\/wordpress\/bjoernpetersen\/files\/2014\/03\/27-Drum.mp3<\/a><\/audio>\n<h2>Figurer \u2013 Guitar &#8211;\u00a0Jimmy Nolen\/\u201dCountry\u201d Kellum<br \/>\nTo guitarer spiller hhv en 1\/8-delsbaseret \u201dbasfigur\u201d og en perkussiv\/mute 1\/16-delsfigur.<\/h2>\n<p><img loading=\"lazy\" class=\"alignnone size-large wp-image-147\" alt=\"Cold sweat guitars\" src=\"http:\/\/eportfolio.musikkons.dk\/wordpress\/bjoernpetersen\/files\/2014\/03\/Cold-sweat-guitars-785x331.jpg\" width=\"584\" height=\"246\" srcset=\"http:\/\/eportfolio.musikkons.dk\/wordpress\/bjoernpetersen\/files\/2014\/03\/Cold-sweat-guitars-785x331.jpg 785w, http:\/\/eportfolio.musikkons.dk\/wordpress\/bjoernpetersen\/files\/2014\/03\/Cold-sweat-guitars-300x126.jpg 300w, http:\/\/eportfolio.musikkons.dk\/wordpress\/bjoernpetersen\/files\/2014\/03\/Cold-sweat-guitars-500x211.jpg 500w, http:\/\/eportfolio.musikkons.dk\/wordpress\/bjoernpetersen\/files\/2014\/03\/Cold-sweat-guitars.jpg 925w\" sizes=\"(max-width: 584px) 85vw, 584px\" \/><\/p>\n<audio class=\"wp-audio-shortcode\" id=\"audio-134-3\" preload=\"none\" style=\"width: 100%;\" controls=\"controls\"><source type=\"audio\/mpeg\" src=\"http:\/\/eportfolio.musikkons.dk\/wordpress\/bjoernpetersen\/files\/2014\/03\/29-Guitar.mp3?_=3\" \/><a href=\"http:\/\/eportfolio.musikkons.dk\/wordpress\/bjoernpetersen\/files\/2014\/03\/29-Guitar.mp3\">http:\/\/eportfolio.musikkons.dk\/wordpress\/bjoernpetersen\/files\/2014\/03\/29-Guitar.mp3<\/a><\/audio>\n<h2>All together now<br \/>\nFigurerne v\u00e6ver sig ind og ud af hinanden i en komplement\u00e6rrytmisk og polyfon helhed.<\/h2>\n<p><img loading=\"lazy\" class=\"alignnone size-large wp-image-149\" alt=\"Cold sweat tutti\" src=\"http:\/\/eportfolio.musikkons.dk\/wordpress\/bjoernpetersen\/files\/2014\/03\/Cold-sweat-tutti-785x355.jpg\" width=\"584\" height=\"264\" srcset=\"http:\/\/eportfolio.musikkons.dk\/wordpress\/bjoernpetersen\/files\/2014\/03\/Cold-sweat-tutti-785x355.jpg 785w, http:\/\/eportfolio.musikkons.dk\/wordpress\/bjoernpetersen\/files\/2014\/03\/Cold-sweat-tutti-300x135.jpg 300w, http:\/\/eportfolio.musikkons.dk\/wordpress\/bjoernpetersen\/files\/2014\/03\/Cold-sweat-tutti-500x226.jpg 500w, http:\/\/eportfolio.musikkons.dk\/wordpress\/bjoernpetersen\/files\/2014\/03\/Cold-sweat-tutti.jpg 916w\" sizes=\"(max-width: 584px) 85vw, 584px\" \/><\/p>\n<audio class=\"wp-audio-shortcode\" id=\"audio-134-4\" preload=\"none\" style=\"width: 100%;\" controls=\"controls\"><source type=\"audio\/mpeg\" src=\"http:\/\/eportfolio.musikkons.dk\/wordpress\/bjoernpetersen\/files\/2014\/03\/26-Cold-Sweat-Master.mp3?_=4\" \/><a href=\"http:\/\/eportfolio.musikkons.dk\/wordpress\/bjoernpetersen\/files\/2014\/03\/26-Cold-Sweat-Master.mp3\">http:\/\/eportfolio.musikkons.dk\/wordpress\/bjoernpetersen\/files\/2014\/03\/26-Cold-Sweat-Master.mp3<\/a><\/audio>\n<h2>Opgave<\/h2>\n<h2>Arranger et 4 takters groove for rytmegruppe med udgangspunkt i eksemplerne. Figurerne skal sammen udg\u00f8re et komplement\u00e6rrytmisk hele.<\/h2>\n<h2>Opgaven afleveres i Learn-IT under kurset Arrangement, BA 1 Rytmisk Opgave 3 komplement\u00e6rrytmisk groove.<\/h2>\n","protected":false},"excerpt":{"rendered":"<p>KOMPLEMENT\u00c6RRYTMIK\u00a0i rytmegruppen Arrangement for trommer, bas og guitar i soul-funkstil m. udgangspunkt i konkrete eksempler V. Bj\u00f8rn B\u00f8nne Petersen (Komplement\u00e6r: som p\u00e5 samme tid b\u00e5de kompletterer og udelukker hinanden. Ikke at forveksle med komplimentere) Get Up -James Brown &amp; The Famous Flames httpvh:\/\/youtu.be\/hcfVe4uMOHE Figurer \u2013 bas (Bernard Odum) Basstemmen er en 2-taktsfigur der bryder en &hellip; <a href=\"http:\/\/eportfolio.musikkons.dk\/wordpress\/bjoernpetersen\/arrangement-ba-2\/lektion-1-komplementaerrytmik\/\" class=\"more-link\">Continue reading<span class=\"screen-reader-text\"> &#8220;Komplement\u00e6rrytmik&#8221;<\/span><\/a><\/p>\n","protected":false},"author":10,"featured_media":0,"parent":131,"menu_order":0,"comment_status":"closed","ping_status":"closed","template":"","meta":[],"_links":{"self":[{"href":"http:\/\/eportfolio.musikkons.dk\/wordpress\/bjoernpetersen\/wp-json\/wp\/v2\/pages\/134"}],"collection":[{"href":"http:\/\/eportfolio.musikkons.dk\/wordpress\/bjoernpetersen\/wp-json\/wp\/v2\/pages"}],"about":[{"href":"http:\/\/eportfolio.musikkons.dk\/wordpress\/bjoernpetersen\/wp-json\/wp\/v2\/types\/page"}],"author":[{"embeddable":true,"href":"http:\/\/eportfolio.musikkons.dk\/wordpress\/bjoernpetersen\/wp-json\/wp\/v2\/users\/10"}],"replies":[{"embeddable":true,"href":"http:\/\/eportfolio.musikkons.dk\/wordpress\/bjoernpetersen\/wp-json\/wp\/v2\/comments?post=134"}],"version-history":[{"count":23,"href":"http:\/\/eportfolio.musikkons.dk\/wordpress\/bjoernpetersen\/wp-json\/wp\/v2\/pages\/134\/revisions"}],"predecessor-version":[{"id":283,"href":"http:\/\/eportfolio.musikkons.dk\/wordpress\/bjoernpetersen\/wp-json\/wp\/v2\/pages\/134\/revisions\/283"}],"up":[{"embeddable":true,"href":"http:\/\/eportfolio.musikkons.dk\/wordpress\/bjoernpetersen\/wp-json\/wp\/v2\/pages\/131"}],"wp:attachment":[{"href":"http:\/\/eportfolio.musikkons.dk\/wordpress\/bjoernpetersen\/wp-json\/wp\/v2\/media?parent=134"}],"curies":[{"name":"wp","href":"https:\/\/api.w.org\/{rel}","templated":true}]}}