{"id":164,"date":"2014-05-06T10:08:30","date_gmt":"2014-05-06T09:08:30","guid":{"rendered":"http:\/\/eportfolio.musikkons.dk\/wordpress\/bjoernpetersen\/?page_id=164"},"modified":"2019-06-06T15:51:04","modified_gmt":"2019-06-06T14:51:04","slug":"it-i-musikundervisningen","status":"publish","type":"page","link":"http:\/\/eportfolio.musikkons.dk\/wordpress\/bjoernpetersen\/it-i-musikundervisningen\/","title":{"rendered":"IT i musikundervisningen"},"content":{"rendered":"<p>Klik p\u00e5 dette link for at l\u00e6se om udviklingsprojektet IT-st\u00f8ttet musikundervisning.<br \/>\n<a href=\"http:\/\/eportfolio.musikkons.dk\/wordpress\/itimusikundervisningen\/\">http:\/\/eportfolio.musikkons.dk\/wordpress\/itimusikundervisningen\/<br \/>\n<\/a>Se her for at l\u00e6se en opsummering af aktiviteter og resultater.<br \/>\n<a href=\"http:\/\/eportfolio.musikkons.dk\/wordpress\/itimusikundervisningen\/opsummering\/\">http:\/\/eportfolio.musikkons.dk\/wordpress\/itimusikundervisningen\/opsummering \/<\/a><\/p>\n<p>Se interview med Bj\u00f8rn i forb. m. Konference om It og musikundervisning i danske musikskoler &#8211; 25.9.13\u00a0i Herning.<\/p>\n<p><iframe loading=\"lazy\" title=\"Bj&oslash;rn Petersen - 16 min\" src=\"https:\/\/player.vimeo.com\/video\/75497021?dnt=1&#038;app_id=122963\" width=\"840\" height=\"473\" frameborder=\"0\" allow=\"autoplay; fullscreen\" allowfullscreen><\/iframe><\/p>\n","protected":false},"excerpt":{"rendered":"<p>Klik p\u00e5 dette link for at l\u00e6se om udviklingsprojektet IT-st\u00f8ttet musikundervisning. http:\/\/eportfolio.musikkons.dk\/wordpress\/itimusikundervisningen\/ Se her for at l\u00e6se en opsummering af aktiviteter og resultater. http:\/\/eportfolio.musikkons.dk\/wordpress\/itimusikundervisningen\/opsummering \/ Se interview med Bj\u00f8rn i forb. m. Konference om It og musikundervisning i danske musikskoler &#8211; 25.9.13\u00a0i Herning.<\/p>\n","protected":false},"author":10,"featured_media":0,"parent":0,"menu_order":0,"comment_status":"closed","ping_status":"closed","template":"","meta":[],"_links":{"self":[{"href":"http:\/\/eportfolio.musikkons.dk\/wordpress\/bjoernpetersen\/wp-json\/wp\/v2\/pages\/164"}],"collection":[{"href":"http:\/\/eportfolio.musikkons.dk\/wordpress\/bjoernpetersen\/wp-json\/wp\/v2\/pages"}],"about":[{"href":"http:\/\/eportfolio.musikkons.dk\/wordpress\/bjoernpetersen\/wp-json\/wp\/v2\/types\/page"}],"author":[{"embeddable":true,"href":"http:\/\/eportfolio.musikkons.dk\/wordpress\/bjoernpetersen\/wp-json\/wp\/v2\/users\/10"}],"replies":[{"embeddable":true,"href":"http:\/\/eportfolio.musikkons.dk\/wordpress\/bjoernpetersen\/wp-json\/wp\/v2\/comments?post=164"}],"version-history":[{"count":17,"href":"http:\/\/eportfolio.musikkons.dk\/wordpress\/bjoernpetersen\/wp-json\/wp\/v2\/pages\/164\/revisions"}],"predecessor-version":[{"id":991,"href":"http:\/\/eportfolio.musikkons.dk\/wordpress\/bjoernpetersen\/wp-json\/wp\/v2\/pages\/164\/revisions\/991"}],"wp:attachment":[{"href":"http:\/\/eportfolio.musikkons.dk\/wordpress\/bjoernpetersen\/wp-json\/wp\/v2\/media?parent=164"}],"curies":[{"name":"wp","href":"https:\/\/api.w.org\/{rel}","templated":true}]}}