{"id":180,"date":"2014-05-06T10:38:40","date_gmt":"2014-05-06T09:38:40","guid":{"rendered":"http:\/\/eportfolio.musikkons.dk\/wordpress\/bjoernpetersen\/?page_id=180"},"modified":"2021-10-18T17:17:13","modified_gmt":"2021-10-18T16:17:13","slug":"cv","status":"publish","type":"page","link":"http:\/\/eportfolio.musikkons.dk\/wordpress\/bjoernpetersen\/cv\/","title":{"rendered":"CV"},"content":{"rendered":"<p><strong>CURRICULUM VITAE<br \/>\n<\/strong><strong>Bj\u00f8rn Petersen<br \/>\n<\/strong><strong>Personal data<br \/>\n<\/strong>Place of work: <a href=\"https:\/\/musicinthebrain.au.dk\/\">Center for Music in the Brain<\/a>, Aarhus University (MIB) and <a href=\"https:\/\/musikkons.dk\/\">Royal Academy of Music, Aarhus\/Aalborg<\/a> (RAMA)<br \/>\nMail: bpe@musikkons.dk\/bjorn.petersen@clin.au.dk<br \/>\nPhone: 45 27287919<\/p>\n<p><strong>Education<\/strong><\/p>\n<ul>\n<li>2011 &#8211; Ph.D in neuroscience, Faculty of Health Sciences, AU<\/li>\n<li>1982 &#8211; Master of Music, Royal Academy of Music, Aarhus<\/li>\n<li>1978 &#8211; BA in Music Pedagogics, Royal Academy of Music, Aarhus<\/li>\n<\/ul>\n<p><strong>Diplomas<\/strong><\/p>\n<ul>\n<li>2016 &#8211; Teacher Training Programme, Aarhus University<\/li>\n<li>2003 &#8211; Diploma in segments of Master of Arts study program, Aalborg University<\/li>\n<\/ul>\n<p><strong>Current position(s)<\/strong><\/p>\n<ul>\n<li>2016 &#8211; Assoc. professor at Center for Music in the Brain, Aarhus University (50 %)<\/li>\n<li>1991 &#8211; Assoc. professor at Royal Academy of Music, Aarhus\/Aalborg (since 2016: 50%)<\/li>\n<\/ul>\n<p><strong>Previous position(s)<\/strong><\/p>\n<ul>\n<li>2015-2016 Post-doc, Faculty of Health (HE), Institut for Klinisk Medicin<\/li>\n<li>2012-2013 Post-doc at CFIN, Aarhus University Hospital<\/li>\n<li>1980-2007 Lecturer at RAMA, AU (Arts), Academy of Music, Aalborg, Aarhus Musikskole, Vestbirk H\u00f8jskole a.m.<\/li>\n<\/ul>\n<p><strong>Publications (select)<\/strong><\/p>\n<ul>\n<li>Petersen, B., Friis Andersen, A.S., Trusbak Haumann, N., H\u00f8jlund, A., Dietz, M., Michel, F., Kamaric Riis, S., Brattico, E., Vuust, P. <a href=\"https:\/\/www.frontiersin.org\/articles\/10.3389\/fnins.2020.00002\/full\">The CI MuMuFe\u2013A New MMN Paradigm for Measuring Music Discrimination in Electric Hearing.<\/a> Frontiers in neuroscience 14, 2, 2020.<\/li>\n<li>N\u00e4\u00e4t\u00e4nen R, Petersen B, Torppa R, Lonka E, Vuust P. <a href=\"https:\/\/www.sciencedirect.com\/science\/article\/abs\/pii\/S0378595516306074?via%3Dihub\">The MMN as a viable and objective marker of auditory development in CI users.<\/a> Hearing Research, 2017.<\/li>\n<li>Petersen B, Weed E, Sandmann P, Brattico E, Hansen M, Derdau S, Vuust P (2015), <a href=\"https:\/\/www.frontiersin.org\/articles\/10.3389\/fnhum.2015.00007\/full\">Brain<\/a> <a href=\"https:\/\/www.frontiersin.org\/articles\/10.3389\/fnhum.2015.00007\/full\">Responses to Musical Feature Changes in Adolescent Cochlear Implant Users<\/a>, Frontiers in Human Neuroscience, Frontiers in Human Neuroscience<\/li>\n<li>Larsen, H. K., Heggli, O. A., &amp; Petersen, B. (2019). <a href=\"https:\/\/www.tandfonline.com\/doi\/abs\/10.1080\/09298215.2019.1657465?journalCode=nnmr20\">Marimba, mallet and mind\u2013enhancing the marimba sound by Ki-aikido approach.<\/a> Journal of New Music Research, 48(5), 469-478.<\/li>\n<li>Petersen, B, Hansen, M, Derdau, S, Ovesen, T, Vuust, P (2014), <a href=\"https:\/\/pure.au.dk\/portal\/files\/93828852\/461_468_Chapter_53_Aspects_of_music_with_cochlear_implants_Music_listening_habits_and_appreciation_in_Danish_cochlear_implant_users_BJ_RN_PETERSEN_MADS_HANSEN_STINE_DERDAU_S_RENSEN_THERESE_OVESEN.pdf\">Aspects of music with cochlear implants \u2013 Music listening habits and appreciation in Danish cochlear-implant users<\/a>, 4th symposium on Auditory and Audiological Research, Nyborg, The Danavox Jubilee Foundation<\/li>\n<li>Petersen, B., Gjedde, A., Wallentin, M., Vuust, P. (2013). <a href=\"https:\/\/www.hindawi.com\/journals\/np\/2013\/318521\/\">Cortical Plasticity after Cochlear Implantation<\/a>, Neural Plasticity<\/li>\n<li>Petersen, B., Mortensen, M. V., Hansen, M., &amp; Vuust, P. (2012). <a href=\"https:\/\/psycnet.apa.org\/record\/2013-01453-007\">Singing in the key of life: A study on effects of musical ear training after cochlear implantation.<\/a> Psychomusicology: Music, Mind and Brain<\/li>\n<li>Petersen, B., Hansen, R. H., Beyer, K., Mortensen, M. V., &amp; Vuust, P. (2011). Music for little digital ears &#8211; Music training with preschool children using cochlear implants. International Journal of Pediatric Otorhinolaryngology, 75 (Supplement 1), 66.<\/li>\n<li>Petersen, B., Mortensen, M. V., Gjedde, A., &amp; Vuust, P. (2009). <a href=\"https:\/\/nyaspubs.onlinelibrary.wiley.com\/doi\/abs\/10.1111\/j.1749-6632.2009.04796.x\">Reestablishing speech understanding through musical ear training after cochlear implantation: a study of the potential cortical plasticity in the brain.<\/a> Annals N. Acad.Sci., 1169, 437-440.<\/li>\n<\/ul>\n<p><strong>Oral and poster presentations (select)<\/strong><\/p>\n<ul>\n<li>July 2019, CI2019 Pediatric: 16th Symposium on Cochlear Implants in Children (2 oral pres.)<\/li>\n<li>September 2019, Oticon Medical Scientific Meeting: New Advances and Technology for Lifelong Patient Outcomes (oral pres.)<\/li>\n<li>June 2018, MMN 2018: The 8th Mismatch Negativity Conference, Helsinki, Finland (poster pres.)<\/li>\n<li>July 2017, 15th symposium on Cochlear Implants in children, San Francisco, USA (oral presentation)<\/li>\n<li>April 2017, EURO-CIU Symposium 2017, Helsinki, Finland (invited speaker)<\/li>\n<li>January 2017, Cochlear Nordic Symposium, 2017, Marina Tower, Stockholm, Sweden (invited speaker)<\/li>\n<li>October 2016, The Music &amp; Cochlear Implants Symposium, Eriksholm Research Center, Snekkersten, DK (invited speaker)<\/li>\n<li>May 2016, Danish Society of Otolaryngology, Head and Neck Surgery (DSOHH), 13th annual meeting, Nyborg (invited speaker)<\/li>\n<li>March 2016, Faglig Dag, symposium for Medical students, Aarhus University (invited speaker)<\/li>\n<li>October 2015, CI 2015: Emerging Issues in Cochlear Implantation Symposium, Washington DC<\/li>\n<li>September 2014, The European Cancer Rehabilitation &amp; Survivorship Symposium, Copenhagen<\/li>\n<li>June 2014, 13th International Conference on Cochlear Implants and Other Implantable Auditory Technologies, Munich<\/li>\n<li>May 2014, The Neurosciences and Music V &#8211; Cognitive Stimulation and Rehabilitation, Dijon<\/li>\n<li>May 2014, Congress of the Nordic Association of Otolaryngology, Copenhagen<\/li>\n<li>November 2013 5th annual meeting of the Society for the Neurobiology of Language, San Diego<\/li>\n<li>September, 2013, Danish Society for Clinical Neurophysiology (invited speaker)<\/li>\n<li>August, 2013, International Symposium on Auditory and Audiological Research (ISAAR), Nyborg<\/li>\n<li>May, 2013, XXVII Sandbjerg Symposium, Danish Society for Neuroscience<\/li>\n<li>March, 2013, Swedish Technical Audiological Union &#8211; Conference, Falun(invited speaker)<\/li>\n<li>March, 2013, Annual meeting, dept. of Audiology, Bispebjerg Hospital, (invited speaker).<\/li>\n<li>October, 2012, Brain Prize Meeting, Hindsgavl Castle<\/li>\n<li>September, 2012, Danish Association of Technical Audiology (DTAS), Annual Convention, Vejle (invited speaker)<\/li>\n<li>December, 2011, Julius Bomholt-seminar, the Research Committee of the Danish Ministry of Culture, Nationalmuseets Festsal (invited speaker)<\/li>\n<li>July, 2011, 13th Symposium on Cochlear Implants in Children, Chicago<\/li>\n<li>June, 2011, The Neurosciences and Music IV, Edinburg<\/li>\n<li>May, 2011, 10th European Symposium on Pediatric Cochlear Implantation, Athens<\/li>\n<li>July, 2010, 11th International Conference on Cochlear Implants and other Implantable Auditory Technologies, Stockholm<\/li>\n<li>August, 2009, International Conference on Music Perception and Cognition 11, Seattle<\/li>\n<\/ul>\n<p><strong>Publications<\/strong> (popular)<\/p>\n<ul>\n<li>MIB Annual reports: <a href=\"http:\/\/eportfolio.musikkons.dk\/wordpress\/bjoernpetersen\/files\/2021\/02\/Petersen_Music-in-the-lives-of-cochlear-implantees_MIB-annual-report-2019.pdf\">\u201cMusic in the Lives of Cochlear Implantees\u201d<\/a> (2019), <a href=\"http:\/\/eportfolio.musikkons.dk\/wordpress\/bjoernpetersen\/files\/2021\/02\/Petersen_We-can-work-it-out-MIB-annual-report-2018.pdf\">\u201cWe Can Work it Out\u201d<\/a> (2018), <a href=\"http:\/\/eportfolio.musikkons.dk\/wordpress\/bjoernpetersen\/files\/2021\/02\/Petersen_The-times-they-are-a-Changin_MIB-annual-report_2017.pdf\">\u201cThe Times They are A-changing\u201d<\/a> (2017),<a href=\"http:\/\/eportfolio.musikkons.dk\/wordpress\/bjoernpetersen\/files\/2021\/02\/Petersen_The-sound-of-silence_music_MIB-annual-report_2016.pdf\">\u201cThe Sound of <span style=\"text-decoration: line-through;\">Silence<\/span> Music\u201d<\/a> (2016).<\/li>\n<li>Center for Hearing disability Newsletter: \u201cMusical Ear Training with Cochlear Implantees\u201d<\/li>\n<li>CICS Newsletter <a href=\"usershttps:\/\/pure.au.dk\/admin\/files\/120257870\/Article_for_UK_Newsletter_print_full.pdf\">Musical Ear Training Through Active Music Making in Adolescent CI users<\/a><\/li>\n<li>CFIN Annual reports: \u201cMusic in the Deaf Adolescent Brain\u201d (2015), \u201dMusic in the (Deaf) Brain\u201d (2011)<\/li>\n<\/ul>\n<p><strong>Grants and Prizes<\/strong><\/p>\n<p>Oticon Medical, Health Research Fund of Central Denmark Region, The Henry Prize (CFIN), Danish Ministry of Culture\u2019s research committee, Petra og Niels Nielsens Mindefond, H\u00f8reforeningen, Augustinusfonden, Grosserer L. F. Foghts Fond, H\u00f8rslevfonden, Earmaster, Danaflex<\/p>\n<p><strong>Reviewer activity<\/strong><\/p>\n<ul>\n<li>International Journal of Pediatric Otorhinolaryngology<\/li>\n<li>Frontiers in Human Neuroscience<\/li>\n<li>Music Perception<\/li>\n<li>Plos One<\/li>\n<\/ul>\n<p><strong>Committee membership<\/strong><\/p>\n<ul>\n<li>2020, appointed member of the task force for the International Center for Knowledge in the Arts<\/li>\n<li>2013, appointed member of the Minister of Culture\u2019s Vision Panel for Research<\/li>\n<\/ul>\n<p><strong>Fundraising as R&amp;D coordinator (RAMA)<\/strong><\/p>\n<ul>\n<li>The Danish Ministry of Culture\u2019s Research Committee (2.3 mill. DKK), The Danish Ministry of Culture\u2019s Fund for artistic research (3 mill. DKK), Den Obelske Familiefond (1.8 mill. DKK), Augustinusfonden (1 mill. DKK), William Demant fonden (100K DKK).<\/li>\n<\/ul>\n<p><strong>Publicity<\/strong>:<\/p>\n<ul>\n<li>TV-syd, <a href=\"https:\/\/www.tvsyd.dk\/nyheder\/06-09-2017\/1930\/1930-06-sep-2017?clip=24422acc-bd73-4803-95af-20f98a41ddb9\">Musik og matematik bliver kombineret<\/a><\/li>\n<li>Jyllandsposten, Hemmeligt eksperiment med hjernen<\/li>\n<li>DR P4, \u00d8stjylland, Live eksperiment p\u00e5 SPOT<\/li>\n<li>Astra Naturvidenskabsfestival, Masseeksperimentet, 2016: <a href=\"https:\/\/musikkons.dk\/wp-content\/uploads\/2019\/11\/ME-resultatrapport-2016-V7.pdf\">Musik i hjernen<\/a> (rapport)<\/li>\n<li>TV2OJ, <a href=\"http:\/\/eportfolio.musikkons.dk\/wordpress\/bjoernpetersen\/radiotv\/\">\u201cIQ &#8211; Music and Brain Research\u201d<\/a><\/li>\n<li>DR P1, <a href=\"http:\/\/eportfolio.musikkons.dk\/wordpress\/bjoernpetersen\/radiotv\/\">\u201cFra sans og samling\u201d<\/a><\/li>\n<li>dk, <a href=\"http:\/\/eportfolio.musikkons.dk\/wordpress\/bjoernpetersen\/files\/2014\/11\/Petersen_Gramex-_-Fra-elektrisk-lyd-til-englesang.pdf\">\u201dFra elektrisk lyd til englesang\u201d<\/a><\/li>\n<li>Politiken, <a href=\"http:\/\/eportfolio.musikkons.dk\/wordpress\/bjoernpetersen\/files\/2015\/11\/BPE_Politiken_1.pdf\">\u201dMusik kan give h\u00f8reh\u00e6mmede mere gl\u00e6de af kunstig h\u00f8relse\u201d<\/a><\/li>\n<\/ul>\n<p><strong>Teaching and supervision<\/strong><\/p>\n<ul>\n<li>1985-2007: Band teaching, arrangement, music technology, bass teaching (practical pedagogy), BA- &amp; MA project supervision (RAMA).<\/li>\n<li>2007-: Course modules, supervision of PhD-, MA- &amp; research year projects (MIB and RAMA)<\/li>\n<li>Public lectures with Folkeuniversitetet: Vidensshop med hjernen (2015), Hjernens g\u00e5der (2016-17)<\/li>\n<\/ul>\n<p><strong>Organization of courses and conferences<\/strong><\/p>\n<ul>\n<li>2019-: Co-organizer of The Neurosciences and Music VII, Aarhus 2021 (Triannual conference in cooperation with The Mariani Foundation)<\/li>\n<li>2019-: Co-organizer of Aarhus Summer School in Music Neuroscience 2021<\/li>\n<li>2008-: Organizer of annual research courses at RAMA<\/li>\n<li><a href=\"https:\/\/musicinthebrain.au.dk\/fileadmin\/user_upload\/Introduction_to_Music_in_the_Brain_programme_2018_new.pdf\">Introduction to Music in the Brain<\/a> (2019), Experimental Musicology <a href=\"https:\/\/musicinthebrain.au.dk\/fileadmin\/user_upload\/Experimental_Musicology_Programme.pdf\">pt. 1 <\/a>&amp;<a href=\"https:\/\/musicinthebrain.au.dk\/fileadmin\/user_upload\/Experimental_Musicology_Part_2_Programme_all_info.pdf\"> pt. 2<\/a> (2016)<\/li>\n<li>Symposium on Music Learning and Brain Research, Aarhus Music Hall (2018)<\/li>\n<li>Symposium on Music in the Brain, SPOT Festival, 2016<\/li>\n<\/ul>\n<p><strong>Artistic research<\/strong><\/p>\n<ul>\n<li><a href=\"https:\/\/musikkons.dk\/det-laver-vi-ogsaa\/forskning-og-udvikling\/kunstnerisk-udvikling\/kuv-netvaerkets-aarbog-2018\/\">KUV-netv\u00e6rkets \u00e5rbog (editor)<\/a><\/li>\n<li><a href=\"https:\/\/musikkons.dk\/wp-content\/uploads\/2019\/11\/DJM_00_BP_KUV-p%C3%A5-DJM.pdf\">KUV p\u00e5 Det Jyske Musikkonservatorium<\/a><\/li>\n<li><a href=\"https:\/\/musikkons.dk\/wp-content\/uploads\/pdf\/Antologi-over-Kunstnerisk-udviklingsvirksomhed.pdf\">Antologi over kunstnerisk udviklingsvirksomhed p\u00e5 DJM<\/a><\/li>\n<li><a href=\"https:\/\/musikkons.dk\/wp-content\/uploads\/pdf\/KUV_Antologi_Arosian-Stew.pdf\">Arosian Stew<\/a><\/li>\n<\/ul>\n<p><strong>Performing activities<\/strong><\/p>\n<ul>\n<li>Bass player and backing singer with <a href=\"https:\/\/www.runeherholdt.dk\/gospel-brothers\">Rune Herholdt and the Gospel Brothers<\/a>,<a href=\"http:\/\/www.karstenholm.dk\/cash-i-kirken-2\/cash-i-kirken\/\"> CASH i Kirken<\/a>, <a href=\"http:\/\/www.karstenholm.dk\/cash-i-kirken-2\/cohen-i-kirken\/\">Cohen i kirken<\/a>, Peter Lunds Swing Trio, Jacob Elvstr\u00f8m Quartet, Claude Chichon et son Orchestre, Bachelor Boys, Chain Gang, The Pampers.<\/li>\n<li>Theater musician @ Aarhus Teater, Odense Teater, Aalborg Teater, Det Ny Teater, MCH, Vejle Musikteater, Fredericia Teater in the following musicals: Spamalot, Avenue Q, Chess, Jukebox, Et Juleeventyr, Godspell, A Chorus Line, City of Angels, Cyrano de Bergerac, Ronja R\u00f8verdatter, Piraterne fra Penzance, La Cage aux Folles, My Fair Lady, Sound of Music, Sommer i Tyrol, Kiss Me Kate, Three Penny Opera and many more.<\/li>\n<li>Played with Carsten Knudsen (De Nattergale), The Booze Brothers, Jesper Lundgaard, Jette Torp, Uffe Steen, Jesper Riis, Rasmus B\u00f8gelund, Finn Odderskov, Poul Poulsen, Kristian Lassen, Lene N\u00f8rrelykke, Martin Blom, Morten Lund, Hans Esbjerg, Anette Buonaventzen, Karsten Aaholm, Emir Bosnjak, Randers Kammerorkester, Odense Symfoniorkester, Eventyroperaen, Birthe Kj\u00e6r, Lisbeth Kj\u00e6rulff, Hans Dueholm, Morten \u00d8berg, Bent Lundgaard, Basix, Robin Watson, Michael Bladt, Morten Lund, Hans Esbjerg, Lars Wagner, S\u00f8ren Hansen, Ernas All Stars and many more.<\/li>\n<\/ul>\n<p><strong>Select albums:<\/strong><\/p>\n<ul>\n<li>Rune Herholdt &amp; the Gospel Brothers \u2013 \u201cPeople get Ready\u201d; Karsten Holm og Cohen-trioen \u2013 \u201cBack on Boogie Street\u201d; Karsten Holm og Cash-trioen \u2013 \u201cRing of Fire\u201d; Claude Chichon et son Orchestre \u2013 \u201cPrendre les Temps\u201d; Jacob Elvstr\u00f8m Quartet (JEQ) \u201cLive at Copenhagen Jazzhouse\u201d; Jacob Elvstr\u00f8m Quartet (JEQ) \u201cThe Party Aint Over Yet\u201d; Bachelor Boys: \u201cBachelor Boys\u201d.<\/li>\n<\/ul>\n<p>URL for web site: <a href=\"http:\/\/pure.au.dk\/portal\/da\/persons\/bjoern-petersen(f659916d-2c46-4493-a63d-105d78541fb9).html\">http:\/\/pure.au.dk\/portal\/da\/persons\/bjoern-petersen(f659916d-2c46-4493-a63d-105d78541fb9).html<\/a><\/p>\n","protected":false},"excerpt":{"rendered":"<p>CURRICULUM VITAE Bj\u00f8rn Petersen Personal data Place of work: Center for Music in the Brain, Aarhus University (MIB) and Royal Academy of Music, Aarhus\/Aalborg (RAMA) Mail: bpe@musikkons.dk\/bjorn.petersen@clin.au.dk Phone: 45 27287919 Education 2011 &#8211; Ph.D in neuroscience, Faculty of Health Sciences, AU 1982 &#8211; Master of Music, Royal Academy of Music, Aarhus 1978 &#8211; BA in &hellip; <a href=\"http:\/\/eportfolio.musikkons.dk\/wordpress\/bjoernpetersen\/cv\/\" class=\"more-link\">Continue reading<span class=\"screen-reader-text\"> &#8220;CV&#8221;<\/span><\/a><\/p>\n","protected":false},"author":10,"featured_media":0,"parent":0,"menu_order":5,"comment_status":"closed","ping_status":"closed","template":"","meta":[],"_links":{"self":[{"href":"http:\/\/eportfolio.musikkons.dk\/wordpress\/bjoernpetersen\/wp-json\/wp\/v2\/pages\/180"}],"collection":[{"href":"http:\/\/eportfolio.musikkons.dk\/wordpress\/bjoernpetersen\/wp-json\/wp\/v2\/pages"}],"about":[{"href":"http:\/\/eportfolio.musikkons.dk\/wordpress\/bjoernpetersen\/wp-json\/wp\/v2\/types\/page"}],"author":[{"embeddable":true,"href":"http:\/\/eportfolio.musikkons.dk\/wordpress\/bjoernpetersen\/wp-json\/wp\/v2\/users\/10"}],"replies":[{"embeddable":true,"href":"http:\/\/eportfolio.musikkons.dk\/wordpress\/bjoernpetersen\/wp-json\/wp\/v2\/comments?post=180"}],"version-history":[{"count":37,"href":"http:\/\/eportfolio.musikkons.dk\/wordpress\/bjoernpetersen\/wp-json\/wp\/v2\/pages\/180\/revisions"}],"predecessor-version":[{"id":1097,"href":"http:\/\/eportfolio.musikkons.dk\/wordpress\/bjoernpetersen\/wp-json\/wp\/v2\/pages\/180\/revisions\/1097"}],"wp:attachment":[{"href":"http:\/\/eportfolio.musikkons.dk\/wordpress\/bjoernpetersen\/wp-json\/wp\/v2\/media?parent=180"}],"curies":[{"name":"wp","href":"https:\/\/api.w.org\/{rel}","templated":true}]}}