{"id":195,"date":"2014-05-13T10:11:51","date_gmt":"2014-05-13T09:11:51","guid":{"rendered":"http:\/\/eportfolio.musikkons.dk\/wordpress\/bjoernpetersen\/?page_id=195"},"modified":"2021-03-20T18:49:45","modified_gmt":"2021-03-20T17:49:45","slug":"musik","status":"publish","type":"page","link":"http:\/\/eportfolio.musikkons.dk\/wordpress\/bjoernpetersen\/musik\/","title":{"rendered":"CD&#8217;er"},"content":{"rendered":"<h6>Bj\u00f8rn Petersen har medvirket p\u00e5 en lang r\u00e6kke indspilninger som bassist, korsanger og arrang\u00f8r. Her er links til nogle af CD&#8217;erne.<\/h6>\n<h6>1. Karsten Holm og Cohen-trioen &#8211; Back on Boogie Street. Dette er musikken som er del af en koncertfort\u00e6lling med titlen Cohen i Kirken, som turnerer i landets kirker. Under koncerten fort\u00e6lles historien om Leonard Cohen, hans liv, hans depressioner og sceneskr\u00e6k og is\u00e6r hans musik. CD&#8217;en er indspillet i Finland Studiet med Jacob Sch\u00f8dt Worm som tekniker og medproducer. Al musikken er arrangeret og produceret af orkesteret. Bj\u00f8rn medvirker p\u00e5 kontrabas, ukulelebas, harmonium, mundharpe og kor.<\/h6>\n<p><iframe loading=\"lazy\" src=\"https:\/\/open.spotify.com\/embed\/album\/3aLnpY1KiLEw3xHplz2n22\" width=\"300\" height=\"380\" frameborder=\"0\"><\/iframe><\/p>\n<h6>2. Rune Herholdt &amp; the Gospel Brothers &#8211; People get Ready.<br \/>\nCD&#8217;en er indspillet i Finland Studiet med Jacob Sch\u00f8dt Worm som tekniker og medproducer. Al musikken er arrangeret og produceret af orkesteret. G\u00e6stesolister p\u00e5 pladen er Uffe Steen, Lene N\u00f8rrelykke, Gregory Boyd, Johs N\u00f8rrelykke, Palle Hjorth, Lasse H\u00f8j Jakobsen\u00a0og Jacob Vendt. Bj\u00f8rn medvirker p\u00e5 kontrabas, elbas og kor.<\/h6>\n<p><iframe loading=\"lazy\" src=\"https:\/\/open.spotify.com\/embed\/album\/2aD2jlHPQZOL1LwF93lCHS\" width=\"300\" height=\"380\" frameborder=\"0\"><\/iframe><\/p>\n<h6>3. Karsten Holm og Cash trioen &#8211; Ring of Fire. Dette er musikken som er del af en koncertfort\u00e6lling med titlen Cash i Kirken, som turnerer i landets kirker. Under koncerten fort\u00e6lles historien om Johnny Cash, hans op- og nedture, hans \u00e6gteskaber og is\u00e6r hans musik. CD&#8217;en er indspillet i Finland Studiet med Jacob Sch\u00f8dt Worm som tekniker og medproducer. Al musikken er arrangeret og produceret af orkesteret. Bj\u00f8rn medvirker p\u00e5 kontrabas, H\u00f6fner-bas, j\u00f8deharpe, melodika og kor.<\/h6>\n<p><iframe loading=\"lazy\" src=\"https:\/\/open.spotify.com\/embed\/album\/71cWzBEFaOzvbYf21x7Hk4\" width=\"300\" height=\"380\" frameborder=\"0\"><\/iframe><\/p>\n<h6>4. Claude Chichon et son Orchestre &#8211; <em>Prendre les Temps<\/em><br \/>\nBj\u00f8rn spiller kontrabas p\u00e5 Claudes CD med egne sange p\u00e5 fransk fra 2008. Desuden har han skrevet bl\u00e6serarrangementer til 4 af sangene. Et v\u00e6ld af gode aarhusianske musikere medvirker ogs\u00e5, heriblandt Ulrik Bust, Rasmus B\u00f8gelund, Nikolaj B\u00f8gelund, Kristian Lassen m. fl.<\/h6>\n<p><iframe loading=\"lazy\" src=\"https:\/\/open.spotify.com\/embed\/album\/05qYT7EUyYw8XP8Y0lp2Sy\" width=\"300\" height=\"380\" frameborder=\"0\"><\/iframe><\/p>\n<h6>5. I 90&#8217;erne spillede jeg acid-jazz med <a href=\"http:\/\/www.jeq.dk\/\" target=\"_blank\" rel=\"noopener noreferrer\">Jacob Elvstr\u00f8m Quartet<\/a>\u00a0(JEQ). Inspirationen stammede fra <a href=\"http:\/\/da.wikipedia.org\/wiki\/Lou_Donaldson\" target=\"_blank\" rel=\"noopener noreferrer\">Lou Donaldson<\/a> og andre fra den den legendariske Soul-Jazz \u00e6ra. Dette er en liveindspilning fra Copenhagen Jazz House i 1995 udgivet som &#8220;Live at Copenhagen Jazzhouse&#8221;. <a href=\"http:\/\/www.elvstroem.com\/index.php\" target=\"_blank\" rel=\"noopener noreferrer\">Jakob Elvstr\u00f8m<\/a> spiller alt-sax og synger\/rapper m.m., Lars M\u00f8llenberg spiller trommer og synger kor, <a href=\"http:\/\/ulrik.spang-hanssen.dk\/\" target=\"_blank\" rel=\"noopener noreferrer\">Ulrik Spang-Hanssen<\/a> spiller Hammond B3 og synger kor og Bj\u00f8rn B\u00f8nne Petersen spiller el-bas og synger kor.<\/h6>\n<p><iframe loading=\"lazy\" src=\"https:\/\/open.spotify.com\/embed\/album\/0uGgm59Ck3L9PtwU9yqLLf\" width=\"300\" height=\"380\" frameborder=\"0\"><\/iframe><\/p>\n<h6>6. Dette er JEQs mini-CD fra 1997 <em>&#8220;Take Off&#8221;<\/em>. Seks funknumre alle skrevet af Jakob Elvstr\u00f8m og arrangeret af orkesteret.<\/h6>\n<p><iframe loading=\"lazy\" src=\"https:\/\/open.spotify.com\/embed\/album\/5YdkNjAj4DCaQ1Ny5HInki\" width=\"300\" height=\"380\" frameborder=\"0\"><\/iframe><\/p>\n<h6>7. Dette er JEQs sidste CD fra 2005 <em>&#8220;The Party Aint Over Yet&#8221;<\/em>. 11 svedige funknumre hvoraf 9 er skrevet af Jakob Elvstr\u00f8m og arrangeret af orkesteret.<\/h6>\n<p><iframe loading=\"lazy\" src=\"https:\/\/open.spotify.com\/embed\/album\/4ZTlRPfy8qxiS9zII4VYDC\" width=\"300\" height=\"380\" frameborder=\"0\"><\/iframe><\/p>\n<h6>8. I 80&#8217;erne spillede jeg med Bachelor Boys sammen med Lars Brinck (keyboards, kor), Svend Eeg (trommer, kor) og Karsten Holm (leadvokal). Vi indspillede CD&#8217;en &#8220;Bachelor Boys&#8221; optaget live p\u00e5 Fatter Eskil i Aarhus. Stilen var st\u00e6rkt inspireret af Rhthm&#8217;nblues genren med vokalgrupper som The Coasters som et af forbillederne. Masser af firstemmig sang. Christian Vuust spiller saxofon og Carsten Ingemann spiller guitar.<br \/>\n<iframe loading=\"lazy\" src=\"https:\/\/open.spotify.com\/embed\/artist\/3xkivNcbDyhyj9ynzaTKtO\" width=\"300\" height=\"380\" frameborder=\"0\"><\/iframe><\/h6>\n<h6>Jeg skrev en enkelt sang &#8220;It&#8217;s hard to say goodbye&#8221;, som kom med Karsten Holms solo-CD Memories are made of this. Ivan S\u00f8rensen fra Gnags var tilf\u00e6ldigvis i studiet da vi indspillede og han leverede en forrygende solo bare p\u00e5 \u00f8ret. Hvis ikke sangen er et mesterv\u00e6rk kan man h\u00f8re den alene for at nyde soloen.<\/h6>\n<p><iframe loading=\"lazy\" src=\"https:\/\/open.spotify.com\/embed\/track\/5pyZE7GP2yVcENexk7bIPO\" width=\"300\" height=\"380\" frameborder=\"0\"><\/iframe><\/p>\n<h6 style=\"text-align: left;\">8. I 2010 arbejdede jeg sammen med Carsten Knudsen og spillede en del jobs. Jeg medvirkede p\u00e5 hans album <a href=\"http:\/\/www.nattergale.dk\/disko_andre5.html\">P\u00e5 Vej Mod De H\u00f8je Tindinger<\/a>.<\/h6>\n<p><iframe loading=\"lazy\" src=\"https:\/\/open.spotify.com\/embed\/album\/581qnte6EZgIljyorgSPBW\" width=\"300\" height=\"380\" frameborder=\"0\"><\/iframe><\/p>\n<p>&nbsp;<\/p>\n","protected":false},"excerpt":{"rendered":"<p>Bj\u00f8rn Petersen har medvirket p\u00e5 en lang r\u00e6kke indspilninger som bassist, korsanger og arrang\u00f8r. Her er links til nogle af CD&#8217;erne. 1. Karsten Holm og Cohen-trioen &#8211; Back on Boogie Street. Dette er musikken som er del af en koncertfort\u00e6lling med titlen Cohen i Kirken, som turnerer i landets kirker. Under koncerten fort\u00e6lles historien om &hellip; <a href=\"http:\/\/eportfolio.musikkons.dk\/wordpress\/bjoernpetersen\/musik\/\" class=\"more-link\">Continue reading<span class=\"screen-reader-text\"> &#8220;CD&#8217;er&#8221;<\/span><\/a><\/p>\n","protected":false},"author":10,"featured_media":0,"parent":0,"menu_order":5,"comment_status":"closed","ping_status":"closed","template":"","meta":[],"_links":{"self":[{"href":"http:\/\/eportfolio.musikkons.dk\/wordpress\/bjoernpetersen\/wp-json\/wp\/v2\/pages\/195"}],"collection":[{"href":"http:\/\/eportfolio.musikkons.dk\/wordpress\/bjoernpetersen\/wp-json\/wp\/v2\/pages"}],"about":[{"href":"http:\/\/eportfolio.musikkons.dk\/wordpress\/bjoernpetersen\/wp-json\/wp\/v2\/types\/page"}],"author":[{"embeddable":true,"href":"http:\/\/eportfolio.musikkons.dk\/wordpress\/bjoernpetersen\/wp-json\/wp\/v2\/users\/10"}],"replies":[{"embeddable":true,"href":"http:\/\/eportfolio.musikkons.dk\/wordpress\/bjoernpetersen\/wp-json\/wp\/v2\/comments?post=195"}],"version-history":[{"count":85,"href":"http:\/\/eportfolio.musikkons.dk\/wordpress\/bjoernpetersen\/wp-json\/wp\/v2\/pages\/195\/revisions"}],"predecessor-version":[{"id":1088,"href":"http:\/\/eportfolio.musikkons.dk\/wordpress\/bjoernpetersen\/wp-json\/wp\/v2\/pages\/195\/revisions\/1088"}],"wp:attachment":[{"href":"http:\/\/eportfolio.musikkons.dk\/wordpress\/bjoernpetersen\/wp-json\/wp\/v2\/media?parent=195"}],"curies":[{"name":"wp","href":"https:\/\/api.w.org\/{rel}","templated":true}]}}