{"id":427,"date":"2015-11-02T15:41:03","date_gmt":"2015-11-02T14:41:03","guid":{"rendered":"http:\/\/eportfolio.musikkons.dk\/wordpress\/bjoernpetersen\/?page_id=427"},"modified":"2021-03-15T15:27:46","modified_gmt":"2021-03-15T14:27:46","slug":"forskning","status":"publish","type":"page","link":"http:\/\/eportfolio.musikkons.dk\/wordpress\/bjoernpetersen\/forskning\/","title":{"rendered":"FORSKNING"},"content":{"rendered":"<p><strong>Bj\u00f8rn Petersen er lektor v. Det Jyske Musikkonservatorium og adjunkt v. Center for Music in the Brain. Hans prim\u00e6re forskningsfelt\u00a0har fokus p\u00e5 den mulige effekt af musikalsk h\u00f8retr\u00e6ning p\u00e5 cochlear implanteredes opfattelse af og gl\u00e6de ved musik.\u00a0<\/strong><\/p>\n<p><strong>Dette er beskrevet i en r\u00e6kke artikler som du kan l\u00e6se om<a href=\"http:\/\/eportfolio.musikkons.dk\/wordpress\/bjoernpetersen\/artikler-2\/\"> her.<\/a><br \/>\nHvis du vil l\u00e6se abstracts til de forskellige artikler finder du dem <a href=\"http:\/\/eportfolio.musikkons.dk\/wordpress\/bjoernpetersen\/artikler\/\">her.<\/a><\/strong><\/p>\n<p>&nbsp;<\/p>\n","protected":false},"excerpt":{"rendered":"<p>Bj\u00f8rn Petersen er lektor v. Det Jyske Musikkonservatorium og adjunkt v. Center for Music in the Brain. Hans prim\u00e6re forskningsfelt\u00a0har fokus p\u00e5 den mulige effekt af musikalsk h\u00f8retr\u00e6ning p\u00e5 cochlear implanteredes opfattelse af og gl\u00e6de ved musik.\u00a0 Dette er beskrevet i en r\u00e6kke artikler som du kan l\u00e6se om her. Hvis du vil l\u00e6se abstracts &hellip; <a href=\"http:\/\/eportfolio.musikkons.dk\/wordpress\/bjoernpetersen\/forskning\/\" class=\"more-link\">Continue reading<span class=\"screen-reader-text\"> &#8220;FORSKNING&#8221;<\/span><\/a><\/p>\n","protected":false},"author":10,"featured_media":0,"parent":0,"menu_order":0,"comment_status":"closed","ping_status":"closed","template":"","meta":[],"_links":{"self":[{"href":"http:\/\/eportfolio.musikkons.dk\/wordpress\/bjoernpetersen\/wp-json\/wp\/v2\/pages\/427"}],"collection":[{"href":"http:\/\/eportfolio.musikkons.dk\/wordpress\/bjoernpetersen\/wp-json\/wp\/v2\/pages"}],"about":[{"href":"http:\/\/eportfolio.musikkons.dk\/wordpress\/bjoernpetersen\/wp-json\/wp\/v2\/types\/page"}],"author":[{"embeddable":true,"href":"http:\/\/eportfolio.musikkons.dk\/wordpress\/bjoernpetersen\/wp-json\/wp\/v2\/users\/10"}],"replies":[{"embeddable":true,"href":"http:\/\/eportfolio.musikkons.dk\/wordpress\/bjoernpetersen\/wp-json\/wp\/v2\/comments?post=427"}],"version-history":[{"count":15,"href":"http:\/\/eportfolio.musikkons.dk\/wordpress\/bjoernpetersen\/wp-json\/wp\/v2\/pages\/427\/revisions"}],"predecessor-version":[{"id":1062,"href":"http:\/\/eportfolio.musikkons.dk\/wordpress\/bjoernpetersen\/wp-json\/wp\/v2\/pages\/427\/revisions\/1062"}],"wp:attachment":[{"href":"http:\/\/eportfolio.musikkons.dk\/wordpress\/bjoernpetersen\/wp-json\/wp\/v2\/media?parent=427"}],"curies":[{"name":"wp","href":"https:\/\/api.w.org\/{rel}","templated":true}]}}