{"id":448,"date":"2015-11-02T16:36:47","date_gmt":"2015-11-02T15:36:47","guid":{"rendered":"http:\/\/eportfolio.musikkons.dk\/wordpress\/bjoernpetersen\/?page_id=448"},"modified":"2015-11-16T17:29:31","modified_gmt":"2015-11-16T16:29:31","slug":"paedagogisk-udvikling","status":"publish","type":"page","link":"http:\/\/eportfolio.musikkons.dk\/wordpress\/bjoernpetersen\/paedagogisk-udvikling\/","title":{"rendered":"P\u00c6DAGOGISK UDVIKLING"},"content":{"rendered":"<p>Bj\u00f8rn Petersen har en mange\u00e5rig p\u00e6dagogisk praksis med undervisning p\u00e5 musikkonservatorium, h\u00f8jskole, musikskole, universitet m.m. Bj\u00f8rns fag har omfattet: Rytmisk sammenspilsledelse, arrangement, rotation, basp\u00e6dagogik\/metodik og musikteknologi.<\/p>\n<ul>\n<li>I forbindelse med sin undervisning i sammenspilsledelse og arrangement p\u00e5 RM-uddannelsen udviklede han en r\u00e6kke kompendier med indf\u00f8ring i specifikke arrangementsteknikker. Se disse p\u00e5 <a href=\"http:\/\/eportfolio.musikkons.dk\/wordpress\/bjoernpetersen\/arrangementskompendier\/\">denne side<\/a>.<\/li>\n<li>I forbindelse med sin undervisning i rotation udviklede Bj\u00f8rn en r\u00e6kke arrangementer til sammenspil p\u00e5 biinstrumenter. Se disse og to mindre kompendier om Mini-barr\u00e9 og Elbas p\u00e5 <a href=\"http:\/\/eportfolio.musikkons.dk\/wordpress\/bjoernpetersen\/rotation\/\">denne side.<\/a><\/li>\n<li>I forbindelse med undervisningen i musikteknologi har Bj\u00f8rn udviklet et kursus i nodeskrivning med Sibelius og i musikproduktion med Cubase. Se<a href=\"http:\/\/eportfolio.musikkons.dk\/wordpress\/bjoernpetersen\/musikteknologi\/\"> vejledninger p\u00e5 denne side.<\/a><\/li>\n<li>I forbindelse med undervisningen i portfoliometode i entrepren\u00f8rskabsfaget har Bj\u00f8rn udviklet en vejledning i ops\u00e6tning og brug af WEB-v\u00e6rkt\u00f8jet WordPress p\u00e5 engelsk. Se denne p\u00e5 <a href=\"http:\/\/eportfolio.musikkons.dk\/wordpress\/bjoernpetersen\/wordpress\/\">denne side.<\/a><\/li>\n<\/ul>\n","protected":false},"excerpt":{"rendered":"<p>Bj\u00f8rn Petersen har en mange\u00e5rig p\u00e6dagogisk praksis med undervisning p\u00e5 musikkonservatorium, h\u00f8jskole, musikskole, universitet m.m. Bj\u00f8rns fag har omfattet: Rytmisk sammenspilsledelse, arrangement, rotation, basp\u00e6dagogik\/metodik og musikteknologi. I forbindelse med sin undervisning i sammenspilsledelse og arrangement p\u00e5 RM-uddannelsen udviklede han en r\u00e6kke kompendier med indf\u00f8ring i specifikke arrangementsteknikker. Se disse p\u00e5 denne side. I forbindelse med &hellip; <a href=\"http:\/\/eportfolio.musikkons.dk\/wordpress\/bjoernpetersen\/paedagogisk-udvikling\/\" class=\"more-link\">Continue reading<span class=\"screen-reader-text\"> &#8220;P\u00c6DAGOGISK UDVIKLING&#8221;<\/span><\/a><\/p>\n","protected":false},"author":10,"featured_media":0,"parent":0,"menu_order":0,"comment_status":"closed","ping_status":"closed","template":"","meta":[],"_links":{"self":[{"href":"http:\/\/eportfolio.musikkons.dk\/wordpress\/bjoernpetersen\/wp-json\/wp\/v2\/pages\/448"}],"collection":[{"href":"http:\/\/eportfolio.musikkons.dk\/wordpress\/bjoernpetersen\/wp-json\/wp\/v2\/pages"}],"about":[{"href":"http:\/\/eportfolio.musikkons.dk\/wordpress\/bjoernpetersen\/wp-json\/wp\/v2\/types\/page"}],"author":[{"embeddable":true,"href":"http:\/\/eportfolio.musikkons.dk\/wordpress\/bjoernpetersen\/wp-json\/wp\/v2\/users\/10"}],"replies":[{"embeddable":true,"href":"http:\/\/eportfolio.musikkons.dk\/wordpress\/bjoernpetersen\/wp-json\/wp\/v2\/comments?post=448"}],"version-history":[{"count":11,"href":"http:\/\/eportfolio.musikkons.dk\/wordpress\/bjoernpetersen\/wp-json\/wp\/v2\/pages\/448\/revisions"}],"predecessor-version":[{"id":786,"href":"http:\/\/eportfolio.musikkons.dk\/wordpress\/bjoernpetersen\/wp-json\/wp\/v2\/pages\/448\/revisions\/786"}],"wp:attachment":[{"href":"http:\/\/eportfolio.musikkons.dk\/wordpress\/bjoernpetersen\/wp-json\/wp\/v2\/media?parent=448"}],"curies":[{"name":"wp","href":"https:\/\/api.w.org\/{rel}","templated":true}]}}