{"id":510,"date":"2015-11-02T20:41:34","date_gmt":"2015-11-02T19:41:34","guid":{"rendered":"http:\/\/eportfolio.musikkons.dk\/wordpress\/bjoernpetersen\/?page_id=510"},"modified":"2021-03-15T15:32:57","modified_gmt":"2021-03-15T14:32:57","slug":"arrangementskompendier","status":"publish","type":"page","link":"http:\/\/eportfolio.musikkons.dk\/wordpress\/bjoernpetersen\/arrangementskompendier\/","title":{"rendered":"Arrangementskompendier"},"content":{"rendered":"<p>Her finder du Bj\u00f8rns arrangementskompendier. Kompendierne er alle udviklet i forb. m. undervisningen i sammenspilsledelse m. arrangement p\u00e5 RM- og AM-uddannelserne i 1990&#8217;erne. Selv om indholdet som s\u00e5dan er tidl\u00f8st, er det klart at b\u00e5de eksempler og opgaver refererer til klassiske, traditionelle v\u00e6rker. Formidlingsformen er delvist opdateret, men hvis brugt i dag ville kompendierne v\u00e6re oplagte emner for e-l\u00e6ring i form af video og web-platform.<\/p>\n<p><strong><a href=\"http:\/\/eportfolio.musikkons.dk\/wordpress\/bjoernpetersen\/funk-soul-blaeserarrangement\/\">Funk-, soul-bl\u00e6serarrangement.<br \/>\n<\/a><\/strong>Kompendiet er en indf\u00f8ring i arrangement for bl\u00e6sere I soulk-funk-stil m. udgangspunkt I konkrete eksempler.<\/p>\n<p><strong><a href=\"http:\/\/eportfolio.musikkons.dk\/wordpress\/bjoernpetersen\/rock-soul-funk-arrangement\/\">Rock-, soul-, funk-arrangement.<\/a><\/strong><br \/>\nKompendiet gennemg\u00e5r arrangement for rytmegruppe i forskellige rytmiske stilarter med s\u00e6rlig fokus p\u00e5 komplement\u00e6rrytmik.<\/p>\n<p><strong><a href=\"http:\/\/eportfolio.musikkons.dk\/wordpress\/bjoernpetersen\/pop-rock-soulkor\/\" target=\"_blank\" rel=\"noopener noreferrer\">Pop-, rock-, soulkor.<\/a><br \/>\n<\/strong>Kompendiet giver en grundl\u00e6ggende indf\u00f8ring i vokale arrangementsteknikker som, flydekor, 2.-stemme, call-response og tre-stemmig parallel.<\/p>\n","protected":false},"excerpt":{"rendered":"<p>Her finder du Bj\u00f8rns arrangementskompendier. Kompendierne er alle udviklet i forb. m. undervisningen i sammenspilsledelse m. arrangement p\u00e5 RM- og AM-uddannelserne i 1990&#8217;erne. Selv om indholdet som s\u00e5dan er tidl\u00f8st, er det klart at b\u00e5de eksempler og opgaver refererer til klassiske, traditionelle v\u00e6rker. Formidlingsformen er delvist opdateret, men hvis brugt i dag ville kompendierne v\u00e6re &hellip; <a href=\"http:\/\/eportfolio.musikkons.dk\/wordpress\/bjoernpetersen\/arrangementskompendier\/\" class=\"more-link\">Continue reading<span class=\"screen-reader-text\"> &#8220;Arrangementskompendier&#8221;<\/span><\/a><\/p>\n","protected":false},"author":10,"featured_media":0,"parent":0,"menu_order":0,"comment_status":"closed","ping_status":"closed","template":"","meta":[],"_links":{"self":[{"href":"http:\/\/eportfolio.musikkons.dk\/wordpress\/bjoernpetersen\/wp-json\/wp\/v2\/pages\/510"}],"collection":[{"href":"http:\/\/eportfolio.musikkons.dk\/wordpress\/bjoernpetersen\/wp-json\/wp\/v2\/pages"}],"about":[{"href":"http:\/\/eportfolio.musikkons.dk\/wordpress\/bjoernpetersen\/wp-json\/wp\/v2\/types\/page"}],"author":[{"embeddable":true,"href":"http:\/\/eportfolio.musikkons.dk\/wordpress\/bjoernpetersen\/wp-json\/wp\/v2\/users\/10"}],"replies":[{"embeddable":true,"href":"http:\/\/eportfolio.musikkons.dk\/wordpress\/bjoernpetersen\/wp-json\/wp\/v2\/comments?post=510"}],"version-history":[{"count":8,"href":"http:\/\/eportfolio.musikkons.dk\/wordpress\/bjoernpetersen\/wp-json\/wp\/v2\/pages\/510\/revisions"}],"predecessor-version":[{"id":1063,"href":"http:\/\/eportfolio.musikkons.dk\/wordpress\/bjoernpetersen\/wp-json\/wp\/v2\/pages\/510\/revisions\/1063"}],"wp:attachment":[{"href":"http:\/\/eportfolio.musikkons.dk\/wordpress\/bjoernpetersen\/wp-json\/wp\/v2\/media?parent=510"}],"curies":[{"name":"wp","href":"https:\/\/api.w.org\/{rel}","templated":true}]}}