{"id":550,"date":"2015-11-03T11:31:30","date_gmt":"2015-11-03T10:31:30","guid":{"rendered":"http:\/\/eportfolio.musikkons.dk\/wordpress\/bjoernpetersen\/?page_id=550"},"modified":"2019-09-05T09:58:41","modified_gmt":"2019-09-05T08:58:41","slug":"rotation","status":"publish","type":"page","link":"http:\/\/eportfolio.musikkons.dk\/wordpress\/bjoernpetersen\/rotation\/","title":{"rendered":"Rotation"},"content":{"rendered":"<p>Her finder du kompendier om<\/p>\n<ol>\n<li>Mini barr\u00e9 greb til brug for element\u00e6r rytmeguitar<\/li>\n<li>Baskursus &#8211; indf\u00f8ring i grundl\u00e6ggende basspil med udgangspunkt i konkrete klassiske rock- popnumre<\/li>\n<\/ol>\n<p><a href=\"http:\/\/eportfolio.musikkons.dk\/wordpress\/bjoernpetersen\/files\/2015\/11\/Mini_barre.pdf\">Mini_barre<\/a><\/p>\n<p><a href=\"http:\/\/eportfolio.musikkons.dk\/wordpress\/bjoernpetersen\/files\/2015\/11\/Baskursus.pdf\">Baskursus<\/a><\/p>\n<p>&nbsp;<\/p>\n<p>&nbsp;<\/p>\n","protected":false},"excerpt":{"rendered":"<p>Her finder du kompendier om Mini barr\u00e9 greb til brug for element\u00e6r rytmeguitar Baskursus &#8211; indf\u00f8ring i grundl\u00e6ggende basspil med udgangspunkt i konkrete klassiske rock- popnumre Mini_barre Baskursus &nbsp; &nbsp;<\/p>\n","protected":false},"author":10,"featured_media":0,"parent":0,"menu_order":0,"comment_status":"closed","ping_status":"closed","template":"","meta":[],"_links":{"self":[{"href":"http:\/\/eportfolio.musikkons.dk\/wordpress\/bjoernpetersen\/wp-json\/wp\/v2\/pages\/550"}],"collection":[{"href":"http:\/\/eportfolio.musikkons.dk\/wordpress\/bjoernpetersen\/wp-json\/wp\/v2\/pages"}],"about":[{"href":"http:\/\/eportfolio.musikkons.dk\/wordpress\/bjoernpetersen\/wp-json\/wp\/v2\/types\/page"}],"author":[{"embeddable":true,"href":"http:\/\/eportfolio.musikkons.dk\/wordpress\/bjoernpetersen\/wp-json\/wp\/v2\/users\/10"}],"replies":[{"embeddable":true,"href":"http:\/\/eportfolio.musikkons.dk\/wordpress\/bjoernpetersen\/wp-json\/wp\/v2\/comments?post=550"}],"version-history":[{"count":9,"href":"http:\/\/eportfolio.musikkons.dk\/wordpress\/bjoernpetersen\/wp-json\/wp\/v2\/pages\/550\/revisions"}],"predecessor-version":[{"id":1003,"href":"http:\/\/eportfolio.musikkons.dk\/wordpress\/bjoernpetersen\/wp-json\/wp\/v2\/pages\/550\/revisions\/1003"}],"wp:attachment":[{"href":"http:\/\/eportfolio.musikkons.dk\/wordpress\/bjoernpetersen\/wp-json\/wp\/v2\/media?parent=550"}],"curies":[{"name":"wp","href":"https:\/\/api.w.org\/{rel}","templated":true}]}}