{"id":566,"date":"2015-11-03T15:06:15","date_gmt":"2015-11-03T14:06:15","guid":{"rendered":"http:\/\/eportfolio.musikkons.dk\/wordpress\/bjoernpetersen\/?page_id=566"},"modified":"2015-11-03T15:35:51","modified_gmt":"2015-11-03T14:35:51","slug":"musikteknologi","status":"publish","type":"page","link":"http:\/\/eportfolio.musikkons.dk\/wordpress\/bjoernpetersen\/musikteknologi\/","title":{"rendered":"Musikteknologi"},"content":{"rendered":"<p>I en \u00e5rr\u00e6kke har Bj\u00f8rn Petersen varetaget undervisningen i musikteknologi\/IT og musik p\u00e5 DJMs rytmiske uddannelser.<\/p>\n<p>Faget er et grundkursus som afvikles i to moduler midt p\u00e5 f\u00f8rste \u00e5r.\u00a0Kurset afvikles p\u00e5 hold og er baseret p\u00e5 trykte vejledninger og opgaver\u00a0som hentes\/uploades p\u00e5 DJMs Moodle platform.<\/p>\n<p>Der er to hovedelementer i kurset: Nodeskrivning og Lydproduktion.<\/p>\n<p>Se\u00a0vejledningen til Nodeskrivningekurset <a href=\"http:\/\/eportfolio.musikkons.dk\/wordpress\/bjoernpetersen\/nodeskrivning-med-sibelius\/\">her<\/a>.<\/p>\n<p>Se vejledningen til lydproduktionskurset <a href=\"http:\/\/eportfolio.musikkons.dk\/wordpress\/bjoernpetersen\/musikteknologiske-vaerktojer\/\">her<\/a>.<\/p>\n<p>Se introduktion til computer og lyd <a href=\"http:\/\/eportfolio.musikkons.dk\/wordpress\/bjoernpetersen\/computer-og-lyd\/\">her<\/a>.<\/p>\n<p>&nbsp;<\/p>\n","protected":false},"excerpt":{"rendered":"<p>I en \u00e5rr\u00e6kke har Bj\u00f8rn Petersen varetaget undervisningen i musikteknologi\/IT og musik p\u00e5 DJMs rytmiske uddannelser. Faget er et grundkursus som afvikles i to moduler midt p\u00e5 f\u00f8rste \u00e5r.\u00a0Kurset afvikles p\u00e5 hold og er baseret p\u00e5 trykte vejledninger og opgaver\u00a0som hentes\/uploades p\u00e5 DJMs Moodle platform. Der er to hovedelementer i kurset: Nodeskrivning og Lydproduktion. Se\u00a0vejledningen &hellip; <a href=\"http:\/\/eportfolio.musikkons.dk\/wordpress\/bjoernpetersen\/musikteknologi\/\" class=\"more-link\">Continue reading<span class=\"screen-reader-text\"> &#8220;Musikteknologi&#8221;<\/span><\/a><\/p>\n","protected":false},"author":10,"featured_media":0,"parent":0,"menu_order":0,"comment_status":"closed","ping_status":"closed","template":"","meta":[],"_links":{"self":[{"href":"http:\/\/eportfolio.musikkons.dk\/wordpress\/bjoernpetersen\/wp-json\/wp\/v2\/pages\/566"}],"collection":[{"href":"http:\/\/eportfolio.musikkons.dk\/wordpress\/bjoernpetersen\/wp-json\/wp\/v2\/pages"}],"about":[{"href":"http:\/\/eportfolio.musikkons.dk\/wordpress\/bjoernpetersen\/wp-json\/wp\/v2\/types\/page"}],"author":[{"embeddable":true,"href":"http:\/\/eportfolio.musikkons.dk\/wordpress\/bjoernpetersen\/wp-json\/wp\/v2\/users\/10"}],"replies":[{"embeddable":true,"href":"http:\/\/eportfolio.musikkons.dk\/wordpress\/bjoernpetersen\/wp-json\/wp\/v2\/comments?post=566"}],"version-history":[{"count":5,"href":"http:\/\/eportfolio.musikkons.dk\/wordpress\/bjoernpetersen\/wp-json\/wp\/v2\/pages\/566\/revisions"}],"predecessor-version":[{"id":584,"href":"http:\/\/eportfolio.musikkons.dk\/wordpress\/bjoernpetersen\/wp-json\/wp\/v2\/pages\/566\/revisions\/584"}],"wp:attachment":[{"href":"http:\/\/eportfolio.musikkons.dk\/wordpress\/bjoernpetersen\/wp-json\/wp\/v2\/media?parent=566"}],"curies":[{"name":"wp","href":"https:\/\/api.w.org\/{rel}","templated":true}]}}