{"id":571,"date":"2015-11-03T15:29:11","date_gmt":"2015-11-03T14:29:11","guid":{"rendered":"http:\/\/eportfolio.musikkons.dk\/wordpress\/bjoernpetersen\/?page_id=571"},"modified":"2019-09-05T09:59:26","modified_gmt":"2019-09-05T08:59:26","slug":"nodeskrivning-med-sibelius","status":"publish","type":"page","link":"http:\/\/eportfolio.musikkons.dk\/wordpress\/bjoernpetersen\/nodeskrivning-med-sibelius\/","title":{"rendered":"Nodeskrivning med Sibelius"},"content":{"rendered":"<p>Her finder du vejeldningen til kurset Nodeskrivning med Sibelius.<br \/>\nTil kurset h\u00f8rer en r\u00e6kke forl\u00e6g som af hensyn til ophavsret ikke er tilg\u00e6ngelige.<\/p>\n<p><a href=\"http:\/\/eportfolio.musikkons.dk\/wordpress\/bjoernpetersen\/files\/2015\/11\/Nodeskrivning-med-Sibelius-7.5-vejledning.pdf\">Nodeskrivning med Sibelius<\/a><\/p>\n","protected":false},"excerpt":{"rendered":"<p>Her finder du vejeldningen til kurset Nodeskrivning med Sibelius. Til kurset h\u00f8rer en r\u00e6kke forl\u00e6g som af hensyn til ophavsret ikke er tilg\u00e6ngelige. Nodeskrivning med Sibelius<\/p>\n","protected":false},"author":10,"featured_media":0,"parent":0,"menu_order":0,"comment_status":"closed","ping_status":"closed","template":"","meta":[],"_links":{"self":[{"href":"http:\/\/eportfolio.musikkons.dk\/wordpress\/bjoernpetersen\/wp-json\/wp\/v2\/pages\/571"}],"collection":[{"href":"http:\/\/eportfolio.musikkons.dk\/wordpress\/bjoernpetersen\/wp-json\/wp\/v2\/pages"}],"about":[{"href":"http:\/\/eportfolio.musikkons.dk\/wordpress\/bjoernpetersen\/wp-json\/wp\/v2\/types\/page"}],"author":[{"embeddable":true,"href":"http:\/\/eportfolio.musikkons.dk\/wordpress\/bjoernpetersen\/wp-json\/wp\/v2\/users\/10"}],"replies":[{"embeddable":true,"href":"http:\/\/eportfolio.musikkons.dk\/wordpress\/bjoernpetersen\/wp-json\/wp\/v2\/comments?post=571"}],"version-history":[{"count":2,"href":"http:\/\/eportfolio.musikkons.dk\/wordpress\/bjoernpetersen\/wp-json\/wp\/v2\/pages\/571\/revisions"}],"predecessor-version":[{"id":1004,"href":"http:\/\/eportfolio.musikkons.dk\/wordpress\/bjoernpetersen\/wp-json\/wp\/v2\/pages\/571\/revisions\/1004"}],"wp:attachment":[{"href":"http:\/\/eportfolio.musikkons.dk\/wordpress\/bjoernpetersen\/wp-json\/wp\/v2\/media?parent=571"}],"curies":[{"name":"wp","href":"https:\/\/api.w.org\/{rel}","templated":true}]}}