{"id":574,"date":"2015-11-03T15:32:04","date_gmt":"2015-11-03T14:32:04","guid":{"rendered":"http:\/\/eportfolio.musikkons.dk\/wordpress\/bjoernpetersen\/?page_id=574"},"modified":"2019-09-05T10:00:07","modified_gmt":"2019-09-05T09:00:07","slug":"musikteknologiske-vaerktojer","status":"publish","type":"page","link":"http:\/\/eportfolio.musikkons.dk\/wordpress\/bjoernpetersen\/musikteknologiske-vaerktojer\/","title":{"rendered":"Musikteknologiske v\u00e6rkt\u00f8jer"},"content":{"rendered":"<p>Her finder du vejledningen til kurset Musikteknologiske v\u00e6rkt\u00f8jer.<\/p>\n<p><a href=\"http:\/\/eportfolio.musikkons.dk\/wordpress\/bjoernpetersen\/files\/2015\/11\/Musikteknologiske-v\u00e6rkt\u00f8jer_2015.pdf\">Musikteknologiske v\u00e6rkt\u00f8jer<\/a><\/p>\n","protected":false},"excerpt":{"rendered":"<p>Her finder du vejledningen til kurset Musikteknologiske v\u00e6rkt\u00f8jer. Musikteknologiske v\u00e6rkt\u00f8jer<\/p>\n","protected":false},"author":10,"featured_media":0,"parent":0,"menu_order":0,"comment_status":"closed","ping_status":"closed","template":"","meta":[],"_links":{"self":[{"href":"http:\/\/eportfolio.musikkons.dk\/wordpress\/bjoernpetersen\/wp-json\/wp\/v2\/pages\/574"}],"collection":[{"href":"http:\/\/eportfolio.musikkons.dk\/wordpress\/bjoernpetersen\/wp-json\/wp\/v2\/pages"}],"about":[{"href":"http:\/\/eportfolio.musikkons.dk\/wordpress\/bjoernpetersen\/wp-json\/wp\/v2\/types\/page"}],"author":[{"embeddable":true,"href":"http:\/\/eportfolio.musikkons.dk\/wordpress\/bjoernpetersen\/wp-json\/wp\/v2\/users\/10"}],"replies":[{"embeddable":true,"href":"http:\/\/eportfolio.musikkons.dk\/wordpress\/bjoernpetersen\/wp-json\/wp\/v2\/comments?post=574"}],"version-history":[{"count":2,"href":"http:\/\/eportfolio.musikkons.dk\/wordpress\/bjoernpetersen\/wp-json\/wp\/v2\/pages\/574\/revisions"}],"predecessor-version":[{"id":1005,"href":"http:\/\/eportfolio.musikkons.dk\/wordpress\/bjoernpetersen\/wp-json\/wp\/v2\/pages\/574\/revisions\/1005"}],"wp:attachment":[{"href":"http:\/\/eportfolio.musikkons.dk\/wordpress\/bjoernpetersen\/wp-json\/wp\/v2\/media?parent=574"}],"curies":[{"name":"wp","href":"https:\/\/api.w.org\/{rel}","templated":true}]}}