{"id":59,"date":"2012-03-12T13:11:58","date_gmt":"2012-03-12T12:11:58","guid":{"rendered":"http:\/\/130.226.165.146\/wordpress\/bjoernpetersen\/?page_id=59"},"modified":"2022-01-24T17:02:57","modified_gmt":"2022-01-24T16:02:57","slug":"hjem-2","status":"publish","type":"page","link":"http:\/\/eportfolio.musikkons.dk\/wordpress\/bjoernpetersen\/","title":{"rendered":"INTRO"},"content":{"rendered":"<p><a href=\"http:\/\/eportfolio.musikkons.dk\/wordpress\/bjoernpetersen\/files\/2012\/03\/BP_Bas_outdoor.jpg\"><img loading=\"lazy\" class=\" wp-image-128 alignright\" src=\"http:\/\/eportfolio.musikkons.dk\/wordpress\/bjoernpetersen\/files\/2012\/03\/BP_Bas_outdoor-300x300.jpg\" alt=\"BP_Bas_outdoor\" width=\"180\" height=\"180\" srcset=\"http:\/\/eportfolio.musikkons.dk\/wordpress\/bjoernpetersen\/files\/2012\/03\/BP_Bas_outdoor-300x300.jpg 300w, http:\/\/eportfolio.musikkons.dk\/wordpress\/bjoernpetersen\/files\/2012\/03\/BP_Bas_outdoor-145x145.jpg 145w, http:\/\/eportfolio.musikkons.dk\/wordpress\/bjoernpetersen\/files\/2012\/03\/BP_Bas_outdoor.jpg 590w\" sizes=\"(max-width: 180px) 85vw, 180px\" \/><\/a><span style=\"color: #000000; font-weight: bold;\">Velkommen til Bj\u00f8rn &#8220;B\u00f8nne&#8221; Petersens portfolio.<br \/>\nBj\u00f8rn\u00a0er lektor p\u00e5 <a href=\"https:\/\/www.musikkons.dk\" target=\"_blank\" rel=\"noopener noreferrer\">Det Jyske Musikkonservatorium<\/a> (DJM) og p\u00e5<a href=\"http:\/\/musicinthebrain.au.dk\/\"> Center for Music in the Brain<\/a>. Hans\u00a0fag omfatter bl. a. sammenspilsledelse, rotation, arrangement, basp\u00e6dagogik, musikteknologi og portfoliometode. Han varetager desuden formidling og tilrettel\u00e6ggelse af konservatoriets forsknings- og udviklingsaktiviteter.<br \/>\nBj\u00f8rn er ogs\u00e5 bassist, arrang\u00f8r og komponist.<\/span><\/p>\n<p><strong>I 2011 afsluttede Bj\u00f8rn sit\u00a0PhD-projekt med afhandlingen <em><a href=\"http:\/\/eportfolio.musikkons.dk\/wordpress\/frijsenborg-projekt\/phd-afhandling\/\">Advances in Music and Speech Perception After Cochlear Implantation<\/a><\/em>. PhD-projektet fandt sted i et samarbejde mellem DJM og\u00a0<a href=\"http:\/\/cfin.au.dk\/\" target=\"_blank\" rel=\"noopener noreferrer\">Center for Funktionelt Integrativ Neurovidenskab<\/a> (CFIN) ved Aarhus Universitet. Efterf\u00f8lgende har Bj\u00f8rn fortsat sin forskning inden for feltet CI og musik, bl. a. med udvikling af nye objektive metoder til at m\u00e5le CI-brugeres evne til diskriminere detaljer i musik og deres opfattelse og udbytte af musik i det hele taget.<\/strong><\/p>\n<ul>\n<li>Her finder du en oversigt over Bj\u00f8rns artikler\u00a0om\u00a0<strong><a style=\"font-weight: bold;\" href=\"http:\/\/eportfolio.musikkons.dk\/wordpress\/bjoernpetersen\/artikler-2\/\" target=\"_blank\" rel=\"noopener noreferrer\">Musik og Cochlear Implants<\/a><\/strong><\/li>\n<li><strong>For en komplet oversigt over Bj\u00f8rn Petersens forskningsaktiviteter se hans<a href=\"http:\/\/pure.au.dk\/portal\/da\/persons\/bjoern-petersen(f659916d-2c46-4493-a63d-105d78541fb9)\/publications.html\" target=\"_blank\" rel=\"noopener noreferrer\"> PURE-profil p\u00e5 Aarhus Universitet.<\/a><\/strong><\/li>\n<li>Her kan du l\u00e6se om Bj\u00f8rns udviklingsprojekt<strong><span style=\"font-family: 'Helvetica Neue', Helvetica, Arial, sans-serif; font-size: 15px; font-style: inherit; line-height: 1.625;\"> \u00a0<\/span><em><a style=\"font-weight: bold;\" href=\"http:\/\/eportfolio.musikkons.dk\/wordpress\/itimusikundervisningen\/\" target=\"_blank\" rel=\"noopener noreferrer\">IT i Musikundervisningen<\/a><\/em><\/strong><\/li>\n<li><strong>Her kan du finde mere om Bj\u00f8rns\u00a0<a href=\"http:\/\/eportfolio.musikkons.dk\/wordpress\/bjoernpetersen\/musik\/\">musikalske meritter.<\/a><\/strong><\/li>\n<\/ul>\n<p><strong>Lyt til Bj\u00f8rns basjingle, m\u00e5ske g\u00f8r den dig i godt hum\u00f8r.<\/strong><\/p>\n<!--[if lt IE 9]><script>document.createElement('audio');<\/script><![endif]-->\n<audio class=\"wp-audio-shortcode\" id=\"audio-59-1\" preload=\"none\" style=\"width: 100%;\" controls=\"controls\"><source type=\"audio\/mpeg\" src=\"http:\/\/eportfolio.musikkons.dk\/wordpress\/bjoernpetersen\/files\/2012\/03\/Bas-jingle-2.mp3?_=1\" \/><a href=\"http:\/\/eportfolio.musikkons.dk\/wordpress\/bjoernpetersen\/files\/2012\/03\/Bas-jingle-2.mp3\">http:\/\/eportfolio.musikkons.dk\/wordpress\/bjoernpetersen\/files\/2012\/03\/Bas-jingle-2.mp3<\/a><\/audio>\n<p>&nbsp;<\/p>\n\r\n\t<div class=\"slideshow_container slideshow_container_style-light\" style=\"height: 200px; \" data-slideshow-id=\"349\" data-style-name=\"style-light\" data-style-version=\"2.3.1\" >\r\n\r\n\t\t\t\t\t<div class=\"slideshow_loading_icon\"><\/div>\r\n\t\t\r\n\t\t<div class=\"slideshow_content\" style=\"display: none;\">\r\n\r\n\t\t\t<div class=\"slideshow_view\">\r\n\t\t\t\t<div class=\"slideshow_slide slideshow_slide_image\">\r\n\t\t\t\t\t\t\t\t\t\t\t<img src=\"http:\/\/eportfolio.musikkons.dk\/wordpress\/bjoernpetersen\/files\/2012\/03\/BP_Bas_outdoor.jpg\" alt=\"Bj\u00f8rn Petersen\" width=\"590\" height=\"590\" \/>\r\n\t\t\t\t\t\t\t\t\t\t<div class=\"slideshow_description_box slideshow_transparent\">\r\n\t\t\t\t\t\t<div class=\"slideshow_title\">Bj\u00f8rn Petersen<\/div>\t\t\t\t\t\t\t\t\t\t\t<\/div>\r\n\t\t\t\t<\/div>\r\n\r\n\t\t\t\t\t\t<div style=\"clear: both;\"><\/div><\/div><div class=\"slideshow_view\">\r\n\t\t\t\t<div class=\"slideshow_slide slideshow_slide_image\">\r\n\t\t\t\t\t\t\t\t\t\t\t<img src=\"http:\/\/eportfolio.musikkons.dk\/wordpress\/bjoernpetersen\/files\/2014\/09\/bean-on-bass.jpg\" alt=\"Bj\u00f8rn Petersen\" width=\"836\" height=\"661\" \/>\r\n\t\t\t\t\t\t\t\t\t\t<div class=\"slideshow_description_box slideshow_transparent\">\r\n\t\t\t\t\t\t<div class=\"slideshow_title\">Bj\u00f8rn Petersen<\/div>\t\t\t\t\t\t\t\t\t\t\t<\/div>\r\n\t\t\t\t<\/div>\r\n\r\n\t\t\t\t\t\t<div style=\"clear: both;\"><\/div><\/div><div class=\"slideshow_view\">\r\n\t\t\t\t<div class=\"slideshow_slide slideshow_slide_image\">\r\n\t\t\t\t\t\t\t\t\t\t\t<img src=\"http:\/\/eportfolio.musikkons.dk\/wordpress\/bjoernpetersen\/files\/2014\/09\/Petersen_pic.jpg\" alt=\"Bj\u00f8rn Petersen\" width=\"728\" height=\"967\" \/>\r\n\t\t\t\t\t\t\t\t\t\t<div class=\"slideshow_description_box slideshow_transparent\">\r\n\t\t\t\t\t\t<div class=\"slideshow_title\">Bj\u00f8rn Petersen<\/div>\t\t\t\t\t\t\t\t\t\t\t<\/div>\r\n\t\t\t\t<\/div>\r\n\r\n\t\t\t\t\t\t<div style=\"clear: both;\"><\/div><\/div><div class=\"slideshow_view\">\r\n\t\t\t\t<div class=\"slideshow_slide slideshow_slide_image\">\r\n\t\t\t\t\t\t\t\t\t\t\t<img src=\"http:\/\/eportfolio.musikkons.dk\/wordpress\/bjoernpetersen\/files\/2014\/09\/Peter-Lund-Swing-trio.jpg\" alt=\"Peter Lund Swing trio\" width=\"480\" height=\"360\" \/>\r\n\t\t\t\t\t\t\t\t\t\t<div class=\"slideshow_description_box slideshow_transparent\">\r\n\t\t\t\t\t\t<div class=\"slideshow_title\">Peter Lund Swing trio<\/div>\t\t\t\t\t\t\t\t\t\t\t<\/div>\r\n\t\t\t\t<\/div>\r\n\r\n\t\t\t\t\t\t<div style=\"clear: both;\"><\/div><\/div>\r\n\t\t<\/div>\r\n\r\n\t\t<div class=\"slideshow_controlPanel slideshow_transparent\" style=\"display: none;\"><ul><li class=\"slideshow_togglePlay\" data-play-text=\"Play\" data-pause-text=\"Pause\"><\/li><\/ul><\/div>\r\n\r\n\t\t<div class=\"slideshow_button slideshow_previous slideshow_transparent\" role=\"button\" data-previous-text=\"Previous\" style=\"display: none;\"><\/div>\r\n\t\t<div class=\"slideshow_button slideshow_next slideshow_transparent\" role=\"button\" data-next-text=\"Next\" style=\"display: none;\"><\/div>\r\n\r\n\t\t<div class=\"slideshow_pagination\" style=\"display: none;\" data-go-to-text=\"Go to slide\"><div class=\"slideshow_pagination_center\"><\/div><\/div>\r\n\r\n\t\t<!-- WordPress Slideshow Version 2.3.1 -->\r\n\r\n\t\t\t<\/div>\r\n\r\n\n","protected":false},"excerpt":{"rendered":"<p>Velkommen til Bj\u00f8rn &#8220;B\u00f8nne&#8221; Petersens portfolio. Bj\u00f8rn\u00a0er lektor p\u00e5 Det Jyske Musikkonservatorium (DJM) og p\u00e5 Center for Music in the Brain. Hans\u00a0fag omfatter bl. a. sammenspilsledelse, rotation, arrangement, basp\u00e6dagogik, musikteknologi og portfoliometode. Han varetager desuden formidling og tilrettel\u00e6ggelse af konservatoriets forsknings- og udviklingsaktiviteter. Bj\u00f8rn er ogs\u00e5 bassist, arrang\u00f8r og komponist. I 2011 afsluttede Bj\u00f8rn sit\u00a0PhD-projekt &hellip; <a href=\"http:\/\/eportfolio.musikkons.dk\/wordpress\/bjoernpetersen\/\" class=\"more-link\">Continue reading<span class=\"screen-reader-text\"> &#8220;INTRO&#8221;<\/span><\/a><\/p>\n","protected":false},"author":10,"featured_media":0,"parent":0,"menu_order":0,"comment_status":"closed","ping_status":"closed","template":"","meta":[],"_links":{"self":[{"href":"http:\/\/eportfolio.musikkons.dk\/wordpress\/bjoernpetersen\/wp-json\/wp\/v2\/pages\/59"}],"collection":[{"href":"http:\/\/eportfolio.musikkons.dk\/wordpress\/bjoernpetersen\/wp-json\/wp\/v2\/pages"}],"about":[{"href":"http:\/\/eportfolio.musikkons.dk\/wordpress\/bjoernpetersen\/wp-json\/wp\/v2\/types\/page"}],"author":[{"embeddable":true,"href":"http:\/\/eportfolio.musikkons.dk\/wordpress\/bjoernpetersen\/wp-json\/wp\/v2\/users\/10"}],"replies":[{"embeddable":true,"href":"http:\/\/eportfolio.musikkons.dk\/wordpress\/bjoernpetersen\/wp-json\/wp\/v2\/comments?post=59"}],"version-history":[{"count":57,"href":"http:\/\/eportfolio.musikkons.dk\/wordpress\/bjoernpetersen\/wp-json\/wp\/v2\/pages\/59\/revisions"}],"predecessor-version":[{"id":1099,"href":"http:\/\/eportfolio.musikkons.dk\/wordpress\/bjoernpetersen\/wp-json\/wp\/v2\/pages\/59\/revisions\/1099"}],"wp:attachment":[{"href":"http:\/\/eportfolio.musikkons.dk\/wordpress\/bjoernpetersen\/wp-json\/wp\/v2\/media?parent=59"}],"curies":[{"name":"wp","href":"https:\/\/api.w.org\/{rel}","templated":true}]}}