{"id":602,"date":"2015-11-04T13:18:46","date_gmt":"2015-11-04T12:18:46","guid":{"rendered":"http:\/\/eportfolio.musikkons.dk\/wordpress\/bjoernpetersen\/?page_id=602"},"modified":"2021-03-15T15:19:37","modified_gmt":"2021-03-15T14:19:37","slug":"artikler-2","status":"publish","type":"page","link":"http:\/\/eportfolio.musikkons.dk\/wordpress\/bjoernpetersen\/artikler-2\/","title":{"rendered":"Artikler"},"content":{"rendered":"<h3>Bj\u00f8rn Petersens peer-reviewede videnskabelige artikler<\/h3>\n<p>&nbsp;<\/p>\n<p>2020<\/p>\n<p><a href=\"https:\/\/www.frontiersin.org\/articles\/10.3389\/fnins.2020.00002\/full\" target=\"_blank\" rel=\"noopener noreferrer\">The CI MuMuFe \u2013 A New MMN Paradigm for Measuring Music Discrimination in Electric Hearing<\/a><\/p>\n<p>2018<\/p>\n<p><a href=\"https:\/\/musikkons.dk\/wp-content\/uploads\/pdf\/Larsen_Marimba-mallet-and-mind-enhancing-the-marimba-sound-by-Ki-aikido-approach.pdf\" target=\"_blank\" rel=\"noopener noreferrer\">Marimba, Mallet and Mind &#8211; enhancing the marimba sound by Ki-aikido approach<\/a><\/p>\n<p>2017<\/p>\n<p><a href=\"https:\/\/pure.au.dk\/portal\/da\/persons\/bjoern-petersen(f659916d-2c46-4493-a63d-105d78541fb9)\/publications\/the-mmn-as-a-viable-and-objective-marker-of-auditory-development-in-ci-users(1faff631-b977-4a24-9bc0-53448d30b428).html\">N\u00e4\u00e4t\u00e4nen, R et al The MMN as a viable and objective marker of auditory development in CI users<\/a><\/p>\n<p><strong>2015<\/strong><\/p>\n<p><strong><a href=\"http:\/\/journal.frontiersin.org\/Journal\/10.3389\/fnhum.2015.00007\/abstract\" target=\"_blank\" rel=\"noopener noreferrer\">B. Petersen<em>\u00a0<\/em>et al., &#8220;Brain Responses to Musical Feature Changes in Adolescent Cochlear Implant Users&#8221;. Frontiers of Human Neuroscience, 2015<\/a><\/strong><\/p>\n<p><strong>2014<\/strong><\/p>\n<p><strong><a href=\"http:\/\/pure.au.dk\/portal\/da\/persons\/bjoern-petersen(f659916d-2c46-4493-a63d-105d78541fb9)\/publications\/aspects-of-music-with-cochlear-implants--music-listening-habits-and-appreciation-in-danish-cochlear-implant-users(50734faf-32c1-4c5f-89e7-cee545dac9b5).html\" target=\"_blank\" rel=\"noopener noreferrer\">B. Petersen et al. &#8220;Aspects of music with cochlear implants \u2013 Music listening habits and appreciation in Danish cochlear-implant users&#8221;,\u00a0Proceedings of ISAAR 2013, ISBN: 978-87-990013-4-7. The Danavox Jubilee Foundation, 2014<\/a><\/strong><\/p>\n<p><strong><a href=\"http:\/\/pure.au.dk\/portal\/da\/persons\/bjoern-petersen(f659916d-2c46-4493-a63d-105d78541fb9)\/publications\/perception-of-music-and-speech-in-adolescents-with-cochlear-implants--a-pilot-study-on-effects-of-intensive-musical-ear-training(55b73deb-cb80-40ee-b581-2c61072abac9).html\" target=\"_blank\" rel=\"noopener noreferrer\">B. Petersen et al., &#8220;Perception of music and speech in adolescents with\u00a0cochlear implants \u2013 A pilot study on effects of intensive\u00a0musical ear training&#8221;,\u00a0Proceedings of ISAAR 2013, ISBN: 978-87-990013-4-7. The Danavox Jubilee Foundation, 2014<\/a><\/strong><\/p>\n<p><strong>2013<\/strong><\/p>\n<p><strong><a href=\"http:\/\/www.hindawi.com\/journals\/np\/2013\/318521\/\" target=\"_blank\" rel=\"noopener noreferrer\">B. Petersen et al., &#8220;Cortical plasticity after\u00a0cochlear implantation&#8221;, Neural Plasticity, 2013<\/a><\/strong><\/p>\n<p><strong>2012<\/strong><\/p>\n<p><a href=\"http:\/\/eportfolio.musikkons.dk\/wordpress\/frijsenborg-projekt\/singing-in-the-key-of-life\/\" target=\"_blank\" rel=\"noopener noreferrer\"><strong>B. Petersen<em>, et al.<\/em>, &#8220;Singing in the key of life: A study on effects of musical ear training after cochlear implantation&#8221;, Psychomusicology: Music, Mind and Brain, 2012<\/strong><\/a><\/p>\n<p><strong>For en komplet oversigt over Bj\u00f8rn Petersens forskningsaktiviteter se Bj\u00f8rns<a href=\"http:\/\/pure.au.dk\/portal\/da\/persons\/bjoern-petersen(f659916d-2c46-4493-a63d-105d78541fb9)\/publications.html\" target=\"_blank\" rel=\"noopener noreferrer\"> PURE-profil p\u00e5 Aarhus Universitet.<\/a><\/strong><\/p>\n","protected":false},"excerpt":{"rendered":"<p>Bj\u00f8rn Petersens peer-reviewede videnskabelige artikler &nbsp; 2020 The CI MuMuFe \u2013 A New MMN Paradigm for Measuring Music Discrimination in Electric Hearing 2018 Marimba, Mallet and Mind &#8211; enhancing the marimba sound by Ki-aikido approach 2017 N\u00e4\u00e4t\u00e4nen, R et al The MMN as a viable and objective marker of auditory development in CI users 2015 &hellip; <a href=\"http:\/\/eportfolio.musikkons.dk\/wordpress\/bjoernpetersen\/artikler-2\/\" class=\"more-link\">Continue reading<span class=\"screen-reader-text\"> &#8220;Artikler&#8221;<\/span><\/a><\/p>\n","protected":false},"author":10,"featured_media":0,"parent":0,"menu_order":0,"comment_status":"closed","ping_status":"closed","template":"","meta":[],"_links":{"self":[{"href":"http:\/\/eportfolio.musikkons.dk\/wordpress\/bjoernpetersen\/wp-json\/wp\/v2\/pages\/602"}],"collection":[{"href":"http:\/\/eportfolio.musikkons.dk\/wordpress\/bjoernpetersen\/wp-json\/wp\/v2\/pages"}],"about":[{"href":"http:\/\/eportfolio.musikkons.dk\/wordpress\/bjoernpetersen\/wp-json\/wp\/v2\/types\/page"}],"author":[{"embeddable":true,"href":"http:\/\/eportfolio.musikkons.dk\/wordpress\/bjoernpetersen\/wp-json\/wp\/v2\/users\/10"}],"replies":[{"embeddable":true,"href":"http:\/\/eportfolio.musikkons.dk\/wordpress\/bjoernpetersen\/wp-json\/wp\/v2\/comments?post=602"}],"version-history":[{"count":21,"href":"http:\/\/eportfolio.musikkons.dk\/wordpress\/bjoernpetersen\/wp-json\/wp\/v2\/pages\/602\/revisions"}],"predecessor-version":[{"id":1059,"href":"http:\/\/eportfolio.musikkons.dk\/wordpress\/bjoernpetersen\/wp-json\/wp\/v2\/pages\/602\/revisions\/1059"}],"wp:attachment":[{"href":"http:\/\/eportfolio.musikkons.dk\/wordpress\/bjoernpetersen\/wp-json\/wp\/v2\/media?parent=602"}],"curies":[{"name":"wp","href":"https:\/\/api.w.org\/{rel}","templated":true}]}}