{"id":639,"date":"2015-11-05T13:32:54","date_gmt":"2015-11-05T12:32:54","guid":{"rendered":"http:\/\/eportfolio.musikkons.dk\/wordpress\/bjoernpetersen\/?page_id=639"},"modified":"2019-06-06T15:49:43","modified_gmt":"2019-06-06T14:49:43","slug":"interviews","status":"publish","type":"page","link":"http:\/\/eportfolio.musikkons.dk\/wordpress\/bjoernpetersen\/interviews\/","title":{"rendered":"Interviews"},"content":{"rendered":"<p>Interviews i fagblade og dagspresse.<\/p>\n<p><strong>I november 2014 gav Bj\u00f8rn Petersen et interview til Gramex&#8217; nyhedsbrev om sin forskning.<\/strong><\/p>\n<div class=\"JournalAbstract subData\"><a href=\"http:\/\/gramex.dk\/fra-elektrisk-lyd-til-englesang\/\" target=\"_blank\" rel=\"noopener noreferrer\"><strong>L\u00e6s interviewet her.<\/strong><\/a><\/div>\n<p><strong>Eller her p\u00e5 siden (klik p\u00e5 billedet).<br \/>\n<a href=\"http:\/\/eportfolio.musikkons.dk\/wordpress\/bjoernpetersen\/files\/2014\/11\/Petersen_Gramex-_-Fra-elektrisk-lyd-til-englesang.pdf\" target=\"_blank\" rel=\"noopener noreferrer\"><img loading=\"lazy\" class=\"wp-image-366 aligncenter\" src=\"http:\/\/eportfolio.musikkons.dk\/wordpress\/bjoernpetersen\/files\/2014\/11\/Petersen_Gramex-_-Fra-elektrisk-lyd-til-englesang_Side_1.jpg\" alt=\"Petersen_Gramex _ Fra elektrisk lyd til englesang_Side_1\" width=\"365\" height=\"666\" \/><\/a><\/strong><\/p>\n<p>&nbsp;<\/p>\n<p>&nbsp;<\/p>\n<p>I forb. med forsvar af sin PhD-afhandling gav Bj\u00f8rn Petersen et interview til Politikens Morten Garly Andersen. L\u00e6s interviewet her.<\/p>\n<p><a href=\"http:\/\/eportfolio.musikkons.dk\/wordpress\/bjoernpetersen\/files\/2015\/11\/BPE_Politiken_1.pdf\"><img loading=\"lazy\" class=\"wp-image-661 size-thumbnail aligncenter\" src=\"http:\/\/eportfolio.musikkons.dk\/wordpress\/bjoernpetersen\/files\/2015\/11\/BPE_Politiken_1-145x145.jpg\" alt=\"BPE_Politiken_1\" width=\"145\" height=\"145\" \/><\/a><\/p>\n<p>Interview i forb. m. Konference om It og musikundervisning i danske musikskoler \u2013 25.9.13\u00a0i Herning.<\/p>\n<p><iframe loading=\"lazy\" title=\"Bj&oslash;rn Petersen - 16 min\" src=\"https:\/\/player.vimeo.com\/video\/75497021?dnt=1&#038;app_id=122963\" width=\"840\" height=\"473\" frameborder=\"0\" allow=\"autoplay; fullscreen\" allowfullscreen><\/iframe><\/p>\n","protected":false},"excerpt":{"rendered":"<p>Interviews i fagblade og dagspresse. I november 2014 gav Bj\u00f8rn Petersen et interview til Gramex&#8217; nyhedsbrev om sin forskning. L\u00e6s interviewet her. Eller her p\u00e5 siden (klik p\u00e5 billedet). &nbsp; &nbsp; I forb. med forsvar af sin PhD-afhandling gav Bj\u00f8rn Petersen et interview til Politikens Morten Garly Andersen. L\u00e6s interviewet her. Interview i forb. m. &hellip; <a href=\"http:\/\/eportfolio.musikkons.dk\/wordpress\/bjoernpetersen\/interviews\/\" class=\"more-link\">Continue reading<span class=\"screen-reader-text\"> &#8220;Interviews&#8221;<\/span><\/a><\/p>\n","protected":false},"author":10,"featured_media":0,"parent":0,"menu_order":0,"comment_status":"closed","ping_status":"closed","template":"","meta":[],"_links":{"self":[{"href":"http:\/\/eportfolio.musikkons.dk\/wordpress\/bjoernpetersen\/wp-json\/wp\/v2\/pages\/639"}],"collection":[{"href":"http:\/\/eportfolio.musikkons.dk\/wordpress\/bjoernpetersen\/wp-json\/wp\/v2\/pages"}],"about":[{"href":"http:\/\/eportfolio.musikkons.dk\/wordpress\/bjoernpetersen\/wp-json\/wp\/v2\/types\/page"}],"author":[{"embeddable":true,"href":"http:\/\/eportfolio.musikkons.dk\/wordpress\/bjoernpetersen\/wp-json\/wp\/v2\/users\/10"}],"replies":[{"embeddable":true,"href":"http:\/\/eportfolio.musikkons.dk\/wordpress\/bjoernpetersen\/wp-json\/wp\/v2\/comments?post=639"}],"version-history":[{"count":13,"href":"http:\/\/eportfolio.musikkons.dk\/wordpress\/bjoernpetersen\/wp-json\/wp\/v2\/pages\/639\/revisions"}],"predecessor-version":[{"id":989,"href":"http:\/\/eportfolio.musikkons.dk\/wordpress\/bjoernpetersen\/wp-json\/wp\/v2\/pages\/639\/revisions\/989"}],"wp:attachment":[{"href":"http:\/\/eportfolio.musikkons.dk\/wordpress\/bjoernpetersen\/wp-json\/wp\/v2\/media?parent=639"}],"curies":[{"name":"wp","href":"https:\/\/api.w.org\/{rel}","templated":true}]}}