{"id":670,"date":"2015-11-08T20:16:14","date_gmt":"2015-11-08T19:16:14","guid":{"rendered":"http:\/\/eportfolio.musikkons.dk\/wordpress\/bjoernpetersen\/?page_id=670"},"modified":"2015-11-11T09:49:30","modified_gmt":"2015-11-11T08:49:30","slug":"chain-gang","status":"publish","type":"page","link":"http:\/\/eportfolio.musikkons.dk\/wordpress\/bjoernpetersen\/chain-gang\/","title":{"rendered":"Chain Gang"},"content":{"rendered":"<p><em><strong>Chain Gang<\/strong><\/em> er et samarbejde mellem fem undervisere p\u00e5 Det Jyske Musikkonservatorium: Peter Seebach, Skipper Flytkj\u00e6r, Kristian Lassen, Jens Christian Chappe Jensen og Bj\u00f8rn B\u00f8nne Petersen. Samarbejdet blevt etableret i 2004 med det form\u00e5l at skabe levende og medrivende koncertoplevelser for skoleelever og var del af DJMs f\u00f8dek\u00e6desatsning. I \u00e5rene 2004-2008 gav orkesteret en lang r\u00e6kke\u00a0koncerter for 7.-10. klasseselever p\u00e5 skoler i \u00d8stjylland. Chain Gang gennemf\u00f8rte desuden en studie\/undervisningstur til Rom, hvor de gav 3 koncerter &#8211; heraf en i forbindelse med Masterclass for italienske musikstuderende p\u00e5 St. Louis College of Music.<\/p>\n<p>I 2008 arbejdede Chain Gang tre m\u00e5neder med en 5. klasse p\u00e5 Rosenvangsskolen, \u00a0hvor form\u00e5let var kreativitet og interaktiv deltagelse. Efterf\u00f8lgende afholdt de koncerter for 5.-6. kl. p\u00e5 seks forskellige skoler i \u00c5rhusomr\u00e5det.<\/p>\n<p>I forb. m 5.klasse-projektet udviklede gruppen en r\u00e6kke sange, der fungerede som improvisationsrammer for b\u00f8rnene. To af sangene indspillede vi med 5.b som solister og kor: L\u00f8gnerappen og Hattesangen.Se Chain Gangs poster fra 2008 og h\u00f8r sangene:<\/p>\n<p><a href=\"http:\/\/eportfolio.musikkons.dk\/wordpress\/bjoernpetersen\/files\/2015\/11\/DJM-PosterChaingang_REDU.jpg\"><img loading=\"lazy\" class=\"wp-image-673 size-medium aligncenter\" src=\"http:\/\/eportfolio.musikkons.dk\/wordpress\/bjoernpetersen\/files\/2015\/11\/DJM-PosterChaingang_REDU-188x300.jpg\" alt=\"DJM PosterChaingang_REDU\" width=\"188\" height=\"300\" srcset=\"http:\/\/eportfolio.musikkons.dk\/wordpress\/bjoernpetersen\/files\/2015\/11\/DJM-PosterChaingang_REDU-188x300.jpg 188w, http:\/\/eportfolio.musikkons.dk\/wordpress\/bjoernpetersen\/files\/2015\/11\/DJM-PosterChaingang_REDU-640x1024.jpg 640w, http:\/\/eportfolio.musikkons.dk\/wordpress\/bjoernpetersen\/files\/2015\/11\/DJM-PosterChaingang_REDU.jpg 1097w\" sizes=\"(max-width: 188px) 85vw, 188px\" \/><\/a><\/p>\n<p>L\u00f8gnerap med Chain Gang og elever fra (dav\u00e6rende) 5.a p\u00e5 Rosenvangsskolen. Se beskrivelse p\u00e5 posteren.<\/p>\n<!--[if lt IE 9]><script>document.createElement('audio');<\/script><![endif]-->\n<audio class=\"wp-audio-shortcode\" id=\"audio-670-1\" preload=\"none\" style=\"width: 100%;\" controls=\"controls\"><source type=\"audio\/mpeg\" src=\"http:\/\/eportfolio.musikkons.dk\/wordpress\/bjoernpetersen\/files\/2015\/11\/01-L\u00f8gnerap.mp3?_=1\" \/><a href=\"http:\/\/eportfolio.musikkons.dk\/wordpress\/bjoernpetersen\/files\/2015\/11\/01-L\u00f8gnerap.mp3\">http:\/\/eportfolio.musikkons.dk\/wordpress\/bjoernpetersen\/files\/2015\/11\/01-L\u00f8gnerap.mp3<\/a><\/audio>\n<p>Hattesangen\u00a0med Chain Gang og elever fra (dav\u00e6rende) 5.a p\u00e5 Rosenvangsskolen.\u00a0Se beskrivelse p\u00e5 posteren.<\/p>\n<audio class=\"wp-audio-shortcode\" id=\"audio-670-2\" preload=\"none\" style=\"width: 100%;\" controls=\"controls\"><source type=\"audio\/mpeg\" src=\"http:\/\/eportfolio.musikkons.dk\/wordpress\/bjoernpetersen\/files\/2015\/11\/Hattesangen.mp3?_=2\" \/><a href=\"http:\/\/eportfolio.musikkons.dk\/wordpress\/bjoernpetersen\/files\/2015\/11\/Hattesangen.mp3\">http:\/\/eportfolio.musikkons.dk\/wordpress\/bjoernpetersen\/files\/2015\/11\/Hattesangen.mp3<\/a><\/audio>\n<p>&nbsp;<\/p>\n\r\n\t<div class=\"slideshow_container slideshow_container_style-light\" style=\"height: 400px; \" data-slideshow-id=\"694\" data-style-name=\"style-light\" data-style-version=\"2.3.1\" >\r\n\r\n\t\t\t\t\t<div class=\"slideshow_loading_icon\"><\/div>\r\n\t\t\r\n\t\t<div class=\"slideshow_content\" style=\"display: none;\">\r\n\r\n\t\t\t<div class=\"slideshow_view\">\r\n\t\t\t\t<div class=\"slideshow_slide slideshow_slide_image\">\r\n\t\t\t\t\t\t\t\t\t\t\t<img src=\"http:\/\/eportfolio.musikkons.dk\/wordpress\/bjoernpetersen\/files\/2015\/11\/PICT0627.jpg\" alt=\"KONICA MINOLTA DIGITAL CAMERA\" width=\"2272\" height=\"1704\" \/>\r\n\t\t\t\t\t\t\t\t\t\t<div class=\"slideshow_description_box slideshow_transparent\">\r\n\t\t\t\t\t\t<div class=\"slideshow_title\">KONICA MINOLTA DIGITAL CAMERA<\/div>\t\t\t\t\t\t\t\t\t\t\t<\/div>\r\n\t\t\t\t<\/div>\r\n\r\n\t\t\t\t\t\t<div style=\"clear: both;\"><\/div><\/div><div class=\"slideshow_view\">\r\n\t\t\t\t<div class=\"slideshow_slide slideshow_slide_image\">\r\n\t\t\t\t\t\t\t\t\t\t\t<img src=\"http:\/\/eportfolio.musikkons.dk\/wordpress\/bjoernpetersen\/files\/2015\/11\/PICT0629.jpg\" alt=\"KONICA MINOLTA DIGITAL CAMERA\" width=\"1704\" height=\"2272\" \/>\r\n\t\t\t\t\t\t\t\t\t\t<div class=\"slideshow_description_box slideshow_transparent\">\r\n\t\t\t\t\t\t<div class=\"slideshow_title\">KONICA MINOLTA DIGITAL CAMERA<\/div>\t\t\t\t\t\t\t\t\t\t\t<\/div>\r\n\t\t\t\t<\/div>\r\n\r\n\t\t\t\t\t\t<div style=\"clear: both;\"><\/div><\/div><div class=\"slideshow_view\">\r\n\t\t\t\t<div class=\"slideshow_slide slideshow_slide_image\">\r\n\t\t\t\t\t\t\t\t\t\t\t<img src=\"http:\/\/eportfolio.musikkons.dk\/wordpress\/bjoernpetersen\/files\/2015\/11\/PICT0667.jpg\" alt=\"KONICA MINOLTA DIGITAL CAMERA\" width=\"2272\" height=\"1704\" \/>\r\n\t\t\t\t\t\t\t\t\t\t<div class=\"slideshow_description_box slideshow_transparent\">\r\n\t\t\t\t\t\t<div class=\"slideshow_title\">KONICA MINOLTA DIGITAL CAMERA<\/div>\t\t\t\t\t\t\t\t\t\t\t<\/div>\r\n\t\t\t\t<\/div>\r\n\r\n\t\t\t\t\t\t<div style=\"clear: both;\"><\/div><\/div><div class=\"slideshow_view\">\r\n\t\t\t\t<div class=\"slideshow_slide slideshow_slide_image\">\r\n\t\t\t\t\t\t\t\t\t\t\t<img src=\"http:\/\/eportfolio.musikkons.dk\/wordpress\/bjoernpetersen\/files\/2015\/11\/PICT0694.jpg\" alt=\"KONICA MINOLTA DIGITAL CAMERA\" width=\"2272\" height=\"1704\" \/>\r\n\t\t\t\t\t\t\t\t\t\t<div class=\"slideshow_description_box slideshow_transparent\">\r\n\t\t\t\t\t\t<div class=\"slideshow_title\">KONICA MINOLTA DIGITAL CAMERA<\/div>\t\t\t\t\t\t\t\t\t\t\t<\/div>\r\n\t\t\t\t<\/div>\r\n\r\n\t\t\t\t\t\t<div style=\"clear: both;\"><\/div><\/div><div class=\"slideshow_view\">\r\n\t\t\t\t<div class=\"slideshow_slide slideshow_slide_image\">\r\n\t\t\t\t\t\t\t\t\t\t\t<img src=\"http:\/\/eportfolio.musikkons.dk\/wordpress\/bjoernpetersen\/files\/2015\/11\/PICT0705.jpg\" alt=\"KONICA MINOLTA DIGITAL CAMERA\" width=\"2272\" height=\"1704\" \/>\r\n\t\t\t\t\t\t\t\t\t\t<div class=\"slideshow_description_box slideshow_transparent\">\r\n\t\t\t\t\t\t<div class=\"slideshow_title\">KONICA MINOLTA DIGITAL CAMERA<\/div>\t\t\t\t\t\t\t\t\t\t\t<\/div>\r\n\t\t\t\t<\/div>\r\n\r\n\t\t\t\t\t\t<div style=\"clear: both;\"><\/div><\/div><div class=\"slideshow_view\">\r\n\t\t\t\t<div class=\"slideshow_slide slideshow_slide_image\">\r\n\t\t\t\t\t\t\t\t\t\t\t<img src=\"http:\/\/eportfolio.musikkons.dk\/wordpress\/bjoernpetersen\/files\/2015\/11\/Salsagang.jpg\" alt=\"KONICA MINOLTA DIGITAL CAMERA\" width=\"1200\" height=\"787\" \/>\r\n\t\t\t\t\t\t\t\t\t\t<div class=\"slideshow_description_box slideshow_transparent\">\r\n\t\t\t\t\t\t<div class=\"slideshow_title\">KONICA MINOLTA DIGITAL CAMERA<\/div>\t\t\t\t\t\t\t\t\t\t\t<\/div>\r\n\t\t\t\t<\/div>\r\n\r\n\t\t\t\t\t\t<div style=\"clear: both;\"><\/div><\/div><div class=\"slideshow_view\">\r\n\t\t\t\t<div class=\"slideshow_slide slideshow_slide_image\">\r\n\t\t\t\t\t\t\t\t\t\t\t<img src=\"http:\/\/eportfolio.musikkons.dk\/wordpress\/bjoernpetersen\/files\/2015\/11\/PICT0759.jpg\" alt=\"KONICA MINOLTA DIGITAL CAMERA\" width=\"2272\" height=\"1704\" \/>\r\n\t\t\t\t\t\t\t\t\t\t<div class=\"slideshow_description_box slideshow_transparent\">\r\n\t\t\t\t\t\t<div class=\"slideshow_title\">KONICA MINOLTA DIGITAL CAMERA<\/div>\t\t\t\t\t\t\t\t\t\t\t<\/div>\r\n\t\t\t\t<\/div>\r\n\r\n\t\t\t\t\t\t<div style=\"clear: both;\"><\/div><\/div><div class=\"slideshow_view\">\r\n\t\t\t\t<div class=\"slideshow_slide slideshow_slide_image\">\r\n\t\t\t\t\t\t\t\t\t\t\t<img src=\"http:\/\/eportfolio.musikkons.dk\/wordpress\/bjoernpetersen\/files\/2015\/11\/B\u00f8nne-RAMA-05.jpg\" alt=\"KONICA MINOLTA DIGITAL CAMERA\" width=\"1000\" height=\"1333\" \/>\r\n\t\t\t\t\t\t\t\t\t\t<div class=\"slideshow_description_box slideshow_transparent\">\r\n\t\t\t\t\t\t<div class=\"slideshow_title\">KONICA MINOLTA DIGITAL CAMERA<\/div>\t\t\t\t\t\t\t\t\t\t\t<\/div>\r\n\t\t\t\t<\/div>\r\n\r\n\t\t\t\t\t\t<div style=\"clear: both;\"><\/div><\/div><div class=\"slideshow_view\">\r\n\t\t\t\t<div class=\"slideshow_slide slideshow_slide_image\">\r\n\t\t\t\t\t\t\t\t\t\t\t<img src=\"http:\/\/eportfolio.musikkons.dk\/wordpress\/bjoernpetersen\/files\/2015\/11\/Chap-B\u00f8n-Skip-RAMA-05.jpg\" alt=\"KONICA MINOLTA DIGITAL CAMERA\" width=\"763\" height=\"1017\" \/>\r\n\t\t\t\t\t\t\t\t\t\t<div class=\"slideshow_description_box slideshow_transparent\">\r\n\t\t\t\t\t\t<div class=\"slideshow_title\">KONICA MINOLTA DIGITAL CAMERA<\/div>\t\t\t\t\t\t\t\t\t\t\t<\/div>\r\n\t\t\t\t<\/div>\r\n\r\n\t\t\t\t\t\t<div style=\"clear: both;\"><\/div><\/div><div class=\"slideshow_view\">\r\n\t\t\t\t<div class=\"slideshow_slide slideshow_slide_image\">\r\n\t\t\t\t\t\t\t\t\t\t\t<img src=\"http:\/\/eportfolio.musikkons.dk\/wordpress\/bjoernpetersen\/files\/2015\/11\/PICT0533.jpg\" alt=\"KONICA MINOLTA DIGITAL CAMERA\" width=\"1704\" height=\"2272\" \/>\r\n\t\t\t\t\t\t\t\t\t\t<div class=\"slideshow_description_box slideshow_transparent\">\r\n\t\t\t\t\t\t<div class=\"slideshow_title\">KONICA MINOLTA DIGITAL CAMERA<\/div>\t\t\t\t\t\t\t\t\t\t\t<\/div>\r\n\t\t\t\t<\/div>\r\n\r\n\t\t\t\t\t\t<div style=\"clear: both;\"><\/div><\/div><div class=\"slideshow_view\">\r\n\t\t\t\t<div class=\"slideshow_slide slideshow_slide_image\">\r\n\t\t\t\t\t\t\t\t\t\t\t<img src=\"http:\/\/eportfolio.musikkons.dk\/wordpress\/bjoernpetersen\/files\/2015\/11\/PICT0534.jpg\" alt=\"KONICA MINOLTA DIGITAL CAMERA\" width=\"1704\" height=\"2272\" \/>\r\n\t\t\t\t\t\t\t\t\t\t<div class=\"slideshow_description_box slideshow_transparent\">\r\n\t\t\t\t\t\t<div class=\"slideshow_title\">KONICA MINOLTA DIGITAL CAMERA<\/div>\t\t\t\t\t\t\t\t\t\t\t<\/div>\r\n\t\t\t\t<\/div>\r\n\r\n\t\t\t\t\t\t<div style=\"clear: both;\"><\/div><\/div><div class=\"slideshow_view\">\r\n\t\t\t\t<div class=\"slideshow_slide slideshow_slide_image\">\r\n\t\t\t\t\t\t\t\t\t\t\t<img src=\"http:\/\/eportfolio.musikkons.dk\/wordpress\/bjoernpetersen\/files\/2015\/11\/PICT0536.jpg\" alt=\"KONICA MINOLTA DIGITAL CAMERA\" width=\"1704\" height=\"2272\" \/>\r\n\t\t\t\t\t\t\t\t\t\t<div class=\"slideshow_description_box slideshow_transparent\">\r\n\t\t\t\t\t\t<div class=\"slideshow_title\">KONICA MINOLTA DIGITAL CAMERA<\/div>\t\t\t\t\t\t\t\t\t\t\t<\/div>\r\n\t\t\t\t<\/div>\r\n\r\n\t\t\t\t\t\t<div style=\"clear: both;\"><\/div><\/div><div class=\"slideshow_view\">\r\n\t\t\t\t<div class=\"slideshow_slide slideshow_slide_image\">\r\n\t\t\t\t\t\t\t\t\t\t\t<img src=\"http:\/\/eportfolio.musikkons.dk\/wordpress\/bjoernpetersen\/files\/2015\/11\/PICT0541.jpg\" alt=\"KONICA MINOLTA DIGITAL CAMERA\" width=\"1704\" height=\"2272\" \/>\r\n\t\t\t\t\t\t\t\t\t\t<div class=\"slideshow_description_box slideshow_transparent\">\r\n\t\t\t\t\t\t<div class=\"slideshow_title\">KONICA MINOLTA DIGITAL CAMERA<\/div>\t\t\t\t\t\t\t\t\t\t\t<\/div>\r\n\t\t\t\t<\/div>\r\n\r\n\t\t\t\t\t\t<div style=\"clear: both;\"><\/div><\/div><div class=\"slideshow_view\">\r\n\t\t\t\t<div class=\"slideshow_slide slideshow_slide_image\">\r\n\t\t\t\t\t\t\t\t\t\t\t<img src=\"http:\/\/eportfolio.musikkons.dk\/wordpress\/bjoernpetersen\/files\/2015\/11\/PICT0545.jpg\" alt=\"KONICA MINOLTA DIGITAL CAMERA\" width=\"1704\" height=\"2272\" \/>\r\n\t\t\t\t\t\t\t\t\t\t<div class=\"slideshow_description_box slideshow_transparent\">\r\n\t\t\t\t\t\t<div class=\"slideshow_title\">KONICA MINOLTA DIGITAL CAMERA<\/div>\t\t\t\t\t\t\t\t\t\t\t<\/div>\r\n\t\t\t\t<\/div>\r\n\r\n\t\t\t\t\t\t<div style=\"clear: both;\"><\/div><\/div><div class=\"slideshow_view\">\r\n\t\t\t\t<div class=\"slideshow_slide slideshow_slide_image\">\r\n\t\t\t\t\t\t\t\t\t\t\t<img src=\"http:\/\/eportfolio.musikkons.dk\/wordpress\/bjoernpetersen\/files\/2015\/11\/DSCN9423.jpg\" alt=\"DSCN9423\" width=\"2272\" height=\"1704\" \/>\r\n\t\t\t\t\t\t\t\t\t\t<div class=\"slideshow_description_box slideshow_transparent\">\r\n\t\t\t\t\t\t<div class=\"slideshow_title\">DSCN9423<\/div>\t\t\t\t\t\t\t\t\t\t\t<\/div>\r\n\t\t\t\t<\/div>\r\n\r\n\t\t\t\t\t\t<div style=\"clear: both;\"><\/div><\/div>\r\n\t\t<\/div>\r\n\r\n\t\t<div class=\"slideshow_controlPanel slideshow_transparent\" style=\"display: none;\"><ul><li class=\"slideshow_togglePlay\" data-play-text=\"Play\" data-pause-text=\"Pause\"><\/li><\/ul><\/div>\r\n\r\n\t\t<div class=\"slideshow_button slideshow_previous slideshow_transparent\" role=\"button\" data-previous-text=\"Previous\" style=\"display: none;\"><\/div>\r\n\t\t<div class=\"slideshow_button slideshow_next slideshow_transparent\" role=\"button\" data-next-text=\"Next\" style=\"display: none;\"><\/div>\r\n\r\n\t\t<div class=\"slideshow_pagination\" style=\"display: none;\" data-go-to-text=\"Go to slide\"><div class=\"slideshow_pagination_center\"><\/div><\/div>\r\n\r\n\t\t<!-- WordPress Slideshow Version 2.3.1 -->\r\n\r\n\t\t\t<\/div>\r\n\r\n\n<p>&nbsp;<\/p>\n<p>&nbsp;<\/p>\n<p>&nbsp;<\/p>\n<p>&nbsp;<\/p>\n","protected":false},"excerpt":{"rendered":"<p>Chain Gang er et samarbejde mellem fem undervisere p\u00e5 Det Jyske Musikkonservatorium: Peter Seebach, Skipper Flytkj\u00e6r, Kristian Lassen, Jens Christian Chappe Jensen og Bj\u00f8rn B\u00f8nne Petersen. Samarbejdet blevt etableret i 2004 med det form\u00e5l at skabe levende og medrivende koncertoplevelser for skoleelever og var del af DJMs f\u00f8dek\u00e6desatsning. I \u00e5rene 2004-2008 gav orkesteret en lang &hellip; <a href=\"http:\/\/eportfolio.musikkons.dk\/wordpress\/bjoernpetersen\/chain-gang\/\" class=\"more-link\">Continue reading<span class=\"screen-reader-text\"> &#8220;Chain Gang&#8221;<\/span><\/a><\/p>\n","protected":false},"author":10,"featured_media":0,"parent":0,"menu_order":0,"comment_status":"closed","ping_status":"closed","template":"","meta":[],"_links":{"self":[{"href":"http:\/\/eportfolio.musikkons.dk\/wordpress\/bjoernpetersen\/wp-json\/wp\/v2\/pages\/670"}],"collection":[{"href":"http:\/\/eportfolio.musikkons.dk\/wordpress\/bjoernpetersen\/wp-json\/wp\/v2\/pages"}],"about":[{"href":"http:\/\/eportfolio.musikkons.dk\/wordpress\/bjoernpetersen\/wp-json\/wp\/v2\/types\/page"}],"author":[{"embeddable":true,"href":"http:\/\/eportfolio.musikkons.dk\/wordpress\/bjoernpetersen\/wp-json\/wp\/v2\/users\/10"}],"replies":[{"embeddable":true,"href":"http:\/\/eportfolio.musikkons.dk\/wordpress\/bjoernpetersen\/wp-json\/wp\/v2\/comments?post=670"}],"version-history":[{"count":11,"href":"http:\/\/eportfolio.musikkons.dk\/wordpress\/bjoernpetersen\/wp-json\/wp\/v2\/pages\/670\/revisions"}],"predecessor-version":[{"id":705,"href":"http:\/\/eportfolio.musikkons.dk\/wordpress\/bjoernpetersen\/wp-json\/wp\/v2\/pages\/670\/revisions\/705"}],"wp:attachment":[{"href":"http:\/\/eportfolio.musikkons.dk\/wordpress\/bjoernpetersen\/wp-json\/wp\/v2\/media?parent=670"}],"curies":[{"name":"wp","href":"https:\/\/api.w.org\/{rel}","templated":true}]}}