{"id":720,"date":"2015-11-11T12:44:02","date_gmt":"2015-11-11T11:44:02","guid":{"rendered":"http:\/\/eportfolio.musikkons.dk\/wordpress\/bjoernpetersen\/?page_id=720"},"modified":"2019-03-07T22:32:43","modified_gmt":"2019-03-07T21:32:43","slug":"a-rock-in-your-shoe","status":"publish","type":"page","link":"http:\/\/eportfolio.musikkons.dk\/wordpress\/bjoernpetersen\/a-rock-in-your-shoe\/","title":{"rendered":"A Rock in your Shoe"},"content":{"rendered":"<p>A Rock in your Shoe er skrevet sammen med tekstforfatteren og hjerneforskeren Mikkel Wallentin. Tanken er at den skal v\u00e6re den f\u00f8rste i en r\u00e6kke der kan blive til et album &#8211; et projekt der p\u00e5 gr. af tidn\u00f8d ligger lidt stille p.t. Versionen her er en demo med mig selv som ud\u00f8vende p\u00e5 vokal, kor, guitar, kontrabas, elbas og keyboards.<\/p>\n<!--[if lt IE 9]><script>document.createElement('audio');<\/script><![endif]-->\n<audio class=\"wp-audio-shortcode\" id=\"audio-720-1\" preload=\"none\" style=\"width: 100%;\" controls=\"controls\"><source type=\"audio\/mpeg\" src=\"http:\/\/eportfolio.musikkons.dk\/wordpress\/bjoernpetersen\/files\/2015\/11\/A-rock-in-your-shoe.mp3?_=1\" \/><a href=\"http:\/\/eportfolio.musikkons.dk\/wordpress\/bjoernpetersen\/files\/2015\/11\/A-rock-in-your-shoe.mp3\">http:\/\/eportfolio.musikkons.dk\/wordpress\/bjoernpetersen\/files\/2015\/11\/A-rock-in-your-shoe.mp3<\/a><\/audio>\n<p>http:\/\/eportfolio.musikkons.dk\/wordpress\/bjoernpetersen\/files\/2015\/11\/A-ROCK-IN-YOUR-SHOE.pdf<\/p>\n","protected":false},"excerpt":{"rendered":"<p>A Rock in your Shoe er skrevet sammen med tekstforfatteren og hjerneforskeren Mikkel Wallentin. Tanken er at den skal v\u00e6re den f\u00f8rste i en r\u00e6kke der kan blive til et album &#8211; et projekt der p\u00e5 gr. af tidn\u00f8d ligger lidt stille p.t. Versionen her er en demo med mig selv som ud\u00f8vende p\u00e5 vokal, &hellip; <a href=\"http:\/\/eportfolio.musikkons.dk\/wordpress\/bjoernpetersen\/a-rock-in-your-shoe\/\" class=\"more-link\">Continue reading<span class=\"screen-reader-text\"> &#8220;A Rock in your Shoe&#8221;<\/span><\/a><\/p>\n","protected":false},"author":10,"featured_media":0,"parent":0,"menu_order":0,"comment_status":"closed","ping_status":"closed","template":"","meta":[],"_links":{"self":[{"href":"http:\/\/eportfolio.musikkons.dk\/wordpress\/bjoernpetersen\/wp-json\/wp\/v2\/pages\/720"}],"collection":[{"href":"http:\/\/eportfolio.musikkons.dk\/wordpress\/bjoernpetersen\/wp-json\/wp\/v2\/pages"}],"about":[{"href":"http:\/\/eportfolio.musikkons.dk\/wordpress\/bjoernpetersen\/wp-json\/wp\/v2\/types\/page"}],"author":[{"embeddable":true,"href":"http:\/\/eportfolio.musikkons.dk\/wordpress\/bjoernpetersen\/wp-json\/wp\/v2\/users\/10"}],"replies":[{"embeddable":true,"href":"http:\/\/eportfolio.musikkons.dk\/wordpress\/bjoernpetersen\/wp-json\/wp\/v2\/comments?post=720"}],"version-history":[{"count":3,"href":"http:\/\/eportfolio.musikkons.dk\/wordpress\/bjoernpetersen\/wp-json\/wp\/v2\/pages\/720\/revisions"}],"predecessor-version":[{"id":865,"href":"http:\/\/eportfolio.musikkons.dk\/wordpress\/bjoernpetersen\/wp-json\/wp\/v2\/pages\/720\/revisions\/865"}],"wp:attachment":[{"href":"http:\/\/eportfolio.musikkons.dk\/wordpress\/bjoernpetersen\/wp-json\/wp\/v2\/media?parent=720"}],"curies":[{"name":"wp","href":"https:\/\/api.w.org\/{rel}","templated":true}]}}