{"id":754,"date":"2015-11-16T08:13:16","date_gmt":"2015-11-16T07:13:16","guid":{"rendered":"http:\/\/eportfolio.musikkons.dk\/wordpress\/bjoernpetersen\/?page_id=754"},"modified":"2017-11-22T11:33:16","modified_gmt":"2017-11-22T10:33:16","slug":"arosian-stew","status":"publish","type":"page","link":"http:\/\/eportfolio.musikkons.dk\/wordpress\/bjoernpetersen\/arosian-stew\/","title":{"rendered":"Arosian Stew"},"content":{"rendered":"<p>I august 2004 var jeg sammen med mine to kolleger Lars Brinck og Jens Chr. Chappe Jensen ansvarlig for b\u00e5de det kunstneriske indhold og den organisatoriske tilrettel\u00e6ggelse af DJMs store f\u00e6lleskoncerter p\u00e5 Univers-scenen i Aarhus festuge. Den ganske store musikproduktion havde titlen Live Eros og tog i lighed med tidligere \u00e5rs koncerter, Live Brazil og Live India, udgangspunkt i festugens tema, som det \u00e5r var Fra Aros med Eros. Vi p\u00e5tog os hver is\u00e6r opgaven at skrive, arrangere, indstudere og lede et program af ca. 20 minutters musik, som skulle involvere bl\u00e6sergruppe, sangere\/ kor, percussiongruppe, dansere og rytmegruppe \u2013 i alt ca. 50 ud\u00f8vende. Opgaven var s\u00e5ledes i h\u00f8j grad bunden. Der skulle v\u00e6re interessante, fyldige og meningsfulde opgaver for alle implicerede, som var studerende fra DJM s rytmiske uddannelser: RM, RMB og AM. Musikken skulle have substans men ikke v\u00e6re mere kompleks end at den kunne indstuderes p\u00e5 3-4 pr\u00f8ver. Endelig var det et ideal, at der var en sammenh\u00e6ng med festugens tema. Jeg valgte at l\u00f8se opgaven ved at skrive en suite p\u00e5 tre numre, der hver is\u00e6r rummede elementer af tre forskellige stilarter: latinamerikansk, mellem\u00f8stligt og afroamerikansk. Udover at disse genrer er musik jeg har b\u00e5de erfaring med og stor affektion for var det ogs\u00e5 hensigten at hylde den kulturelle diversitet som musik er udtryk for og som Det Jyske Musikkonservatorium qua sine forskellige uddannelser repr\u00e6senterer. Suitens titel blev Arosian Stew, som antydede at der var tale om blandingsprodukter snarere end den rene vare. Udviklingsarbejdet der f\u00f8rte til suiten har jeg beskrevet i en artikel hvor jeg navnlig fokuserer p\u00e5 de arrangementsm\u00e6ssige sider af det kreative arbejde. Artiklen indg\u00e5r i en <em>Antologi over kunstnerisk udviklingsvirksomhed<\/em>, som indeholder artikler fra en r\u00e6kke DJM-undervisere og som jeg er redakt\u00f8r af. L\u00e6s <a href=\"http:\/\/eportfolio.musikkons.dk\/wordpress\/bjoernpetersen\/files\/2017\/11\/KUV_Antologi_Arosian-Stew.pdf\">artiklen her<\/a> og se en live-video fra Univers <a href=\"http:\/\/eportfolio.musikkons.dk\/wordpress\/bjoernpetersen\/musik\/kuv-arosian-stew\/\">her<\/a>. <a href=\"http:\/\/eportfolio.musikkons.dk\/wordpress\/bjoernpetersen\/arosian-stew-partiturer\/\">Partiturer til de tre v\u00e6rker finder du her.<\/a><\/p>\n","protected":false},"excerpt":{"rendered":"<p>I august 2004 var jeg sammen med mine to kolleger Lars Brinck og Jens Chr. Chappe Jensen ansvarlig for b\u00e5de det kunstneriske indhold og den organisatoriske tilrettel\u00e6ggelse af DJMs store f\u00e6lleskoncerter p\u00e5 Univers-scenen i Aarhus festuge. Den ganske store musikproduktion havde titlen Live Eros og tog i lighed med tidligere \u00e5rs koncerter, Live Brazil og &hellip; <a href=\"http:\/\/eportfolio.musikkons.dk\/wordpress\/bjoernpetersen\/arosian-stew\/\" class=\"more-link\">Continue reading<span class=\"screen-reader-text\"> &#8220;Arosian Stew&#8221;<\/span><\/a><\/p>\n","protected":false},"author":10,"featured_media":0,"parent":0,"menu_order":0,"comment_status":"closed","ping_status":"closed","template":"","meta":[],"_links":{"self":[{"href":"http:\/\/eportfolio.musikkons.dk\/wordpress\/bjoernpetersen\/wp-json\/wp\/v2\/pages\/754"}],"collection":[{"href":"http:\/\/eportfolio.musikkons.dk\/wordpress\/bjoernpetersen\/wp-json\/wp\/v2\/pages"}],"about":[{"href":"http:\/\/eportfolio.musikkons.dk\/wordpress\/bjoernpetersen\/wp-json\/wp\/v2\/types\/page"}],"author":[{"embeddable":true,"href":"http:\/\/eportfolio.musikkons.dk\/wordpress\/bjoernpetersen\/wp-json\/wp\/v2\/users\/10"}],"replies":[{"embeddable":true,"href":"http:\/\/eportfolio.musikkons.dk\/wordpress\/bjoernpetersen\/wp-json\/wp\/v2\/comments?post=754"}],"version-history":[{"count":6,"href":"http:\/\/eportfolio.musikkons.dk\/wordpress\/bjoernpetersen\/wp-json\/wp\/v2\/pages\/754\/revisions"}],"predecessor-version":[{"id":859,"href":"http:\/\/eportfolio.musikkons.dk\/wordpress\/bjoernpetersen\/wp-json\/wp\/v2\/pages\/754\/revisions\/859"}],"wp:attachment":[{"href":"http:\/\/eportfolio.musikkons.dk\/wordpress\/bjoernpetersen\/wp-json\/wp\/v2\/media?parent=754"}],"curies":[{"name":"wp","href":"https:\/\/api.w.org\/{rel}","templated":true}]}}