{"id":817,"date":"2017-03-23T15:02:50","date_gmt":"2017-03-23T14:02:50","guid":{"rendered":"http:\/\/eportfolio.musikkons.dk\/wordpress\/bjoernpetersen\/?page_id=817"},"modified":"2021-03-15T14:55:19","modified_gmt":"2021-03-15T13:55:19","slug":"adjunktkursus","status":"publish","type":"page","link":"http:\/\/eportfolio.musikkons.dk\/wordpress\/bjoernpetersen\/adjunktkursus\/","title":{"rendered":"Adjunktkursus"},"content":{"rendered":"<p>I for\u00e5ret 2016 gennemf\u00f8rte jeg Aarhus Universitets adjunktkursus. Kursets omfang er 5 ECTS svarende til i alt ca. 150 timers arbejde.<\/p>\n<p>Kursets indhold: Kurset har omhandlet universitetsp\u00e6dagogik som vidensfelt, l\u00e6ringsteori og l\u00e6ringsm\u00e5l, de studerendes motivation og l\u00e6ringsstrategier, teori om planl\u00e6gning af undervisningsforl\u00f8b, kursisternes egne undervisningsplaner og -praksis, forskellige former for forel\u00e6sning, holdundervisning, vejledning og informations- og kommunikationsteknologi i undervisningen, forskningsbaseret undervisning, motivationsstrukturer p\u00e5 universitetet og egen udvikling som underviser.<\/p>\n<p><a href=\"http:\/\/eportfolio.musikkons.dk\/wordpress\/bjoernpetersen\/files\/2017\/03\/Bevis-for-Adjunktkursus_2016.pdf\">Bevis for Adjunktkursus_2016<\/a><\/p>\n","protected":false},"excerpt":{"rendered":"<p>I for\u00e5ret 2016 gennemf\u00f8rte jeg Aarhus Universitets adjunktkursus. Kursets omfang er 5 ECTS svarende til i alt ca. 150 timers arbejde. Kursets indhold: Kurset har omhandlet universitetsp\u00e6dagogik som vidensfelt, l\u00e6ringsteori og l\u00e6ringsm\u00e5l, de studerendes motivation og l\u00e6ringsstrategier, teori om planl\u00e6gning af undervisningsforl\u00f8b, kursisternes egne undervisningsplaner og -praksis, forskellige former for forel\u00e6sning, holdundervisning, vejledning og informations- &hellip; <a href=\"http:\/\/eportfolio.musikkons.dk\/wordpress\/bjoernpetersen\/adjunktkursus\/\" class=\"more-link\">Continue reading<span class=\"screen-reader-text\"> &#8220;Adjunktkursus&#8221;<\/span><\/a><\/p>\n","protected":false},"author":10,"featured_media":0,"parent":0,"menu_order":0,"comment_status":"closed","ping_status":"closed","template":"","meta":[],"_links":{"self":[{"href":"http:\/\/eportfolio.musikkons.dk\/wordpress\/bjoernpetersen\/wp-json\/wp\/v2\/pages\/817"}],"collection":[{"href":"http:\/\/eportfolio.musikkons.dk\/wordpress\/bjoernpetersen\/wp-json\/wp\/v2\/pages"}],"about":[{"href":"http:\/\/eportfolio.musikkons.dk\/wordpress\/bjoernpetersen\/wp-json\/wp\/v2\/types\/page"}],"author":[{"embeddable":true,"href":"http:\/\/eportfolio.musikkons.dk\/wordpress\/bjoernpetersen\/wp-json\/wp\/v2\/users\/10"}],"replies":[{"embeddable":true,"href":"http:\/\/eportfolio.musikkons.dk\/wordpress\/bjoernpetersen\/wp-json\/wp\/v2\/comments?post=817"}],"version-history":[{"count":2,"href":"http:\/\/eportfolio.musikkons.dk\/wordpress\/bjoernpetersen\/wp-json\/wp\/v2\/pages\/817\/revisions"}],"predecessor-version":[{"id":1052,"href":"http:\/\/eportfolio.musikkons.dk\/wordpress\/bjoernpetersen\/wp-json\/wp\/v2\/pages\/817\/revisions\/1052"}],"wp:attachment":[{"href":"http:\/\/eportfolio.musikkons.dk\/wordpress\/bjoernpetersen\/wp-json\/wp\/v2\/media?parent=817"}],"curies":[{"name":"wp","href":"https:\/\/api.w.org\/{rel}","templated":true}]}}