{"id":890,"date":"2019-03-07T16:46:51","date_gmt":"2019-03-07T15:46:51","guid":{"rendered":"http:\/\/eportfolio.musikkons.dk\/wordpress\/bjoernpetersen\/?page_id=890"},"modified":"2021-03-15T15:42:55","modified_gmt":"2021-03-15T14:42:55","slug":"en-tak","status":"publish","type":"page","link":"http:\/\/eportfolio.musikkons.dk\/wordpress\/bjoernpetersen\/musikalske-meritter\/en-tak\/","title":{"rendered":"En tak"},"content":{"rendered":"\r\n<p>Min gode ven og kollega, sprog- og hjerneforskeren Mikkel Wallentin har skrevet en underfundig, vedkommende, aktuel, relevant og dybsindig tekst om at v\u00e6re ung. Han har givet den titlen &#8220;En tak&#8221;.\u00a0Jeg har sat melodi til og lavet en indspilning. Line Ammitzb\u00f8ll S\u00f8ndergaard synger.<\/p>\r\n<p>Vores forh\u00e5bning er at nogle vil synge sangen. Fx p\u00e5 efterskoler og h\u00f8jskoler, men ogs\u00e5 gerne i kirker, p\u00e5 skoler, plejehjem, forsamlingshuse, idr\u00e6tsforeninger, ungdomsklubber, forboldstadier. Kort sagt alle steder hvor mennesker m\u00f8des og gerne vil stemme sindet med f\u00e6llessang.<\/p>\r\n<p>For at det skal blive til virkelighed skal man jo l\u00e6re melodien. Her p\u00e5 siden finder du b\u00e5de sang- og tekstark til &#8220;En tak&#8221; til fri afbenyttelse. Du kan ogs\u00e5 h\u00f8re indspilningen og se en video hvor man kan f\u00f8lge med i melodiens forskellige op- og nedture.<\/p>\r\n\r\n\r\n\r\n<p>Hilsen Bj\u00f8rn<\/p>\r\n\r\n\r\n\r\n<p><a href=\"http:\/\/eportfolio.musikkons.dk\/wordpress\/bjoernpetersen\/files\/2019\/03\/En-tak_Leadsheet-Full-Score.pdf\">En tak &#8211; leadsheet<\/a><\/p>\r\n<p><a href=\"http:\/\/eportfolio.musikkons.dk\/wordpress\/bjoernpetersen\/files\/2019\/03\/En-tak_wallentin.pdf\">En tak &#8211; tekstark<\/a><\/p>\r\n<p>&nbsp;<\/p>\r\n<!--[if lt IE 9]><script>document.createElement('audio');<\/script><![endif]-->\n<audio class=\"wp-audio-shortcode\" id=\"audio-890-1\" preload=\"none\" style=\"width: 100%;\" controls=\"controls\"><source type=\"audio\/mpeg\" src=\"http:\/\/eportfolio.musikkons.dk\/wordpress\/bjoernpetersen\/files\/2019\/03\/En-tak.mp3?_=1\" \/><a href=\"http:\/\/eportfolio.musikkons.dk\/wordpress\/bjoernpetersen\/files\/2019\/03\/En-tak.mp3\">http:\/\/eportfolio.musikkons.dk\/wordpress\/bjoernpetersen\/files\/2019\/03\/En-tak.mp3<\/a><\/audio>\r\n<p>&nbsp;<\/p>\r\n<p>&nbsp;<\/p>\r\n<p><iframe loading=\"lazy\" src=\"https:\/\/drive.google.com\/file\/d\/17FKjx-b0C85LsTk3ig4OL_mdRE4-ikdG\/preview\" width=\"1056\" height=\"594\"><\/iframe><\/p>","protected":false},"excerpt":{"rendered":"<p>Min gode ven og kollega, sprog- og hjerneforskeren Mikkel Wallentin har skrevet en underfundig, vedkommende, aktuel, relevant og dybsindig tekst om at v\u00e6re ung. Han har givet den titlen &#8220;En tak&#8221;.\u00a0Jeg har sat melodi til og lavet en indspilning. Line Ammitzb\u00f8ll S\u00f8ndergaard synger. Vores forh\u00e5bning er at nogle vil synge sangen. Fx p\u00e5 efterskoler og &hellip; <a href=\"http:\/\/eportfolio.musikkons.dk\/wordpress\/bjoernpetersen\/musikalske-meritter\/en-tak\/\" class=\"more-link\">Continue reading<span class=\"screen-reader-text\"> &#8220;En tak&#8221;<\/span><\/a><\/p>\n","protected":false},"author":10,"featured_media":0,"parent":629,"menu_order":5,"comment_status":"closed","ping_status":"closed","template":"","meta":[],"_links":{"self":[{"href":"http:\/\/eportfolio.musikkons.dk\/wordpress\/bjoernpetersen\/wp-json\/wp\/v2\/pages\/890"}],"collection":[{"href":"http:\/\/eportfolio.musikkons.dk\/wordpress\/bjoernpetersen\/wp-json\/wp\/v2\/pages"}],"about":[{"href":"http:\/\/eportfolio.musikkons.dk\/wordpress\/bjoernpetersen\/wp-json\/wp\/v2\/types\/page"}],"author":[{"embeddable":true,"href":"http:\/\/eportfolio.musikkons.dk\/wordpress\/bjoernpetersen\/wp-json\/wp\/v2\/users\/10"}],"replies":[{"embeddable":true,"href":"http:\/\/eportfolio.musikkons.dk\/wordpress\/bjoernpetersen\/wp-json\/wp\/v2\/comments?post=890"}],"version-history":[{"count":32,"href":"http:\/\/eportfolio.musikkons.dk\/wordpress\/bjoernpetersen\/wp-json\/wp\/v2\/pages\/890\/revisions"}],"predecessor-version":[{"id":1009,"href":"http:\/\/eportfolio.musikkons.dk\/wordpress\/bjoernpetersen\/wp-json\/wp\/v2\/pages\/890\/revisions\/1009"}],"up":[{"embeddable":true,"href":"http:\/\/eportfolio.musikkons.dk\/wordpress\/bjoernpetersen\/wp-json\/wp\/v2\/pages\/629"}],"wp:attachment":[{"href":"http:\/\/eportfolio.musikkons.dk\/wordpress\/bjoernpetersen\/wp-json\/wp\/v2\/media?parent=890"}],"curies":[{"name":"wp","href":"https:\/\/api.w.org\/{rel}","templated":true}]}}