{"id":374,"date":"2012-05-08T21:55:04","date_gmt":"2012-05-08T19:55:04","guid":{"rendered":"http:\/\/www.musikogci.dk\/wordpress\/?page_id=374"},"modified":"2014-05-12T12:15:02","modified_gmt":"2014-05-12T12:15:02","slug":"hjem","status":"publish","type":"page","link":"http:\/\/eportfolio.musikkons.dk\/wordpress\/frijsenborg-projekt\/","title":{"rendered":"HJEM"},"content":{"rendered":"<h2>Hej<\/h2>\n<h2><img loading=\"lazy\" class=\"size-medium wp-image-597 alignright\" alt=\"BP_Bas_outdoor\" src=\"http:\/\/eportfolio.musikkons.dk\/wordpress\/frijsenborg-projekt\/files\/2012\/05\/BP_Bas_outdoor-300x300.jpg\" width=\"300\" height=\"300\" srcset=\"http:\/\/eportfolio.musikkons.dk\/wordpress\/frijsenborg-projekt\/files\/2012\/05\/BP_Bas_outdoor-300x300.jpg 300w, http:\/\/eportfolio.musikkons.dk\/wordpress\/frijsenborg-projekt\/files\/2012\/05\/BP_Bas_outdoor-150x150.jpg 150w, http:\/\/eportfolio.musikkons.dk\/wordpress\/frijsenborg-projekt\/files\/2012\/05\/BP_Bas_outdoor.jpg 590w\" sizes=\"(max-width: 300px) 100vw, 300px\" \/>Dette er en hjemmeside der handler om \u00a0musik og Cochlear\u00a0Implants.\u00a0Her kan i finde min <a title=\"phd-afhandling\" href=\"http:\/\/eportfolio.musikkons.dk\/wordpress\/frijsenborg-projekt\/phd-afhandling\/\">Ph.D.-afhandling<\/a>, <a title=\"Ph.D.afhandling og artikler\" href=\"http:\/\/eportfolio.musikkons.dk\/wordpress\/frijsenborg-projekt\/ph-d-afhandling-og-artikler\/\">artikler<\/a> jeg har skrevet og en poster om <a title=\"CI-brugeres gl\u00e6de ved musik.\" href=\"http:\/\/eportfolio.musikkons.dk\/wordpress\/frijsenborg-projekt\/voksne-ci-brugeres-musikalske-lyttevaner-og-glaede-ved-musik\/\">voksne CI-brugeres gl\u00e6de ved musik<\/a>.<br \/>\nDesuden er der en side om vores forskningsprojekt med <a title=\"CI og musik p\u00e5 Frijsenborg\" href=\"http:\/\/eportfolio.musikkons.dk\/wordpress\/frijsenborg-projekt\/sample-page\/\">unge CI-brugere p\u00e5 Frijsenborg efterskole<\/a>. Her finder I forskelligt musikalsk <a title=\"Musiktr\u00e6ning\" href=\"http:\/\/eportfolio.musikkons.dk\/wordpress\/frijsenborg-projekt\/musiktraening\/\">h\u00f8retr\u00e6ningsmateriale<\/a> og en artikel pr\u00e6senteret ved <a title=\"Artikel om musikprojekt med unge CI-brugere\" href=\"http:\/\/eportfolio.musikkons.dk\/wordpress\/frijsenborg-projekt\/artikel-om-musikprojekt-med-unge-ci-brugere\/\">ISAAR konferencen august 2013.<\/a><\/h2>\n<h2>Med venlig hilsen<br \/>\nBj\u00f8rn Petersen<\/h2>\n","protected":false},"excerpt":{"rendered":"<p>Hej Dette er en hjemmeside der handler om \u00a0musik og Cochlear\u00a0Implants.\u00a0Her kan i finde min Ph.D.-afhandling, artikler jeg har skrevet og en poster om voksne CI-brugeres gl\u00e6de ved musik. Desuden er der en side om vores forskningsprojekt med unge CI-brugere p\u00e5 Frijsenborg efterskole. Her finder I forskelligt musikalsk h\u00f8retr\u00e6ningsmateriale og en artikel pr\u00e6senteret ved ISAAR [&hellip;]<\/p>\n","protected":false},"author":234,"featured_media":0,"parent":0,"menu_order":0,"comment_status":"closed","ping_status":"closed","template":"page-templates\/front-page.php","meta":[],"_links":{"self":[{"href":"http:\/\/eportfolio.musikkons.dk\/wordpress\/frijsenborg-projekt\/wp-json\/wp\/v2\/pages\/374"}],"collection":[{"href":"http:\/\/eportfolio.musikkons.dk\/wordpress\/frijsenborg-projekt\/wp-json\/wp\/v2\/pages"}],"about":[{"href":"http:\/\/eportfolio.musikkons.dk\/wordpress\/frijsenborg-projekt\/wp-json\/wp\/v2\/types\/page"}],"author":[{"embeddable":true,"href":"http:\/\/eportfolio.musikkons.dk\/wordpress\/frijsenborg-projekt\/wp-json\/wp\/v2\/users\/234"}],"replies":[{"embeddable":true,"href":"http:\/\/eportfolio.musikkons.dk\/wordpress\/frijsenborg-projekt\/wp-json\/wp\/v2\/comments?post=374"}],"version-history":[{"count":11,"href":"http:\/\/eportfolio.musikkons.dk\/wordpress\/frijsenborg-projekt\/wp-json\/wp\/v2\/pages\/374\/revisions"}],"predecessor-version":[{"id":633,"href":"http:\/\/eportfolio.musikkons.dk\/wordpress\/frijsenborg-projekt\/wp-json\/wp\/v2\/pages\/374\/revisions\/633"}],"wp:attachment":[{"href":"http:\/\/eportfolio.musikkons.dk\/wordpress\/frijsenborg-projekt\/wp-json\/wp\/v2\/media?parent=374"}],"curies":[{"name":"wp","href":"https:\/\/api.w.org\/{rel}","templated":true}]}}