{"id":473,"date":"2013-02-18T16:37:04","date_gmt":"2013-02-18T15:37:04","guid":{"rendered":"http:\/\/www.musikogci.dk\/wordpress\/?page_id=473"},"modified":"2018-12-17T12:42:14","modified_gmt":"2018-12-17T12:42:14","slug":"melodi-tonehojde-kontur","status":"publish","type":"page","link":"http:\/\/eportfolio.musikkons.dk\/wordpress\/frijsenborg-projekt\/melodi-tonehojde-kontur\/","title":{"rendered":"Melodi, toneh\u00f8jde, kontur"},"content":{"rendered":"<p>Her finder du quiz&#8217;erne med \u00f8velser i at skelne melodisk kontur, toneh\u00f8jde og melodier.<\/p>\n<p><a href=\"http:\/\/eportfolio.musikkons.dk\/wordpress\/frijsenborg-projekt\/melodi-tonehojde-kontur\/melodikontur_quiz_1-2\/\" rel=\"attachment wp-att-479\">Melodikontur_Quiz_1<\/a><\/p>\n<p><a style=\"line-height: 1.714285714; font-size: 1rem;\" href=\"http:\/\/eportfolio.musikkons.dk\/wordpress\/frijsenborg-projekt\/files\/2013\/02\/Melodikontur_Quiz_11.ppsm\">Melodikontur_Quiz_1<br \/>\n<\/a><a href=\"http:\/\/eportfolio.musikkons.dk\/wordpress\/frijsenborg-projekt\/files\/2013\/02\/Melodikontur_Quiz_2.ppsm\">Melodikontur_Quiz_2<\/a><a href=\"http:\/\/eportfolio.musikkons.dk\/wordpress\/frijsenborg-projekt\/files\/2013\/02\/Melodikontur_Quiz_2.ppsm\"><br \/>\n<\/a><a href=\"http:\/\/eportfolio.musikkons.dk\/wordpress\/frijsenborg-projekt\/files\/2013\/02\/Melodikontur_Quiz_4_lille_afstand_op_ned_ned_op.ppsm\">Melodikontur_Quiz_4_lille_afstand_op_ned_ned_op<br \/>\n<\/a><em id=\"__mceDel\"><em id=\"__mceDel\" style=\"line-height: 1.714285714; color: #444444; font-size: 1rem;\"><em id=\"__mceDel\"><a href=\"http:\/\/eportfolio.musikkons.dk\/wordpress\/frijsenborg-projekt\/files\/2013\/02\/Melodikontur_Quiz_3_lille_afstand_op_ned.ppsm\">Melodikontur_Quiz_3_lille_afstand_op_ned<\/a><\/em><\/em><\/em><\/p>\n<p><em id=\"__mceDel\">Her er en fil der forklarer og giver p\u00e5 eksempler p\u00e5 de forskellige m\u00e5der melodien bev\u00e6ger sig p\u00e5.<br \/>\n<a href=\"http:\/\/eportfolio.musikkons.dk\/wordpress\/frijsenborg-projekt\/files\/2013\/02\/Melodikonturer_Intro.ppsm\">Melodikonturer_Intro<\/a><\/em><\/p>\n<p>Her er en quiz der tr\u00e6nes dig i at genkende 7 forskellige melodier<\/p>\n<p>http:\/\/eportfolio.musikkons.dk\/wordpress\/frijsenborg-projekt\/files\/2013\/02\/Instrumentgenkendelse_1.ppsm<\/p>\n<p>&nbsp;<\/p>\n","protected":false},"excerpt":{"rendered":"<p>Her finder du quiz&#8217;erne med \u00f8velser i at skelne melodisk kontur, toneh\u00f8jde og melodier. Melodikontur_Quiz_1 Melodikontur_Quiz_1 Melodikontur_Quiz_2 Melodikontur_Quiz_4_lille_afstand_op_ned_ned_op Melodikontur_Quiz_3_lille_afstand_op_ned Her er en fil der forklarer og giver p\u00e5 eksempler p\u00e5 de forskellige m\u00e5der melodien bev\u00e6ger sig p\u00e5. Melodikonturer_Intro Her er en quiz der tr\u00e6nes dig i at genkende 7 forskellige melodier http:\/\/eportfolio.musikkons.dk\/wordpress\/frijsenborg-projekt\/files\/2013\/02\/Instrumentgenkendelse_1.ppsm &nbsp;<\/p>\n","protected":false},"author":234,"featured_media":0,"parent":0,"menu_order":0,"comment_status":"closed","ping_status":"closed","template":"","meta":[],"_links":{"self":[{"href":"http:\/\/eportfolio.musikkons.dk\/wordpress\/frijsenborg-projekt\/wp-json\/wp\/v2\/pages\/473"}],"collection":[{"href":"http:\/\/eportfolio.musikkons.dk\/wordpress\/frijsenborg-projekt\/wp-json\/wp\/v2\/pages"}],"about":[{"href":"http:\/\/eportfolio.musikkons.dk\/wordpress\/frijsenborg-projekt\/wp-json\/wp\/v2\/types\/page"}],"author":[{"embeddable":true,"href":"http:\/\/eportfolio.musikkons.dk\/wordpress\/frijsenborg-projekt\/wp-json\/wp\/v2\/users\/234"}],"replies":[{"embeddable":true,"href":"http:\/\/eportfolio.musikkons.dk\/wordpress\/frijsenborg-projekt\/wp-json\/wp\/v2\/comments?post=473"}],"version-history":[{"count":6,"href":"http:\/\/eportfolio.musikkons.dk\/wordpress\/frijsenborg-projekt\/wp-json\/wp\/v2\/pages\/473\/revisions"}],"predecessor-version":[{"id":694,"href":"http:\/\/eportfolio.musikkons.dk\/wordpress\/frijsenborg-projekt\/wp-json\/wp\/v2\/pages\/473\/revisions\/694"}],"wp:attachment":[{"href":"http:\/\/eportfolio.musikkons.dk\/wordpress\/frijsenborg-projekt\/wp-json\/wp\/v2\/media?parent=473"}],"curies":[{"name":"wp","href":"https:\/\/api.w.org\/{rel}","templated":true}]}}