{"id":545,"date":"2013-11-19T22:27:56","date_gmt":"2013-11-19T21:27:56","guid":{"rendered":"http:\/\/www.musikogci.dk\/wordpress\/?page_id=545"},"modified":"2013-11-19T22:27:56","modified_gmt":"2013-11-19T21:27:56","slug":"voksne-ci-brugeres-musikalske-lyttevaner-og-glaede-ved-musik","status":"publish","type":"page","link":"http:\/\/eportfolio.musikkons.dk\/wordpress\/frijsenborg-projekt\/voksne-ci-brugeres-musikalske-lyttevaner-og-glaede-ved-musik\/","title":{"rendered":"CI-brugeres gl\u00e6de ved musik."},"content":{"rendered":"<p>Her er en poster som beskriver resultatet af en stor sp\u00f8rgeskemaunders\u00f8gelse vi gennemf\u00f8rte i 2011 om voksne CI-brugeres brug af og gl\u00e6de ved musik. Poster er p\u00e5 engelsk og blev pr\u00e6senteret ved International Symposium of Auditory and Audiological Research (ISAAR) i Nyborg, august 2013.<br \/>\n<strong><em>Resum\u00e9: Af 250 adspurgte svarede 163. Det giver en svarprocent p\u00e5 65. Vi brugte 3 sp\u00f8rgeskemaer: 1. En fordansket udgave af et sp\u00f8rgeskema udviklet i IOWA, som unders\u00f8ger CI brugeres musikalske lyttevaner og gl\u00e6de ved musik. 2. SF 36 og Glasgow Benefit Inventory\u00a0som begge unders\u00f8ger almen livskvalitet og efter implantationen. Respondenternes musikalske baggrund blev belyst i unders\u00f8gelsen og svarede fint overens med den man finder blandt normalth\u00f8rende. CI brugerne lyttede markant mindre til musik efter de havde f\u00e5et CI end f\u00f8r deres h\u00f8retab. Dette er ogs\u00e5 vist i en lignende unders\u00f8gelse i USA. CI-brugerne beskriver lyden af musik forholdsvist positivt n\u00e5r de skal angive det p\u00e5 en skala mellem 0 og 10 (ubehageligt\/behageliget, mekanisk\/naturligt, sl\u00f8ret\/klart). Gennemsnittet af disse angivelser l\u00e5 p\u00e5 5.6 (5 ville v\u00e6re neutral). Efter at have modtaget deres implantat er CI brugernes gl\u00e6de ved musik \u00e6ndret. 19 % synes musik er mindre behageligt end f\u00f8r deres h\u00f8retab og finder ingen gl\u00e6de ved musik. 37 % siger at musik ikke er s\u00e5 behageligt som f\u00f8r deres h\u00f8retab men foretr\u00e6kker det frem for slet ingen musik. 44% synes at musik lyder lige s\u00e5 behageligt som eller mere behageligt f\u00f8r deres h\u00f8retab. Af andre faktorer der er det kun evnen til at tale i telefon viser en signifikant positiv sammenh\u00e6ng med gl\u00e6de ved musik. D.v.s. at de CI-brugere der fort\u00e6ller at de er i stand til at tale i telefon for de flestes vedkommende ogs\u00e5 er de der er i stand til at finde gl\u00e6de ved musik. Vi fandt en negativ sammenh\u00e6ng mellem alder og gl\u00e6de ved musik. D.v.s. at yngre CI brugere ser ud til at have st\u00f8rre gl\u00e6de ved musik med deres CI end \u00e6ldre. Endelig viste unders\u00f8gelsen ogs\u00e5 at der ser ud til at v\u00e6re en vis sammenh\u00e6ng mellem gl\u00e6de ved og udbytte af musik med CI og niveauet for livskvalitet.<\/em> <\/strong>\u00a0 \u00a0 (<a href=\"http:\/\/eportfolio.musikkons.dk\/wordpress\/frijsenborg-projekt\/files\/2013\/11\/Aspects-of-music-with-CIs_FIN_REV_ALT.pdf\" target=\"_blank\">Hent som pdf<\/a>)<\/p>\n<p><a href=\"http:\/\/eportfolio.musikkons.dk\/wordpress\/frijsenborg-projekt\/files\/2013\/11\/Aspects-of-music-with-CIs_FIN_REV_ALT.jpg\"><img loading=\"lazy\" class=\"alignnone size-full wp-image-546\" alt=\"Aspects of music with CIs_FIN_REV_ALT\" src=\"http:\/\/eportfolio.musikkons.dk\/wordpress\/frijsenborg-projekt\/files\/2013\/11\/Aspects-of-music-with-CIs_FIN_REV_ALT.jpg\" width=\"2483\" height=\"3511\" srcset=\"http:\/\/eportfolio.musikkons.dk\/wordpress\/frijsenborg-projekt\/files\/2013\/11\/Aspects-of-music-with-CIs_FIN_REV_ALT.jpg 2483w, http:\/\/eportfolio.musikkons.dk\/wordpress\/frijsenborg-projekt\/files\/2013\/11\/Aspects-of-music-with-CIs_FIN_REV_ALT-212x300.jpg 212w, http:\/\/eportfolio.musikkons.dk\/wordpress\/frijsenborg-projekt\/files\/2013\/11\/Aspects-of-music-with-CIs_FIN_REV_ALT-724x1024.jpg 724w, http:\/\/eportfolio.musikkons.dk\/wordpress\/frijsenborg-projekt\/files\/2013\/11\/Aspects-of-music-with-CIs_FIN_REV_ALT-624x882.jpg 624w\" sizes=\"(max-width: 2483px) 100vw, 2483px\" \/><\/a><\/p>\n","protected":false},"excerpt":{"rendered":"<p>Her er en poster som beskriver resultatet af en stor sp\u00f8rgeskemaunders\u00f8gelse vi gennemf\u00f8rte i 2011 om voksne CI-brugeres brug af og gl\u00e6de ved musik. Poster er p\u00e5 engelsk og blev pr\u00e6senteret ved International Symposium of Auditory and Audiological Research (ISAAR) i Nyborg, august 2013. Resum\u00e9: Af 250 adspurgte svarede 163. Det giver en svarprocent p\u00e5 [&hellip;]<\/p>\n","protected":false},"author":234,"featured_media":0,"parent":0,"menu_order":3,"comment_status":"closed","ping_status":"closed","template":"page-templates\/front-page.php","meta":[],"_links":{"self":[{"href":"http:\/\/eportfolio.musikkons.dk\/wordpress\/frijsenborg-projekt\/wp-json\/wp\/v2\/pages\/545"}],"collection":[{"href":"http:\/\/eportfolio.musikkons.dk\/wordpress\/frijsenborg-projekt\/wp-json\/wp\/v2\/pages"}],"about":[{"href":"http:\/\/eportfolio.musikkons.dk\/wordpress\/frijsenborg-projekt\/wp-json\/wp\/v2\/types\/page"}],"author":[{"embeddable":true,"href":"http:\/\/eportfolio.musikkons.dk\/wordpress\/frijsenborg-projekt\/wp-json\/wp\/v2\/users\/234"}],"replies":[{"embeddable":true,"href":"http:\/\/eportfolio.musikkons.dk\/wordpress\/frijsenborg-projekt\/wp-json\/wp\/v2\/comments?post=545"}],"version-history":[{"count":0,"href":"http:\/\/eportfolio.musikkons.dk\/wordpress\/frijsenborg-projekt\/wp-json\/wp\/v2\/pages\/545\/revisions"}],"wp:attachment":[{"href":"http:\/\/eportfolio.musikkons.dk\/wordpress\/frijsenborg-projekt\/wp-json\/wp\/v2\/media?parent=545"}],"curies":[{"name":"wp","href":"https:\/\/api.w.org\/{rel}","templated":true}]}}