{"id":563,"date":"2013-11-28T12:44:41","date_gmt":"2013-11-28T11:44:41","guid":{"rendered":"http:\/\/www.musikogci.dk\/wordpress\/?page_id=563"},"modified":"2015-11-11T12:35:18","modified_gmt":"2015-11-11T12:35:18","slug":"cortical-plasticity-after-cochlear-implantation","status":"publish","type":"page","link":"http:\/\/eportfolio.musikkons.dk\/wordpress\/frijsenborg-projekt\/cortical-plasticity-after-cochlear-implantation\/","title":{"rendered":"Cortical Plasticity after Cochlear Implantation"},"content":{"rendered":"<p>Dette er en artikel der beskriver et studium hvor vi ved hj\u00e6lp af PET-skanninger kortlagde udviklingen i hjernens h\u00f8re- og sprogomr\u00e5der i forbindelse med tilv\u00e6nningen til CI i de f\u00f8rste seks m\u00e5neder efter tilslutning.<\/p>\n<p>Download den her\u00a0<a href=\"http:\/\/eportfolio.musikkons.dk\/wordpress\/frijsenborg-projekt\/files\/2013\/11\/Petersen_Cortical-Plasticity_a_CI.pdf\">Petersen_Cortical Plasticity_a_CI<\/a><\/p>\n<p>Eller se den online her:<br \/>\n<span style=\"line-height: 1.714285714; font-size: 1rem;\"><br \/>\n<\/span><a style=\"line-height: 1.714285714; font-size: 1rem;\" href=\"http:\/\/www.hindawi.com\/journals\/np\/2013\/318521\/\">http:\/\/www.hindawi.com\/journals\/np\/2013\/318521\/<\/a><\/p>\n","protected":false},"excerpt":{"rendered":"<p>Dette er en artikel der beskriver et studium hvor vi ved hj\u00e6lp af PET-skanninger kortlagde udviklingen i hjernens h\u00f8re- og sprogomr\u00e5der i forbindelse med tilv\u00e6nningen til CI i de f\u00f8rste seks m\u00e5neder efter tilslutning. Download den her\u00a0Petersen_Cortical Plasticity_a_CI Eller se den online her: http:\/\/www.hindawi.com\/journals\/np\/2013\/318521\/<\/p>\n","protected":false},"author":234,"featured_media":0,"parent":0,"menu_order":10,"comment_status":"closed","ping_status":"closed","template":"","meta":[],"_links":{"self":[{"href":"http:\/\/eportfolio.musikkons.dk\/wordpress\/frijsenborg-projekt\/wp-json\/wp\/v2\/pages\/563"}],"collection":[{"href":"http:\/\/eportfolio.musikkons.dk\/wordpress\/frijsenborg-projekt\/wp-json\/wp\/v2\/pages"}],"about":[{"href":"http:\/\/eportfolio.musikkons.dk\/wordpress\/frijsenborg-projekt\/wp-json\/wp\/v2\/types\/page"}],"author":[{"embeddable":true,"href":"http:\/\/eportfolio.musikkons.dk\/wordpress\/frijsenborg-projekt\/wp-json\/wp\/v2\/users\/234"}],"replies":[{"embeddable":true,"href":"http:\/\/eportfolio.musikkons.dk\/wordpress\/frijsenborg-projekt\/wp-json\/wp\/v2\/comments?post=563"}],"version-history":[{"count":2,"href":"http:\/\/eportfolio.musikkons.dk\/wordpress\/frijsenborg-projekt\/wp-json\/wp\/v2\/pages\/563\/revisions"}],"predecessor-version":[{"id":651,"href":"http:\/\/eportfolio.musikkons.dk\/wordpress\/frijsenborg-projekt\/wp-json\/wp\/v2\/pages\/563\/revisions\/651"}],"wp:attachment":[{"href":"http:\/\/eportfolio.musikkons.dk\/wordpress\/frijsenborg-projekt\/wp-json\/wp\/v2\/media?parent=563"}],"curies":[{"name":"wp","href":"https:\/\/api.w.org\/{rel}","templated":true}]}}