{"id":637,"date":"2014-06-10T08:13:40","date_gmt":"2014-06-10T08:13:40","guid":{"rendered":"http:\/\/eportfolio.musikkons.dk\/wordpress\/frijsenborg-projekt\/?page_id=637"},"modified":"2014-06-10T08:24:09","modified_gmt":"2014-06-10T08:24:09","slug":"music-for-little-digital-ears-music-training-with-preschool-children-using-cochlear-implants","status":"publish","type":"page","link":"http:\/\/eportfolio.musikkons.dk\/wordpress\/frijsenborg-projekt\/ph-d-afhandling-og-artikler\/music-for-little-digital-ears-music-training-with-preschool-children-using-cochlear-implants\/","title":{"rendered":"Resum\u00e9 om musiktr\u00e6ning med b\u00f8rnehaveb\u00f8rn med CI"},"content":{"rendered":"<p>Her er et resum\u00e9 af en unders\u00f8gelse vi gennemf\u00f8rte med b\u00f8rnehaveb\u00f8rn med cochlear implants:<\/p>\n<p><a style=\"line-height: 1.714285714; font-size: 1rem;\" href=\"http:\/\/eportfolio.musikkons.dk\/wordpress\/frijsenborg-projekt\/files\/2014\/06\/Music-for-little-digital-ears.pdf\">Music for little digital ears<\/a><\/p>\n<p>&nbsp;<\/p>\n<p>&nbsp;<\/p>\n","protected":false},"excerpt":{"rendered":"<p>Her er et resum\u00e9 af en unders\u00f8gelse vi gennemf\u00f8rte med b\u00f8rnehaveb\u00f8rn med cochlear implants: Music for little digital ears &nbsp; &nbsp;<\/p>\n","protected":false},"author":10,"featured_media":0,"parent":593,"menu_order":0,"comment_status":"closed","ping_status":"closed","template":"","meta":[],"_links":{"self":[{"href":"http:\/\/eportfolio.musikkons.dk\/wordpress\/frijsenborg-projekt\/wp-json\/wp\/v2\/pages\/637"}],"collection":[{"href":"http:\/\/eportfolio.musikkons.dk\/wordpress\/frijsenborg-projekt\/wp-json\/wp\/v2\/pages"}],"about":[{"href":"http:\/\/eportfolio.musikkons.dk\/wordpress\/frijsenborg-projekt\/wp-json\/wp\/v2\/types\/page"}],"author":[{"embeddable":true,"href":"http:\/\/eportfolio.musikkons.dk\/wordpress\/frijsenborg-projekt\/wp-json\/wp\/v2\/users\/10"}],"replies":[{"embeddable":true,"href":"http:\/\/eportfolio.musikkons.dk\/wordpress\/frijsenborg-projekt\/wp-json\/wp\/v2\/comments?post=637"}],"version-history":[{"count":10,"href":"http:\/\/eportfolio.musikkons.dk\/wordpress\/frijsenborg-projekt\/wp-json\/wp\/v2\/pages\/637\/revisions"}],"predecessor-version":[{"id":649,"href":"http:\/\/eportfolio.musikkons.dk\/wordpress\/frijsenborg-projekt\/wp-json\/wp\/v2\/pages\/637\/revisions\/649"}],"up":[{"embeddable":true,"href":"http:\/\/eportfolio.musikkons.dk\/wordpress\/frijsenborg-projekt\/wp-json\/wp\/v2\/pages\/593"}],"wp:attachment":[{"href":"http:\/\/eportfolio.musikkons.dk\/wordpress\/frijsenborg-projekt\/wp-json\/wp\/v2\/media?parent=637"}],"curies":[{"name":"wp","href":"https:\/\/api.w.org\/{rel}","templated":true}]}}