{"id":662,"date":"2015-05-21T09:56:53","date_gmt":"2015-05-21T09:56:53","guid":{"rendered":"http:\/\/eportfolio.musikkons.dk\/wordpress\/frijsenborg-projekt\/?page_id=662"},"modified":"2015-05-21T09:58:07","modified_gmt":"2015-05-21T09:58:07","slug":"artikel-publiceret-i-frontiers-of-human-neuroscience-2015","status":"publish","type":"page","link":"http:\/\/eportfolio.musikkons.dk\/wordpress\/frijsenborg-projekt\/artikel-publiceret-i-frontiers-of-human-neuroscience-2015\/","title":{"rendered":"Artikel publiceret i Frontiers of Human Neuroscience, 2015"},"content":{"rendered":"<p>I januar 2015 blev artiklen\u00a0<em>Brain Responses to Musical Feature Changes in Adolescent Cochlear Implant Users<\/em> udgivet i det amerikanske tidsskrift Frontiers of Human Neuro Science.<\/p>\n<p>Her kan du l\u00e6se et dansk resum\u00e9 af artiklen:<\/p>\n<p><strong>Hjerrneresponser p\u00e5 afvigelser i musikalske parametre\u00a0hos unge med Cochlear Implant.\u00a0<\/strong><\/p>\n<p>Docent Bj\u00f8rn Petersen har sammen med danske og udenlandske samarbejdspartnere f\u00e5et udgivet en artikel i en s\u00e6rudgave af det amerikanske tidsskrift Frontiers of Human Neuroscience. Artiklen beskriver en del af det forskningsprojekt Bj\u00f8rn gennemf\u00f8rte under sit forskningsfrik\u00f8b fra Kulturministeriets Forskningsudvalg i 2012-13. Projektet unders\u00f8gte musikopfattelsen hos unge der er f\u00f8dt sv\u00e6rt eller helt d\u00f8ve, men som p\u00e5 et tidspunkt i barndommen har f\u00e5et indopereret et s\u00e5kaldt cochlear implant (CI). Selv om et CI muligg\u00f8r en vis taleforst\u00e5else, har disse unge behov for vedvarende h\u00f8retr\u00e6ning for at holde trit med deres normalth\u00f8rende j\u00e6vnaldrende. Gennem to uger tr\u00e6nede Bj\u00f8rn og to DJM-studerende, Troels M\u00f8rkenborg (RMB) og Anne Katrine Christensen (AM), 11 elever fra Frijsenborg Efterskole i element\u00e6re musikf\u00e6rdigheder. M\u00e5linger foretaget med elektroencefalografi (EEG) og auditive tests viste overensstemmende at de unge CI-brugere var i stand til at identificere forskelle i klangfarve, rytme og dynamik, mens opfattelse af toneh\u00f8jde var st\u00e6rkt begr\u00e6nset. Resultaterne indikerer at unge CI-brugere, trods medf\u00f8dt d\u00f8vhed og relativt sen behandling, besidder tilstr\u00e6kkelig neural kapacitet til at opfatte visse elementer i musik. De unge deltog med stort engagement i de musikalske aktiviteter og rapporterede selv fremskridt i deres auditive musikalske f\u00e6rdigheder. En statistisk signifikant effekt af tr\u00e6ningen kunne dog ikke p\u00e5vises, hvilket prim\u00e6rt m\u00e5 tilskrives det relativt korte forl\u00f8b. Unders\u00f8gelsen af de unge CI-brugeres opfattelse af musik er den f\u00f8rste af sin art og viser at m\u00e5lrettet sang- og musikundervisning er en motiverende og relevant aktivitet og muligvis kan v\u00e6re et supplement til den traditionelle h\u00f8retr\u00e6ningsindsats.<\/p>\n<p>L\u00e6s artiklen her som <a href=\"http:\/\/eportfolio.musikkons.dk\/wordpress\/frijsenborg-projekt\/files\/2015\/05\/Petersen_Brain-responses-to-musical-feature-changes-in-adolescent-cochlear-implant-users.pdf\" target=\"_blank\">PDF<\/a><\/p>\n<p>eller l\u00e6s artiklen online\u00a0<a href=\"http:\/\/journal.frontiersin.org\/article\/10.3389\/fnhum.2015.00007\/full\">http:\/\/journal.frontiersin.org\/article\/10.3389\/fnhum.2015.00007\/full<\/a><\/p>\n","protected":false},"excerpt":{"rendered":"<p>I januar 2015 blev artiklen\u00a0Brain Responses to Musical Feature Changes in Adolescent Cochlear Implant Users udgivet i det amerikanske tidsskrift Frontiers of Human Neuro Science. Her kan du l\u00e6se et dansk resum\u00e9 af artiklen: Hjerrneresponser p\u00e5 afvigelser i musikalske parametre\u00a0hos unge med Cochlear Implant.\u00a0 Docent Bj\u00f8rn Petersen har sammen med danske og udenlandske samarbejdspartnere f\u00e5et [&hellip;]<\/p>\n","protected":false},"author":10,"featured_media":0,"parent":0,"menu_order":0,"comment_status":"closed","ping_status":"closed","template":"","meta":[],"_links":{"self":[{"href":"http:\/\/eportfolio.musikkons.dk\/wordpress\/frijsenborg-projekt\/wp-json\/wp\/v2\/pages\/662"}],"collection":[{"href":"http:\/\/eportfolio.musikkons.dk\/wordpress\/frijsenborg-projekt\/wp-json\/wp\/v2\/pages"}],"about":[{"href":"http:\/\/eportfolio.musikkons.dk\/wordpress\/frijsenborg-projekt\/wp-json\/wp\/v2\/types\/page"}],"author":[{"embeddable":true,"href":"http:\/\/eportfolio.musikkons.dk\/wordpress\/frijsenborg-projekt\/wp-json\/wp\/v2\/users\/10"}],"replies":[{"embeddable":true,"href":"http:\/\/eportfolio.musikkons.dk\/wordpress\/frijsenborg-projekt\/wp-json\/wp\/v2\/comments?post=662"}],"version-history":[{"count":2,"href":"http:\/\/eportfolio.musikkons.dk\/wordpress\/frijsenborg-projekt\/wp-json\/wp\/v2\/pages\/662\/revisions"}],"predecessor-version":[{"id":665,"href":"http:\/\/eportfolio.musikkons.dk\/wordpress\/frijsenborg-projekt\/wp-json\/wp\/v2\/pages\/662\/revisions\/665"}],"wp:attachment":[{"href":"http:\/\/eportfolio.musikkons.dk\/wordpress\/frijsenborg-projekt\/wp-json\/wp\/v2\/media?parent=662"}],"curies":[{"name":"wp","href":"https:\/\/api.w.org\/{rel}","templated":true}]}}