{"id":667,"date":"2015-05-21T11:27:25","date_gmt":"2015-05-21T11:27:25","guid":{"rendered":"http:\/\/eportfolio.musikkons.dk\/wordpress\/frijsenborg-projekt\/?page_id=667"},"modified":"2015-05-21T11:27:25","modified_gmt":"2015-05-21T11:27:25","slug":"plancheposter-om-projekt-med-musikalsk-horetraening-med-unge-ci-brugere-fra-frijsenborg-efterskole","status":"publish","type":"page","link":"http:\/\/eportfolio.musikkons.dk\/wordpress\/frijsenborg-projekt\/plancheposter-om-projekt-med-musikalsk-horetraening-med-unge-ci-brugere-fra-frijsenborg-efterskole\/","title":{"rendered":"Planche\/Poster om projekt med musikalsk h\u00f8retr\u00e6ning med unge CI-brugere fra Frijsenborg Efterskole"},"content":{"rendered":"<p>Denne poster om CI og musikkprojektet p\u00e5 Frijsenborg Efterskole har v\u00e6ret pr\u00e6senteret ved konferencerne \u00a0The Society for the Neurobiology of Language, 2013 i SanDiego og\u00a0THE NEUROSCIENCES AND MUSIC &#8211; V\u00a0COGNITIVE STIMULATION AND REHABILITATION, Dijon, 2014.<br \/>\nKlik for at se som PDF.<\/p>\n<p><a href=\"http:\/\/eportfolio.musikkons.dk\/wordpress\/frijsenborg-projekt\/files\/2015\/05\/BPE_Dijon_Poster.pdf\" target=\"_blank\"><img loading=\"lazy\" class=\"alignright size-full wp-image-668\" src=\"http:\/\/eportfolio.musikkons.dk\/wordpress\/frijsenborg-projekt\/files\/2015\/05\/BPE_Dijon_Poster.jpg\" alt=\"BPE_Dijon_Poster\" width=\"4967\" height=\"7023\" srcset=\"http:\/\/eportfolio.musikkons.dk\/wordpress\/frijsenborg-projekt\/files\/2015\/05\/BPE_Dijon_Poster.jpg 4967w, http:\/\/eportfolio.musikkons.dk\/wordpress\/frijsenborg-projekt\/files\/2015\/05\/BPE_Dijon_Poster-212x300.jpg 212w, http:\/\/eportfolio.musikkons.dk\/wordpress\/frijsenborg-projekt\/files\/2015\/05\/BPE_Dijon_Poster-724x1024.jpg 724w, http:\/\/eportfolio.musikkons.dk\/wordpress\/frijsenborg-projekt\/files\/2015\/05\/BPE_Dijon_Poster-624x882.jpg 624w\" sizes=\"(max-width: 4967px) 100vw, 4967px\" \/><\/a><\/p>\n","protected":false},"excerpt":{"rendered":"<p>Denne poster om CI og musikkprojektet p\u00e5 Frijsenborg Efterskole har v\u00e6ret pr\u00e6senteret ved konferencerne \u00a0The Society for the Neurobiology of Language, 2013 i SanDiego og\u00a0THE NEUROSCIENCES AND MUSIC &#8211; V\u00a0COGNITIVE STIMULATION AND REHABILITATION, Dijon, 2014. Klik for at se som PDF.<\/p>\n","protected":false},"author":10,"featured_media":0,"parent":0,"menu_order":0,"comment_status":"closed","ping_status":"closed","template":"","meta":[],"_links":{"self":[{"href":"http:\/\/eportfolio.musikkons.dk\/wordpress\/frijsenborg-projekt\/wp-json\/wp\/v2\/pages\/667"}],"collection":[{"href":"http:\/\/eportfolio.musikkons.dk\/wordpress\/frijsenborg-projekt\/wp-json\/wp\/v2\/pages"}],"about":[{"href":"http:\/\/eportfolio.musikkons.dk\/wordpress\/frijsenborg-projekt\/wp-json\/wp\/v2\/types\/page"}],"author":[{"embeddable":true,"href":"http:\/\/eportfolio.musikkons.dk\/wordpress\/frijsenborg-projekt\/wp-json\/wp\/v2\/users\/10"}],"replies":[{"embeddable":true,"href":"http:\/\/eportfolio.musikkons.dk\/wordpress\/frijsenborg-projekt\/wp-json\/wp\/v2\/comments?post=667"}],"version-history":[{"count":1,"href":"http:\/\/eportfolio.musikkons.dk\/wordpress\/frijsenborg-projekt\/wp-json\/wp\/v2\/pages\/667\/revisions"}],"predecessor-version":[{"id":670,"href":"http:\/\/eportfolio.musikkons.dk\/wordpress\/frijsenborg-projekt\/wp-json\/wp\/v2\/pages\/667\/revisions\/670"}],"wp:attachment":[{"href":"http:\/\/eportfolio.musikkons.dk\/wordpress\/frijsenborg-projekt\/wp-json\/wp\/v2\/media?parent=667"}],"curies":[{"name":"wp","href":"https:\/\/api.w.org\/{rel}","templated":true}]}}