{"id":26,"date":"2012-08-23T12:12:19","date_gmt":"2012-08-23T10:12:19","guid":{"rendered":"http:\/\/eportfolio.musikkons.dk\/wordpress\/itimusikundervisningen\/?page_id=26"},"modified":"2015-11-02T17:36:52","modified_gmt":"2015-11-02T16:36:52","slug":"sporgeskemaundersogelse","status":"publish","type":"page","link":"http:\/\/eportfolio.musikkons.dk\/wordpress\/itimusikundervisningen\/sporgeskemaundersogelse\/","title":{"rendered":"Sp\u00f8rgeskemaunders\u00f8gelse"},"content":{"rendered":"<h1>For at indsamle viden om digital praksis blandt Region Midts musikskolel\u00e6rere gennemf\u00f8rtes i oktober-november 2011 en st\u00f8rre sp\u00f8rgeskemaunders\u00f8gelse. Af ca. 636 potentielle respondenter udfyldte 250 sp\u00f8rgeskemaet hvilket svarer til en svarprocent p\u00e5 39. Se en pr\u00e6sentation af resultaterne af sp\u00f8rgeskemaunders\u00f8gelsen om IT-st\u00f8ttet musikundervisning her:<\/h1>\n<p>http:\/\/eportfolio.musikkons.dk\/wordpress\/itimusikundervisningen\/files\/2012\/08\/IT_Stoettet_Musik_SP_SKEMA.pdf<\/p>\n<h1>PDF<br \/>\n<a href=\"http:\/\/eportfolio.musikkons.dk\/wordpress\/itimusikundervisningen\/files\/2012\/08\/IT_Stoettet_Musik_SP_SKEMA.pdf\">IT_Stoettet_Musik_SP_SKEMA<\/a><\/h1>\n<h1>Powerpoint pr\u00e6sentation<br \/>\n<a href=\"http:\/\/eportfolio.musikkons.dk\/wordpress\/itimusikundervisningen\/files\/2012\/08\/IT_Stoettet_Musik_SP_SKEMA_LO.ppsx\">IT_Stoettet_Musik_SP_SKEMA_LO<\/a><\/h1>\n<p>&nbsp;<\/p>\n<p>&nbsp;<\/p>\n","protected":false},"excerpt":{"rendered":"<p>For at indsamle viden om digital praksis blandt Region Midts musikskolel\u00e6rere gennemf\u00f8rtes i oktober-november 2011 en st\u00f8rre sp\u00f8rgeskemaunders\u00f8gelse. Af ca. 636 potentielle respondenter udfyldte 250 sp\u00f8rgeskemaet hvilket svarer til en svarprocent p\u00e5 39. Se en pr\u00e6sentation af resultaterne af sp\u00f8rgeskemaunders\u00f8gelsen &hellip; <a href=\"http:\/\/eportfolio.musikkons.dk\/wordpress\/itimusikundervisningen\/sporgeskemaundersogelse\/\">Continue reading <span class=\"meta-nav\">&rarr;<\/span><\/a><\/p>\n","protected":false},"author":10,"featured_media":0,"parent":0,"menu_order":2,"comment_status":"closed","ping_status":"closed","template":"","meta":[],"_links":{"self":[{"href":"http:\/\/eportfolio.musikkons.dk\/wordpress\/itimusikundervisningen\/wp-json\/wp\/v2\/pages\/26"}],"collection":[{"href":"http:\/\/eportfolio.musikkons.dk\/wordpress\/itimusikundervisningen\/wp-json\/wp\/v2\/pages"}],"about":[{"href":"http:\/\/eportfolio.musikkons.dk\/wordpress\/itimusikundervisningen\/wp-json\/wp\/v2\/types\/page"}],"author":[{"embeddable":true,"href":"http:\/\/eportfolio.musikkons.dk\/wordpress\/itimusikundervisningen\/wp-json\/wp\/v2\/users\/10"}],"replies":[{"embeddable":true,"href":"http:\/\/eportfolio.musikkons.dk\/wordpress\/itimusikundervisningen\/wp-json\/wp\/v2\/comments?post=26"}],"version-history":[{"count":19,"href":"http:\/\/eportfolio.musikkons.dk\/wordpress\/itimusikundervisningen\/wp-json\/wp\/v2\/pages\/26\/revisions"}],"predecessor-version":[{"id":436,"href":"http:\/\/eportfolio.musikkons.dk\/wordpress\/itimusikundervisningen\/wp-json\/wp\/v2\/pages\/26\/revisions\/436"}],"wp:attachment":[{"href":"http:\/\/eportfolio.musikkons.dk\/wordpress\/itimusikundervisningen\/wp-json\/wp\/v2\/media?parent=26"}],"curies":[{"name":"wp","href":"https:\/\/api.w.org\/{rel}","templated":true}]}}