{"id":302,"date":"2012-10-04T18:28:56","date_gmt":"2012-10-04T16:28:56","guid":{"rendered":"http:\/\/eportfolio.musikkons.dk\/wordpress\/itimusikundervisningen\/?page_id=302"},"modified":"2014-02-18T10:47:25","modified_gmt":"2014-02-18T09:47:25","slug":"sinus","status":"publish","type":"page","link":"http:\/\/eportfolio.musikkons.dk\/wordpress\/itimusikundervisningen\/sinus\/","title":{"rendered":"SINUS"},"content":{"rendered":"<h1>Sinus er et nyt socialt netv\u00e6rk og praktisk undervisningsredskab for elever og l\u00e6rere p\u00e5 landets musik- og kulturskoler. Visionen med Sinus er at st\u00f8tte op om elevens l\u00e6ring og motivation ved at at \u00f8ge den sociale dimension af det at g\u00e5 p\u00e5 musikskole og facilitere brugen af digitale medier i den daglige undervisning.<\/h1>\n<h1>En essentiel del af projektet er at skabe et digitalt bibliotek, hvor l\u00e6rere p\u00e5 helt legal vis kan uploade, organisere og dele multimodale undervisningsmaterialer s\u00e5som noder, video, audio i overskuelig form. B\u00e5de med eleven og med hinanden.<\/h1>\n<h1>Sinus er udviklet med henblik p\u00e5 at supplere, udvide og kvalificere l\u00e6ringsrummet ud over musikskolens afgr\u00e6nsede undervisningssituationer. Derfor kobler Sinus elementer fra online communities med e-l\u00e6ringssystemer med den intention at bygge bro mellem formelle og uformelle l\u00e6ringsmilj\u00f8er.<\/h1>\n<h1>Samtidig er det \u00f8nsket at skabe en f\u00e6lles platform for de danske musik- og kulturskoler, der kan styrke innovation, udvikling og samarbejde og bringe musikskolernes integritet med ind i den digitale verden.<\/h1>\n<h1>Sinus er et udviklingsprojekt, der er st\u00f8ttet af Region Midtjylland, og som derfor i f\u00f8rste omgang rulles ud til musik- og kulturskolerne i dette omr\u00e5de. P\u00e5 sigt er det planen, at Danmarks omkring 100.000 musikskoleelever og -l\u00e6rere kan f\u00e5 mulighed for at v\u00e6re med i et stort musikalsk f\u00e6llesskab.<\/h1>\n<h1>L\u00e6s mere p\u00e5 <a href=\"http:\/\/www.sinusnetwork.dk\">www.sinusnetwork.dk<\/a><\/h1>\n<h1>Og f\u00f8lg evt. med p\u00e5 bloggen <a href=\"http:\/\/www.blog.sinusnetwork.dk\">www.blog.sinusnetwork.dk<\/a><\/h1>\n<h1>\u00d8nsker du at vide mere om baggrunden for at udvikle Sinus, kan du se Seismonauts rapport, der unders\u00f8ger behovet for og anbefalinger til et socialt netv\u00e6rk for musikskolerne her:<\/h1>\n<h1><a href=\"http:\/\/www.regionmidtjylland.dk\/politik\/regionsr%C3%A5dets+m%C3%B8der\/visdagsorden?file=22-06-2011\/Aaben_dagsorden\/Bilag\/Punkt_9_Bilag_6_.pdf\">http:\/\/www.regionmidtjylland.dk\/politik\/regionsr%C3%A5dets+m%C3%B8der\/visdagsorden?file=22-06-2011\/Aaben_dagsorden\/Bilag\/Punkt_9_Bilag_6_.pdf<\/a><\/h1>\n","protected":false},"excerpt":{"rendered":"<p>Sinus er et nyt socialt netv\u00e6rk og praktisk undervisningsredskab for elever og l\u00e6rere p\u00e5 landets musik- og kulturskoler. Visionen med Sinus er at st\u00f8tte op om elevens l\u00e6ring og motivation ved at at \u00f8ge den sociale dimension af det at &hellip; <a href=\"http:\/\/eportfolio.musikkons.dk\/wordpress\/itimusikundervisningen\/sinus\/\">Continue reading <span class=\"meta-nav\">&rarr;<\/span><\/a><\/p>\n","protected":false},"author":10,"featured_media":0,"parent":0,"menu_order":5,"comment_status":"closed","ping_status":"closed","template":"sidebar-page.php","meta":[],"_links":{"self":[{"href":"http:\/\/eportfolio.musikkons.dk\/wordpress\/itimusikundervisningen\/wp-json\/wp\/v2\/pages\/302"}],"collection":[{"href":"http:\/\/eportfolio.musikkons.dk\/wordpress\/itimusikundervisningen\/wp-json\/wp\/v2\/pages"}],"about":[{"href":"http:\/\/eportfolio.musikkons.dk\/wordpress\/itimusikundervisningen\/wp-json\/wp\/v2\/types\/page"}],"author":[{"embeddable":true,"href":"http:\/\/eportfolio.musikkons.dk\/wordpress\/itimusikundervisningen\/wp-json\/wp\/v2\/users\/10"}],"replies":[{"embeddable":true,"href":"http:\/\/eportfolio.musikkons.dk\/wordpress\/itimusikundervisningen\/wp-json\/wp\/v2\/comments?post=302"}],"version-history":[{"count":7,"href":"http:\/\/eportfolio.musikkons.dk\/wordpress\/itimusikundervisningen\/wp-json\/wp\/v2\/pages\/302\/revisions"}],"predecessor-version":[{"id":424,"href":"http:\/\/eportfolio.musikkons.dk\/wordpress\/itimusikundervisningen\/wp-json\/wp\/v2\/pages\/302\/revisions\/424"}],"wp:attachment":[{"href":"http:\/\/eportfolio.musikkons.dk\/wordpress\/itimusikundervisningen\/wp-json\/wp\/v2\/media?parent=302"}],"curies":[{"name":"wp","href":"https:\/\/api.w.org\/{rel}","templated":true}]}}