{"id":45,"date":"2012-08-25T15:33:57","date_gmt":"2012-08-25T13:33:57","guid":{"rendered":"http:\/\/eportfolio.musikkons.dk\/wordpress\/itimusikundervisningen\/?page_id=45"},"modified":"2013-11-07T20:18:58","modified_gmt":"2013-11-07T19:18:58","slug":"program","status":"publish","type":"page","link":"http:\/\/eportfolio.musikkons.dk\/wordpress\/itimusikundervisningen\/videndelingseminar\/program\/","title":{"rendered":"Program"},"content":{"rendered":"<p style=\"text-align: left;\" align=\"center\"><strong>VIDENDELINGSEMINAR<\/strong><\/p>\n<p style=\"text-align: left;\" align=\"center\"><strong><em>IT-st\u00f8ttet musikundervisning<\/em><\/strong><\/p>\n<p><strong><em><\/em><\/strong><strong>L\u00f8rdag d. 9. juni, 2012 kl. 10-15. <\/strong><\/p>\n<p><strong>1. del <\/strong><\/p>\n<p><strong>10:00-10:10 Velkomst, pr\u00e6sentation af deltagerne.<br \/>\n<\/strong><\/p>\n<p><strong>10:10-10:20: IT-st\u00f8ttet musikundervisning v\/ Bj\u00f8rn B\u00f8nne Petersen<\/strong><\/p>\n<p><strong>10:20-10:40 Arrangement og akkompagnement v\/ docent Arne Dich<br \/>\n<\/strong><\/p>\n<p><strong>10:40-11:00: v\/ ER ALT DET HER IT IKKE BARE EN TIDSR\u00d8VER \u2013 skulle vi ikke hellere spille noget mere musik sammen? v\/ Carsten Honor\u00e9, guitar- bas- og sammenspilsl\u00e6rer ved Favrskov Musikskole<\/strong><\/p>\n<p><strong>11:00-11:20: G-mail forum og arrangementsdatabase v\/ Benny Morthorst, guitar- og sammenspilsl\u00e6rer v. Syddjurs Musikskole<br \/>\n<\/strong><\/p>\n<p><strong>11:20-11:40: ASUS eee som omdrejningspunkt for undervisningen v\/ S\u00f8ren Jepsen, l\u00e6rer ved musikskolen Laura<\/strong><\/p>\n<p><strong>11:40-12:00 Backtracks, lektiebog og Ableton v\/ Peter Jessen, l\u00e6rer i trommer og computermusik v. Horsens musikskole<br \/>\n<\/strong><\/p>\n<p><strong>12:00-13:00 Frokost<br \/>\n<\/strong><\/p>\n<p><strong>2. del<\/strong><\/p>\n<p><strong>13:00-13:20: v\/\u00a0 Ipad brug i guitarundervisningen p\u00e5 Odder musikskole v\/ Christian Alvad, guitarl\u00e6rer ved Odder musikskole<br \/>\n<\/strong><\/p>\n<p><strong>13:20-13:40: Technicolor Dream v\/ Flemming Giese musikl\u00e6rer v. Den Kreative Skole, Silkeborg<\/strong><\/p>\n<p><strong>13:40-14:00 Den nye teknologi i fremtidens musikskole v\/ Steen Allan Jacobsen, l\u00e6rer v. Hedensted musikskole<br \/>\n<\/strong><\/p>\n<p><strong>14:00-14:20 Knud Albert Jepsen, trompetl\u00e6rer v. Aarhus musikskole<br \/>\n<\/strong><\/p>\n<p><strong>14:20-14:40 Forscore og Skype v. Roberto Sarno, violinl\u00e6rer v. Skanderborg Musikskole<br \/>\n<\/strong><\/p>\n<p><strong>14:40-15:00 Opsamling, evaluering og plan for fremtiden<\/strong><\/p>\n<p>&nbsp;<\/p>\n<p align=\"center\">\n","protected":false},"excerpt":{"rendered":"<p>VIDENDELINGSEMINAR IT-st\u00f8ttet musikundervisning L\u00f8rdag d. 9. juni, 2012 kl. 10-15. 1. del 10:00-10:10 Velkomst, pr\u00e6sentation af deltagerne. 10:10-10:20: IT-st\u00f8ttet musikundervisning v\/ Bj\u00f8rn B\u00f8nne Petersen 10:20-10:40 Arrangement og akkompagnement v\/ docent Arne Dich 10:40-11:00: v\/ ER ALT DET HER IT IKKE &hellip; <a href=\"http:\/\/eportfolio.musikkons.dk\/wordpress\/itimusikundervisningen\/videndelingseminar\/program\/\">Continue reading <span class=\"meta-nav\">&rarr;<\/span><\/a><\/p>\n","protected":false},"author":10,"featured_media":40,"parent":27,"menu_order":1,"comment_status":"closed","ping_status":"closed","template":"sidebar-page.php","meta":[],"_links":{"self":[{"href":"http:\/\/eportfolio.musikkons.dk\/wordpress\/itimusikundervisningen\/wp-json\/wp\/v2\/pages\/45"}],"collection":[{"href":"http:\/\/eportfolio.musikkons.dk\/wordpress\/itimusikundervisningen\/wp-json\/wp\/v2\/pages"}],"about":[{"href":"http:\/\/eportfolio.musikkons.dk\/wordpress\/itimusikundervisningen\/wp-json\/wp\/v2\/types\/page"}],"author":[{"embeddable":true,"href":"http:\/\/eportfolio.musikkons.dk\/wordpress\/itimusikundervisningen\/wp-json\/wp\/v2\/users\/10"}],"replies":[{"embeddable":true,"href":"http:\/\/eportfolio.musikkons.dk\/wordpress\/itimusikundervisningen\/wp-json\/wp\/v2\/comments?post=45"}],"version-history":[{"count":7,"href":"http:\/\/eportfolio.musikkons.dk\/wordpress\/itimusikundervisningen\/wp-json\/wp\/v2\/pages\/45\/revisions"}],"predecessor-version":[{"id":108,"href":"http:\/\/eportfolio.musikkons.dk\/wordpress\/itimusikundervisningen\/wp-json\/wp\/v2\/pages\/45\/revisions\/108"}],"up":[{"embeddable":true,"href":"http:\/\/eportfolio.musikkons.dk\/wordpress\/itimusikundervisningen\/wp-json\/wp\/v2\/pages\/27"}],"wp:featuredmedia":[{"embeddable":true,"href":"http:\/\/eportfolio.musikkons.dk\/wordpress\/itimusikundervisningen\/wp-json\/wp\/v2\/media\/40"}],"wp:attachment":[{"href":"http:\/\/eportfolio.musikkons.dk\/wordpress\/itimusikundervisningen\/wp-json\/wp\/v2\/media?parent=45"}],"curies":[{"name":"wp","href":"https:\/\/api.w.org\/{rel}","templated":true}]}}