{"id":47,"date":"2012-08-25T15:34:32","date_gmt":"2012-08-25T13:34:32","guid":{"rendered":"http:\/\/eportfolio.musikkons.dk\/wordpress\/itimusikundervisningen\/?page_id=47"},"modified":"2013-11-07T20:19:06","modified_gmt":"2013-11-07T19:19:06","slug":"1-bjorn-petersen-introduktion","status":"publish","type":"page","link":"http:\/\/eportfolio.musikkons.dk\/wordpress\/itimusikundervisningen\/videndelingseminar\/1-bjorn-petersen-introduktion\/","title":{"rendered":"1. Bj\u00f8rn Petersen &#8211; introduktion"},"content":{"rendered":"<h2><a href=\"http:\/\/eportfolio.musikkons.dk\/wordpress\/itimusikundervisningen\/files\/2012\/08\/BP_Med_bas_MED.jpg\"><img loading=\"lazy\" class=\"alignright size-medium wp-image-98\" title=\"BP_Med_bas_MED\" src=\"http:\/\/eportfolio.musikkons.dk\/wordpress\/itimusikundervisningen\/files\/2012\/08\/BP_Med_bas_MED-300x229.jpg\" alt=\"\" width=\"300\" height=\"229\" srcset=\"http:\/\/eportfolio.musikkons.dk\/wordpress\/itimusikundervisningen\/files\/2012\/08\/BP_Med_bas_MED-300x229.jpg 300w, http:\/\/eportfolio.musikkons.dk\/wordpress\/itimusikundervisningen\/files\/2012\/08\/BP_Med_bas_MED-1024x783.jpg 1024w, http:\/\/eportfolio.musikkons.dk\/wordpress\/itimusikundervisningen\/files\/2012\/08\/BP_Med_bas_MED-391x300.jpg 391w\" sizes=\"(max-width: 300px) 100vw, 300px\" \/><\/a>Bj\u00f8rn Petersen er docent v. Det Jyske Musikkonservatorium og koordinator for projektet. Bj\u00f8rn indledte seminaret med et kort rids af baggrunden, et resum\u00e9 af resultaterne fra sp\u00f8rgeskemaunders\u00f8gelsen og en introduktion til dagens indl\u00e6g. Desuden beskrev Bj\u00f8rn konservatoriets nye indsatsomr\u00e5de distancel\u00e6ring (fjernundervisning). M\u00e5let med dette er at kunne tilbyde web-baseret undervisning til udenlandske studerende samt at konservatoriets egne studerende kan modtage undervisning af udenlandske l\u00e6rere. I f\u00f8rste omgang er der indledt samarbejde med en r\u00e6kke uddannelsesinstitutioner i Europa, USA og Afrika. Et pilotprojekt omkring jazzteori og improvisation l\u00f8ber af stabelen i efter\u00e5ret 2012 under titlen COIL med lektor Jens Chr. Kwella som lokal fjernunderviser. I de enkelte lektioner vil studerende samtidig f\u00f8lge undervisningen i henholdsvis Aarhus, Aalborg, Pretoria og North Carolina. Den teknologiske platform projektet skal afvikles p\u00e5 hedder Polycom, som er et avanceret system til videokonference. Undervisningsseancerne skal optages og v\u00e6re tilg\u00e6ngelige online, s\u00e5 studerende enten kan gense dem eller se dem i tilf\u00e6lde af frav\u00e6r. Konservatoriet er interesseret i ogs\u00e5 at g\u00f8re erfaringer med fjernundervisning p\u00e5 musikskoleniveau og s\u00f8ger musikskoler der kunne t\u00e6nke sig at etablere fjernundervisningsfaciliteter og indg\u00e5 i et samarbejde.<\/h2>\n<h2>Som et eksempel p\u00e5 studerendes engagement inden for it-st\u00f8ttet musikundervisning viste han endvidere to undervisningsvideoer som er tilg\u00e6ngelige online og som er indg\u00e5et i afsluttende projektarbejder. Den ene var en video af guitaristen Michael Vestbo, som viser hvordan man spiller Chop Chords p\u00e5 mandolin (<a href=\"http:\/\/www.youtube.com\/watch?v=YowefaiIo6o\">http:\/\/www.youtube.com\/watch?v=YowefaiIo6o<\/a>), den anden en video af bassisten Tejs Dragheim, som giver anvisninger til elbassister der \u00f8nsker at l\u00e6re at spille kontrabas (<a href=\"http:\/\/spilbas.dk\/\">http:\/\/spilbas.dk\/<\/a>).<\/h2>\n<h2>Se Bj\u00f8rns pr\u00e6sentation her. <a href=\"http:\/\/eportfolio.musikkons.dk\/wordpress\/itimusikundervisningen\/files\/2012\/08\/Videndeling_seminar_BP.pdf\">Videndeling_seminar_BP<\/a><\/h2>\n<h1>Se evt. ogs\u00e5 Bj\u00f8rn fort\u00e6lle om projektet i en video optaget i forb. m. konferencen Nye Toner ved SPOT-festivalen 2012. <a href=\"http:\/\/nyetoner.nu\/\" target=\"_blank\">www.nyetoner.nu <\/a><\/h1>\n<p>&nbsp;<\/p>\n<h2><\/h2>\n","protected":false},"excerpt":{"rendered":"<p>Bj\u00f8rn Petersen er docent v. Det Jyske Musikkonservatorium og koordinator for projektet. Bj\u00f8rn indledte seminaret med et kort rids af baggrunden, et resum\u00e9 af resultaterne fra sp\u00f8rgeskemaunders\u00f8gelsen og en introduktion til dagens indl\u00e6g. Desuden beskrev Bj\u00f8rn konservatoriets nye indsatsomr\u00e5de distancel\u00e6ring &hellip; <a href=\"http:\/\/eportfolio.musikkons.dk\/wordpress\/itimusikundervisningen\/videndelingseminar\/1-bjorn-petersen-introduktion\/\">Continue reading <span class=\"meta-nav\">&rarr;<\/span><\/a><\/p>\n","protected":false},"author":10,"featured_media":40,"parent":27,"menu_order":2,"comment_status":"closed","ping_status":"closed","template":"sidebar-page.php","meta":[],"_links":{"self":[{"href":"http:\/\/eportfolio.musikkons.dk\/wordpress\/itimusikundervisningen\/wp-json\/wp\/v2\/pages\/47"}],"collection":[{"href":"http:\/\/eportfolio.musikkons.dk\/wordpress\/itimusikundervisningen\/wp-json\/wp\/v2\/pages"}],"about":[{"href":"http:\/\/eportfolio.musikkons.dk\/wordpress\/itimusikundervisningen\/wp-json\/wp\/v2\/types\/page"}],"author":[{"embeddable":true,"href":"http:\/\/eportfolio.musikkons.dk\/wordpress\/itimusikundervisningen\/wp-json\/wp\/v2\/users\/10"}],"replies":[{"embeddable":true,"href":"http:\/\/eportfolio.musikkons.dk\/wordpress\/itimusikundervisningen\/wp-json\/wp\/v2\/comments?post=47"}],"version-history":[{"count":24,"href":"http:\/\/eportfolio.musikkons.dk\/wordpress\/itimusikundervisningen\/wp-json\/wp\/v2\/pages\/47\/revisions"}],"predecessor-version":[{"id":97,"href":"http:\/\/eportfolio.musikkons.dk\/wordpress\/itimusikundervisningen\/wp-json\/wp\/v2\/pages\/47\/revisions\/97"}],"up":[{"embeddable":true,"href":"http:\/\/eportfolio.musikkons.dk\/wordpress\/itimusikundervisningen\/wp-json\/wp\/v2\/pages\/27"}],"wp:featuredmedia":[{"embeddable":true,"href":"http:\/\/eportfolio.musikkons.dk\/wordpress\/itimusikundervisningen\/wp-json\/wp\/v2\/media\/40"}],"wp:attachment":[{"href":"http:\/\/eportfolio.musikkons.dk\/wordpress\/itimusikundervisningen\/wp-json\/wp\/v2\/media?parent=47"}],"curies":[{"name":"wp","href":"https:\/\/api.w.org\/{rel}","templated":true}]}}