{"id":55,"date":"2012-08-25T15:37:33","date_gmt":"2012-08-25T13:37:33","guid":{"rendered":"http:\/\/eportfolio.musikkons.dk\/wordpress\/itimusikundervisningen\/?page_id=55"},"modified":"2012-09-27T11:31:14","modified_gmt":"2012-09-27T09:31:14","slug":"5-soren-jepsen-softsynths-m-m","status":"publish","type":"page","link":"http:\/\/eportfolio.musikkons.dk\/wordpress\/itimusikundervisningen\/videndelingseminar\/5-soren-jepsen-softsynths-m-m\/","title":{"rendered":"5. S\u00f8ren Jepsen &#8211; softsynths m.m."},"content":{"rendered":"<h2><a href=\"http:\/\/eportfolio.musikkons.dk\/wordpress\/itimusikundervisningen\/files\/2012\/08\/S\u00f8ren.jpg\"><img loading=\"lazy\" class=\"alignright size-full wp-image-166\" title=\"S\u00f8ren\" src=\"http:\/\/eportfolio.musikkons.dk\/wordpress\/itimusikundervisningen\/files\/2012\/08\/S\u00f8ren.jpg\" alt=\"\" width=\"144\" height=\"192\" \/><\/a>S\u00f8ren Jepsen er l\u00e6rer i sang, klaver, sammenspil og kor v. musikskolen Laura. Ved seminaret demonstrerede S\u00f8ren administrationsv\u00e6rkt\u00f8jet Speedadmin, som mange musikskoler har taget i anvendelse. Speedadmin er et online system der administrerer bl.a. skema, afkrydsningslister og kommunikation via SMS og er tilg\u00e6ngeligt for elever, l\u00e6rere og administration. Flere deltagere tilkendegav, at de havde gode erfaringer med systemet, og at det tilmed havde v\u00e6ret muligt at f\u00e5 tilf\u00f8jet funktionaliteter ved henvendelse til firmaet. S\u00f8ren bruger Sibelius til sine arrangementer. N\u00e5r han skal indstudere nye arrangementer, kan han gemme hver stemme som en lydfil, som eleverne kan lytte til som forberedelse. Hans elever bruger ogs\u00e5 Scorch, som er Sibelius\u2019 gratis afspiller. Scorch kan transponere og skifte tempo n\u00e5r den afspiller Sibelius filer, men det er ikke (endnu) muligt at mixe og mute spor i afspilleren. Scorch findes dog ogs\u00e5 i en version til iPad, og her kan man i mods\u00e6tning til PC\/MAC versionen &#8220;hente&#8221; en lille mixer op med volumen, panorering, og mute p\u00e5 alle stemmerne. Den er ikke gratis, men prisen er ret lav.<\/h2>\n<h2>S\u00f8ren omtalte REAPER, som er en shareware-DAW (digital audio workstation), hvor man kan optage, mixe, programmere MIDI, redigere o.s.v, pr\u00e6cis som i Logic, Cubase m. fl. REAPER er i princippet ikke gratis, men man har mulighed for at forts\u00e6tte med at bruge demoudgaven med fuld funktionalitet (<a href=\"http:\/\/www.reaper.fm\/\">http:\/\/www.reaper.fm\/<\/a>). S\u00f8ren viste hvordan han anvender en relativt billig ASUS EEE notebook til b\u00e5de administration og afspilning af lyd fx i kraft af softwaresynthesizere, som er gratis tilg\u00e6ngelige p\u00e5 internettet. S\u00f8ren bruger en host kaldet Cantabile til at administrere sine softsynths og kan forberede de keyboardlyde han skal bruge i sin sammenspilsundervisning hjemmefra. Det springende punkt er at f\u00e5 det interne lydkort til at virke uden latency (forsinkelse), hvilket p\u00e5 PC er muligt med en s\u00e6rlig driver kaldet asio4all. Endelig viste S\u00f8ren hvordan han inddrager lydsyntese i undervisningen. Mange elever er interesserede i lydsyntese og der findes en r\u00e6kke emuleringer af de store s\u00e5kaldte modulare synthesizere, hvor det er muligt at forbinde oscillatorer og filtre ved hj\u00e6lp af virtuelle kabler. P\u00e5 den m\u00e5de kan eleverne f\u00e5 et indblik i hvordan man kan skabe og evt. efterligne synthesizerlyde.<br \/>\nS\u00f8ren henviser til sitet hos\u00a0<a href=\"http:\/\/www.musicnotes.com\/\">http:\/\/www.musicnotes.com<\/a>, som s\u00e6lger noder. De tilbyder en app, hvor det er muligt at se de k\u00f8bte noder i stil med funktionaliteten i nodeviserapp&#8217;en Forscore. Samtidig er det muligt at hente transponeringer i alle tonearter.<br \/>\nS\u00f8ren henviser ogs\u00e5 til <a href=\"http:\/\/www.audiotool.com\/\">http:\/\/www.audiotool.com\/<\/a> som har en &#8220;flash-app&#8221; der k\u00f8rer i browseren, hvor det er muligt at samle et setup af forskellige tromme-maskiner, synths osv. Desuden ligger der en st\u00f8re lydbank som man kan l\u00e6gge ind som yderligere spor under det groove man laver. Det er meget let tilg\u00e6ngeligt, men har alligevel de grundl\u00e6ggende v\u00e6rkt\u00f8jer man lige s\u00f8ger.<\/h2>\n<h2>S\u00f8ren har skrevet en lille artikel om sin praksis og sat en masse links ind. Se artiklen her: <a href=\"http:\/\/eportfolio.musikkons.dk\/wordpress\/itimusikundervisningen\/files\/2012\/08\/S\u00f8ren_Jepsen_VST-vejledning.pdf\">S\u00f8ren_Jepsen_VST vejledning<\/a><\/h2>\n","protected":false},"excerpt":{"rendered":"<p>S\u00f8ren Jepsen er l\u00e6rer i sang, klaver, sammenspil og kor v. musikskolen Laura. Ved seminaret demonstrerede S\u00f8ren administrationsv\u00e6rkt\u00f8jet Speedadmin, som mange musikskoler har taget i anvendelse. Speedadmin er et online system der administrerer bl.a. skema, afkrydsningslister og kommunikation via SMS &hellip; <a href=\"http:\/\/eportfolio.musikkons.dk\/wordpress\/itimusikundervisningen\/videndelingseminar\/5-soren-jepsen-softsynths-m-m\/\">Continue reading <span class=\"meta-nav\">&rarr;<\/span><\/a><\/p>\n","protected":false},"author":10,"featured_media":40,"parent":27,"menu_order":6,"comment_status":"closed","ping_status":"closed","template":"sidebar-page.php","meta":[],"_links":{"self":[{"href":"http:\/\/eportfolio.musikkons.dk\/wordpress\/itimusikundervisningen\/wp-json\/wp\/v2\/pages\/55"}],"collection":[{"href":"http:\/\/eportfolio.musikkons.dk\/wordpress\/itimusikundervisningen\/wp-json\/wp\/v2\/pages"}],"about":[{"href":"http:\/\/eportfolio.musikkons.dk\/wordpress\/itimusikundervisningen\/wp-json\/wp\/v2\/types\/page"}],"author":[{"embeddable":true,"href":"http:\/\/eportfolio.musikkons.dk\/wordpress\/itimusikundervisningen\/wp-json\/wp\/v2\/users\/10"}],"replies":[{"embeddable":true,"href":"http:\/\/eportfolio.musikkons.dk\/wordpress\/itimusikundervisningen\/wp-json\/wp\/v2\/comments?post=55"}],"version-history":[{"count":14,"href":"http:\/\/eportfolio.musikkons.dk\/wordpress\/itimusikundervisningen\/wp-json\/wp\/v2\/pages\/55\/revisions"}],"predecessor-version":[{"id":165,"href":"http:\/\/eportfolio.musikkons.dk\/wordpress\/itimusikundervisningen\/wp-json\/wp\/v2\/pages\/55\/revisions\/165"}],"up":[{"embeddable":true,"href":"http:\/\/eportfolio.musikkons.dk\/wordpress\/itimusikundervisningen\/wp-json\/wp\/v2\/pages\/27"}],"wp:featuredmedia":[{"embeddable":true,"href":"http:\/\/eportfolio.musikkons.dk\/wordpress\/itimusikundervisningen\/wp-json\/wp\/v2\/media\/40"}],"wp:attachment":[{"href":"http:\/\/eportfolio.musikkons.dk\/wordpress\/itimusikundervisningen\/wp-json\/wp\/v2\/media?parent=55"}],"curies":[{"name":"wp","href":"https:\/\/api.w.org\/{rel}","templated":true}]}}