{"id":57,"date":"2012-08-25T15:38:07","date_gmt":"2012-08-25T13:38:07","guid":{"rendered":"http:\/\/eportfolio.musikkons.dk\/wordpress\/itimusikundervisningen\/?page_id=57"},"modified":"2013-04-11T15:08:50","modified_gmt":"2013-04-11T13:08:50","slug":"6-peter-jessen-ableton-live-m-m","status":"publish","type":"page","link":"http:\/\/eportfolio.musikkons.dk\/wordpress\/itimusikundervisningen\/videndelingseminar\/6-peter-jessen-ableton-live-m-m\/","title":{"rendered":"6. Peter Jessen &#8211; Ableton live m.m."},"content":{"rendered":"<h2><a href=\"http:\/\/eportfolio.musikkons.dk\/wordpress\/itimusikundervisningen\/files\/2012\/08\/Peter-Jessen.jpg\"><img loading=\"lazy\" class=\"size-full wp-image-366 alignright\" alt=\"Peter Jessen\" src=\"http:\/\/eportfolio.musikkons.dk\/wordpress\/itimusikundervisningen\/files\/2012\/08\/Peter-Jessen.jpg\" width=\"125\" height=\"160\" \/><\/a>Peter Jessen er l\u00e6rer i trommer og computermusik v. <a href=\"http:\/\/www.musikskolen.horsens.dk\/\">Horsens musikskole <\/a>og underviser i trommer og sammenspil ved MGK syd. Derudover laver han workshops under navnet Electrorum.com. Peter indledte sit opl\u00e6g med at spille et sammendrag af kompositioner, der var kommet ud af en 2-dages workshop i elektronisk musik med unge mennesker afholdt p\u00e5 Viborg bibliotek under hans vejledning. Se sammendraget her: <a href=\"http:\/\/youtu.be\/xTnLY9FWyFU\"><br \/>\nhttpv:\/\/youtu.be\/xTnLY9FWyFU<\/a><br \/>\nDerefter forklarede Peter hvordan han bruger <a href=\"http:\/\/www.ableton.com\/\" target=\"_blank\">Ableton live<\/a> som medspiller i sin trommeundervisning. Som han forklarede er trommeslagere tit \u201densomme\u201d og mange i antal, hvilket betyder at der ikke altid er plads p\u00e5 sammenspilsholdene. Fordelen ved Ableton er, at det er muligt at programmere \u201dflyvende\u201d og man derfor kan holde time k\u00f8rende, og ikke beh\u00f8ver standse op, n\u00e5r der skal tilf\u00f8jes instrumenter o.l. Programmet er ogs\u00e5 meget fleksibelt hvad ang\u00e5r form, idet man kan aktivere\/deaktivere spor eller \u201dclips\u201d musikalsk, alts\u00e5 i forhold til en periode. Hvad enten Peter arbejder med spontane kompositioner eller eksisterende sange som hans elever er i gang med, er det smart at man kan v\u00e6lge passager ud, som man kan \u00f8ve s\u00e6rskilt p\u00e5 i ring \u2013 stadig uden at stoppe time. \u00a0P\u00e5 seminaret gav Peter en demonstration af real-time programmering af clips\/loops med Ableton live. Demoen optog han med programmet <a href=\"http:\/\/www.telestream.net\/screen-flow\/overview.htm\" target=\"_blank\">Screenflow<\/a>, s\u00e5ledes at man b\u00e5de kan se musens aktivitet p\u00e5 sk\u00e6rmen og h\u00f8re og se Peter selv forklare hvad han laver. Se demoen neden for.<\/h2>\n<h2>httpv:\/\/www.youtube.com\/watch?v=wkzxjOCqQ_k&amp;feature=youtu.be<\/h2>\n","protected":false},"excerpt":{"rendered":"<p>Peter Jessen er l\u00e6rer i trommer og computermusik v. Horsens musikskole og underviser i trommer og sammenspil ved MGK syd. Derudover laver han workshops under navnet Electrorum.com. Peter indledte sit opl\u00e6g med at spille et sammendrag af kompositioner, der var &hellip; <a href=\"http:\/\/eportfolio.musikkons.dk\/wordpress\/itimusikundervisningen\/videndelingseminar\/6-peter-jessen-ableton-live-m-m\/\">Continue reading <span class=\"meta-nav\">&rarr;<\/span><\/a><\/p>\n","protected":false},"author":10,"featured_media":40,"parent":27,"menu_order":7,"comment_status":"closed","ping_status":"closed","template":"sidebar-page.php","meta":[],"_links":{"self":[{"href":"http:\/\/eportfolio.musikkons.dk\/wordpress\/itimusikundervisningen\/wp-json\/wp\/v2\/pages\/57"}],"collection":[{"href":"http:\/\/eportfolio.musikkons.dk\/wordpress\/itimusikundervisningen\/wp-json\/wp\/v2\/pages"}],"about":[{"href":"http:\/\/eportfolio.musikkons.dk\/wordpress\/itimusikundervisningen\/wp-json\/wp\/v2\/types\/page"}],"author":[{"embeddable":true,"href":"http:\/\/eportfolio.musikkons.dk\/wordpress\/itimusikundervisningen\/wp-json\/wp\/v2\/users\/10"}],"replies":[{"embeddable":true,"href":"http:\/\/eportfolio.musikkons.dk\/wordpress\/itimusikundervisningen\/wp-json\/wp\/v2\/comments?post=57"}],"version-history":[{"count":16,"href":"http:\/\/eportfolio.musikkons.dk\/wordpress\/itimusikundervisningen\/wp-json\/wp\/v2\/pages\/57\/revisions"}],"predecessor-version":[{"id":178,"href":"http:\/\/eportfolio.musikkons.dk\/wordpress\/itimusikundervisningen\/wp-json\/wp\/v2\/pages\/57\/revisions\/178"}],"up":[{"embeddable":true,"href":"http:\/\/eportfolio.musikkons.dk\/wordpress\/itimusikundervisningen\/wp-json\/wp\/v2\/pages\/27"}],"wp:featuredmedia":[{"embeddable":true,"href":"http:\/\/eportfolio.musikkons.dk\/wordpress\/itimusikundervisningen\/wp-json\/wp\/v2\/media\/40"}],"wp:attachment":[{"href":"http:\/\/eportfolio.musikkons.dk\/wordpress\/itimusikundervisningen\/wp-json\/wp\/v2\/media?parent=57"}],"curies":[{"name":"wp","href":"https:\/\/api.w.org\/{rel}","templated":true}]}}