{"id":6,"date":"2012-08-06T15:16:31","date_gmt":"2012-08-06T13:16:31","guid":{"rendered":"http:\/\/eportfolio.musikkons.dk\/wordpress\/itimusikundervisningen\/?page_id=6"},"modified":"2013-11-07T20:17:22","modified_gmt":"2013-11-07T19:17:22","slug":"hjem","status":"publish","type":"page","link":"http:\/\/eportfolio.musikkons.dk\/wordpress\/itimusikundervisningen\/","title":{"rendered":"Velkommen"},"content":{"rendered":"<p><strong>P\u00e5 dette website kan du finde information om udviklingsprojektet IT-st\u00f8ttet musikundervisning. Projektet er iv\u00e6rksat i et samarbejde mellem <a href=\"http:\/\/www.musikkons.dk\/\" target=\"_blank\">Det Jyske Musikkonservatorium<\/a> (DJM) og <a href=\"http:\/\/www.regionmidtjylland.dk\/regional+udvikling\/kultur\/musik\/videnscenter+for+musik\" target=\"_blank\">Videnscenter for musik<\/a> under Region Midt. Projektet ledes af docent <a href=\"http:\/\/www.musikkons.dk\/index.php?id=184&amp;profile_id=437\" target=\"_blank\">Bj\u00f8rn Petersen<\/a> i samarbejde med udviklingschef <a href=\"http:\/\/www.musikkons.dk\/index.php?id=72&amp;view=result\" target=\"_blank\">Astrid Elbek<\/a> og leder v. <a href=\"http:\/\/www.skanderborgmusikskole.dk\/\" target=\"_blank\">Skanderborg musikskole<\/a> Julie Heeb\u00f8ll Clausen.<\/strong><\/p>\n<p><strong>Perspektivet i projektet er at afd\u00e6kke mulighederne \u00a0for at inddrage IT i bredeste forstand (computere, internet, mobiltelefoner etc.) som l\u00e6ringsredskab i musikskoleundervisning<strong> b\u00e5de p\u00e5 musikskoler og p\u00e5 videreg\u00e5ende musikuddannelser. <\/strong><br \/>\n<\/strong><\/p>\n<p><strong>Det er m\u00e5let, at erfaringerne fra projektet skal formidles ved skriftlig afrapportering, udarbejdelse af relevant undervisningsmateriale og\/eller afholdelse af kursusr\u00e6kke, seminar eller temadag(e) for l\u00e6rere og ledelser fra regionens musikskoler.<\/strong><\/p>\n<p><strong>Desuden vil resultaterne fra udviklingsprojektet kunne indg\u00e5 i Det Jyske Musikkonservatoriums uddannelse af fremtidige musikp\u00e6dagoger.<\/strong><\/p>\n<p><strong>Dette website er f\u00f8rste led i offentligg\u00f8relsen af projektets viden og erfaringer. Du kan her orientere dig om resultatet af vores sp\u00f8rgeskemaunders\u00f8gelse og om indholdet af et <a href=\"http:\/\/eportfolio.musikkons.dk\/wordpress\/itimusikundervisningen\/videndelingseminar\/\">Videndelingsseminar<\/a> <strong>afholdt <\/strong>9. juni 2012 med deltagelse af musikundervisere med s\u00e6rlige erfaringer inden for brug af IT i musikundervisningen.<\/strong><\/p>\n","protected":false},"excerpt":{"rendered":"<p>P\u00e5 dette website kan du finde information om udviklingsprojektet IT-st\u00f8ttet musikundervisning. Projektet er iv\u00e6rksat i et samarbejde mellem Det Jyske Musikkonservatorium (DJM) og Videnscenter for musik under Region Midt. Projektet ledes af docent Bj\u00f8rn Petersen i samarbejde med udviklingschef Astrid &hellip; <a href=\"http:\/\/eportfolio.musikkons.dk\/wordpress\/itimusikundervisningen\/\">Continue reading <span class=\"meta-nav\">&rarr;<\/span><\/a><\/p>\n","protected":false},"author":10,"featured_media":0,"parent":0,"menu_order":0,"comment_status":"closed","ping_status":"closed","template":"sidebar-page.php","meta":[],"_links":{"self":[{"href":"http:\/\/eportfolio.musikkons.dk\/wordpress\/itimusikundervisningen\/wp-json\/wp\/v2\/pages\/6"}],"collection":[{"href":"http:\/\/eportfolio.musikkons.dk\/wordpress\/itimusikundervisningen\/wp-json\/wp\/v2\/pages"}],"about":[{"href":"http:\/\/eportfolio.musikkons.dk\/wordpress\/itimusikundervisningen\/wp-json\/wp\/v2\/types\/page"}],"author":[{"embeddable":true,"href":"http:\/\/eportfolio.musikkons.dk\/wordpress\/itimusikundervisningen\/wp-json\/wp\/v2\/users\/10"}],"replies":[{"embeddable":true,"href":"http:\/\/eportfolio.musikkons.dk\/wordpress\/itimusikundervisningen\/wp-json\/wp\/v2\/comments?post=6"}],"version-history":[{"count":34,"href":"http:\/\/eportfolio.musikkons.dk\/wordpress\/itimusikundervisningen\/wp-json\/wp\/v2\/pages\/6\/revisions"}],"predecessor-version":[{"id":380,"href":"http:\/\/eportfolio.musikkons.dk\/wordpress\/itimusikundervisningen\/wp-json\/wp\/v2\/pages\/6\/revisions\/380"}],"wp:attachment":[{"href":"http:\/\/eportfolio.musikkons.dk\/wordpress\/itimusikundervisningen\/wp-json\/wp\/v2\/media?parent=6"}],"curies":[{"name":"wp","href":"https:\/\/api.w.org\/{rel}","templated":true}]}}