{"id":61,"date":"2012-08-25T15:39:20","date_gmt":"2012-08-25T13:39:20","guid":{"rendered":"http:\/\/eportfolio.musikkons.dk\/wordpress\/itimusikundervisningen\/?page_id=61"},"modified":"2012-10-08T12:16:07","modified_gmt":"2012-10-08T10:16:07","slug":"8-flemming-giese-technicolor-dream","status":"publish","type":"page","link":"http:\/\/eportfolio.musikkons.dk\/wordpress\/itimusikundervisningen\/videndelingseminar\/8-flemming-giese-technicolor-dream\/","title":{"rendered":"8. Flemming Giese &#8211; Technicolor Dream"},"content":{"rendered":"<h1><img loading=\"lazy\" id=\"rg_hi\" class=\"alignright\" src=\"data:image\/jpeg;base64,\/9j\/4AAQSkZJRgABAQAAAQABAAD\/2wCEAAkGBhQSEBUUExQWFRUVGBcaFxgYFxcYGBsZFRQVFhcYFhUXHCYgGBkjGRcVHy8gIycpLCwsFR4xNTAqNSYrLCkBCQoKDgwOGg8PGiwkHyUsLCwsLCwsLCwsLCwsLCwsLCwsLCwsLCksLCwsLCwsLCwsLCwsLCwpLCwsLCwsLCwsLP\/AABEIAOEA4QMBIgACEQEDEQH\/xAAcAAABBAMBAAAAAAAAAAAAAAAEAAMFBgECBwj\/xABEEAABAgMGAwUFBgQEBQUAAAABAhEAAyEEBRIxQVEGYXETIoGRoTKxwdHwBxQjQlLhYnKC8TOSorIWNGNz0hUkNUNT\/8QAGgEAAgMBAQAAAAAAAAAAAAAAAQIAAwQFBv\/EACkRAAICAgICAgEEAgMAAAAAAAABAhEDIRIxBEETUSJCYXGBM5EFFDL\/2gAMAwEAAhEDEQA\/AO4wNabYE8zt9ZRpPtjCmcNSpFXVVW23Mn65RCDRC11UcKfrT5+UM2pCQg4QSWopVAOj\/KB7xv5KS0tlqH5j7I\/lGsV6225a6rUT6DwEAI797mPWb60iwSL4Sw\/HR4oIilKtg6xgWzlEIdDl2jEMkTB\/Ca+RjKJaVewWI\/KX92Y8IoMm3sXDg7gxYLu4gCmTNrsvJQ67xCFjlWggsr6+Y5wYFPAaFOyVGuaVDX9\/fDkpbFjBIOzVsIECXdSvZ9\/IcvfDiu8ptPhr55ecD262pQnGck0QN1fXuiEG7wvBKEuvL8qBmeaoq143yuZmWTokUH7wPb7aVqKlFyfphygBZfOBZKNl2mGzajyhYYWGBYaMC0mHEWswyJgchw4zGofJ43iEoPslvKS6SUn684tF2XsJpALIm6HRXIj65RSIJs1qYgE9DEIdE9sZMoZj602MJE5hX6\/eAbptvaJBPtpz\/iEHzkgh9PllDABpaHUVKyTn1\/YQPel4dijF+ddEjYb+Hvg\/smATvU+8+sUriG8O0nKbJNB0HzMAgFNnEkklydYaK40JjDwthNiqMYo1MKIEzihRrCgEOlJlYS5zJZI9H8ogr8vd3loNPzn9R2HKJK97WUIJyUe6OQ1MU+ctg\/lDtgSs1n2jDETPnlSqmCZdSp\/1fCAZh7xhU9haCpaaQ8kQzKyEPCA2FI3EbAxpGRAsNFm4bvPF+Co85Z2Iq31ziyLql8jkfrr7451InFCgoZpII8I6NLmBQfRQB8x\/aHTEaEPZpmr3f298VPiO3uvCPZRQddfl4Ra583CCf0pMc0ve9EIczFhOpciCyJCUp4AvK+pcgPMUAOoijcU\/aE7os\/iv\/wARFCtFpWsutRUTuYKj9ks6vavtJswfC6qwVdvHlnmkJJ7NR0Vl4KyjjMYeJxQLL5xHxauVbCuSpJCpaQSKpOenJ4jhxnMWt5ypih+lCxLHiwyiqvChtEs7Lc\/Ecn7tLUhKgFEjCFBagRmSMWI7xLyLfLmjuLSrk9fEGojgyX0gyVecwEHGXGR1HjA4Es9J8M3kyw\/TqDSLuNo4B9nHGaVrKJ81KVMMGJ3Ncss47CviaSoBlLcZsnlzhegkva52FK1fpQT6ExzVS4tc\/iGWZa0NMOIEOWeoaKvaggUTi5u3o0BsiQ28YeNcUYeFGo2CozGqEE\/ODRZm\/JQ5YjU82EBugPQG8KDOzH6R5woXkLyRYuIJ7rbl74rc4KUqgcZRO3xPQtONCgoAMW3aGrps7yEEZkA1Zsy8DNPirL4RsgbLLLKOyj7ojJh7x6xPWaV+FMX\/ANRQ6VEQCz3j1MSDtsklpBkrIQ8Iakigh9IgtgSMiMgRkCMtEsNDkmTi\/MB1f0YRZpF+y0ykJxKxJABKU7czFbs6AVAHXm1fKMWyfLlYsZYIDqJJoAHzZsoZMVokeIeO5Fns6zMxkEFnZyWoAHjztxFxJNtcwqWWD91Ow+cE8X8TG1zyU0lJogctz1ivkxdFe2VtijUwiqEiWSWAJJg2KYhARM2ThWcpnSwP1lEoOBlAVUR\/TFbywXbL4+Pkl6KnhjIixTuD5oyII5uIDm8OTk\/kfoYZZIPpgeDIvRE4oxiMSZuKcz4Pc8AT7OpBZSSOohk0+mJKEo9o0CiIuHCv2gLkEInkzJWT5rT0\/UOUU8GMGC9iHo+7bTKnJSqWpK0qHdL67dYYt4AWwADAZa845DwFxYbLPShZ\/CUoZ5IL+0BpzjsNtCVHEkh6lQ5BRGIcj8YzSfF0OmCPD1mkhSgCc9g5HM7RoZJBYg5PTY1BEOh\/0jpi+RziNjMJmzxl2akpHs0BHUhqmMTrRjUpQ1L0z8UmGkIOiVD+VXwMaTFb\/wCpOE+YivlYg86uf+U\/OFGG6f5jCghoxPkrl1qAUgscy4qG1HKJyzpWiyoUQlsIKcLvhNe8+sRdmsU0o7ofdDuW3wkwOb\/moQqUQ6KsCGUn62iZY8kXRdM3s9o\/9qobrPqoRBAurzgoTvwm2Kn8SGeJW5LZJlSipaUqVoKFR+Q6wcapsk\/QDLy6RsZwAeC51uSuvZpG2bj+qIuevbI5jUHrEFugqTOxQ+IikWsA0dhu3rBIvVOxiUMmgxS25RyTjPjZdoeSikoGu6yNTyi3ce37gspTLPemU5hIHePw8Y5EExdijqyub9Iy8akRs8bIQ5aLiszZLGZiwlOZMdCungVPZglBURUqqPIiA+DuH3mCjqJGmQ+vdHZ7DYglASMgPoxyfM8pxfGJ0sOFY43JbK1dPDKAkEqW+2TdXqYsC7ClQZQB8IkfuHKNk2Zo5Esjk7LXksr8zh2WQ2HxesCr4SlEfmi1GXDSpcRZJfYVkZR7XwaU1QX5GhiDvPhsgMtDg75ecdRVKgS1WVKkkEZxdDyJJjqd9nnq\/rj7E4k+yTltEMY7HxFcgDpIcEU6Ryq+Lu7GYU6ZjpHc8fP8ir2c\/wAnDx\/KPQBHTfs54wxD7vNbGlJMtRPtAEEoPNnbcdI5iYckzylQUkspJBB2Ii+UVJUzGejp8vC71wUAz7qqpcasdOcCm0knNfgw9AIG4Wv1NtRLXrMSErAOSkkpUPGh8RBExIAAcAZ7YuZOg0A5GMkb6ZctockKGId455Kf3iHbQSHb116KHxhqzmoZj0X8DDtsWE590nqPXI+MI3sRrYsR29U\/KFDePn6o+UKLRwu+wtACVgJKWKFIJD1Y\/POGBfRUAmchM4bqosdJg+MSvGXsI6xAW5aAkYRkG60ixliQ8u6ZMz\/Bmdmo\/km0z0TMFDEjZrgSE4ZiMB\/UK+POIi0WMkBbsDhH+kaQSi95slGBJBB\/UHA8H6wLI4\/Rta7tCQwmJ5O4PjtEPPshS7qBPIuPMQcbTLm1mOhW47yctRmIZn3DMAxoaaj9SO9TmMwYDFcWRi1ARgzgzb66wT\/6apScSapGbP5HaBFyRoX+MRMhVuOnTJFQHLNqeQ5RQSYtPHpecgPkk++KzhcAakxpjpFMuxSpKizA1yprFtu7hfDKE1QLuDy6RcuGOEUzJKAoMkDbM6\/GLwLgliR2QHdYjnXXrHKz+cl+KOjjwRxu5bZWuAbsoZjch8YvklDQBdN2CRLShOmvjEiDHJyz5ybLMkrY8oRoUxh4wVRSVGrc4QEYCoSlQRhTIBmmClLgVcMh4lb4ksxYKq2XKObcT3aFhStUinhUiOr3x\/hKqB165RQ7ykOhVN46Piz4lzipRaZyxQjWHp0opJBDGGTHdOEX77IryKbUqXUhQSoNulQf0MdQnSUEAsDglpYPQkvnyFTHEOA7TgvGzndbGrUUCI7rLs47yQ5Aw1ALUDZ+J84y5fxlZZF6A5UvvEfhnxXy1IbaJZEgOEkGrOGJHPKGzMGGkoklnUFFKqZMcvDnG65+EBQfbvGp50zzeKJK2mFqx37vK2R5H5QoD7Ze6fNMKLeS+hg\/i4d1HWIaeuWsBLBLa60zif4hqlI6xBWuzDsxhd0gud6RY2XJGbTIoWUAkN3XqwSN+QiP+9JUcunvjNrQooUurd0eaU\/OBrIsDRy\/lCsIpEokAA56Q7JnKlKUUqUlSWyLH2gPHPWGbJNPaYUw7b0FJW+oH+5MQBIov9K3E5DlQquWcC25gUV4wFOuBKy9nmhf8Cu5MHhkfCGrUhIQnCXLV8YZlSipBIFQQfQwSUcq4yJFrmJIIKThrowrEddUjFOQD+oelYlOKE4rWtR1IMD3GsC1I6n3RobqH9GeKvIk\/s79w9ZcElA5OfGsTGKIqy2tKJCVqIbCK+GkV6\/ONnGGU4Gp\/N4bR5fhLJLR1XFyZdkzQ8PJmDeOP\/flqqlSieRU\/nGsu1TXY4\/Eq84t\/wCq\/sPxfudnSIwZcc+uC+QikwnkokluTbRa7HeWNNDiqziM08Tiyt42iTly6PGVJhpS2REReXECZac3UCBhev00KotvQqi2SqxA04tFCvniqYtXdJSnYHycxWZ97zipk4yOpb3xsh4sn2y1QrsvnESqprQg0+MV61lxEJNvBaUOtQDbqbpnAVn4sSs4Vd3JicvONcPHklrY7nGLSbNb4upC3Jodxy33ilrTWLne1uaWVDWg8YpqzWOlgvjs5\/mceSrsMuCYU2qSR\/8Aoj1UBHoa7LaCrCSHBOFtxkAMy4fvZk0EeebglFVqkgByZiP9wMegTKSoYhSoqxDEElnFSae0YXN2jPj6CbUozDhBwOeWWWYyOdIEmTTgSkg93EHcal9OUKfaHBbvHeru+YpXWBBaNCct6uw5ekZk2WULEnc\/6YUN\/fDufIQoUlE5xba1oMopOeIEEODlmIjJN5oVRQ7MnxSfHTxeJLipDmV1V7hEP91EXykaEg4ksxqk7GmmkRsuyJClE6+yBGcCkF0FuWkaqtoJ7wwmlRlE5WGgaVJUlYJzIFX8I1tc0vMB0SP96TErJFQqimyIr5wzeEnGFqA7xAGTOxEMLQ3apMvswATiAD5NDlhWyFMOvlDdpsBEpDM\/5mZ6DKHbutBSlQGnx\/tAslbKHfPCU21TCqUBzJp\/c8op1pu2bZZoxMFhXd6jrHbbNdhmoSoKUl1q8jFG+0O51C2ynriVQ7ihrzpCY\/JvJwfRJYY8eS7C0cWzfuwkz5RQUurGnvJKU+7PKJO5LukFHaz1UDEJchxm51PSJ7\/hkGUliymqCHBcekQUmzdqUSyyW7u1QdRqYwOcZJ8dfZujrVkx\/wAVoTLUZEgqRLFSWSkD3xHzOKTMKQZch1aIUlahsFpCnSeRiySuGJapRl1CSA7Fn5nnAcj7ObMhWIGYVU\/MNOgimLxK7EckmRtntICigjCa0UCpD7FCu8jqDFiuCdLIOEBBBZSXyPInMbGBrXw8rvTDNIw94KKQVDCD+bNog7nlpvCaVqwjCAHCNj+V994DSmr9BbTRf7URhoQfGOahaZs89sVBIJyqTy5DnFpvng+SqV3lzO6KEqdmG1IpdwBKJqpL4Qsh1E4i2wcuATtBwxSi2mDH+xNGZZ69nJQEjNcwsPAZmBbdfcqUEY1YAtylpSUpUxzSZiO95xP3fdacKwqUlOIKSCXUoPR+8\/pFNvH7NrQqY\/bBQDM6lU\/pOXhD4\/jk6m6DKT\/SZvaxyp6XStKyc0rlANzdBjnd8XZ2SmYjbUeCtehrFyv+6Fyu85Ck7UcDlrEZekvtpJyc4WfckVjoePLjVO0V5sSmn9ldnWv8BKdQT5aesRbwbeNiVKVhUQaPT94GlSCo+LbZ843qq0cqd3T9Fm+zy70zLWFLdpYxa+1Rqg01rHZf\/UGFEnXIqINMz8BFX+zq6JcqyhTMtZzVQk1YD+GlDkYsJAXmKipS+FYbNmOFXSM2VtyLoRpDS5o5hye8c9KJ\/i3gdKCNsz3dR3SxIG9Kw395BVhKiQ9HoOXNI3ENlg53pSg5vrFBbQ869x\/pjMA9oP0\/XnCiEoul9oco2r7hEcggu2haMWm24gHyZh6V6kghtoDs05QlLUSwxFjlUUqP0uGf9ojlbLEx60SyPnAi5b5xom3KWlKTuWPgwJGtdIMlSe7VTkZ0OfhC2hlKyMVKKS6CQeUPpvLSaP6h8RkfSCZsloGMt8ssoZSGoNlJBDpIWOWfinSNLOgJd64ugiNVIYukseUOy7zIIEwYhuKH9\/qsOpAosFxSsMvC+Sn84r3HSCqfIBAwggg83YxYbhtKFE4S+RY5iA+NLKCkL\/QoeRI+vGObJ8cxZj7LBIkuIFRc0tEwrAYq12OvR4Lu+Y6ARqPfBpswUKxkbpiuVM0lWYawSmXswgRN2zAe5NYbKSFD4GN12We1ZssdJZf1VCd+ypu\/ZpeS0pQQpzio2qnowGsR1xXMmQnIBSi516B+Qp5w8mzhKiQVLUc1qqeg0SOQg6zyyW3MPdKkP0ga9EEy1Aag+6OVouvFaEKyU4AcsAX1MdittnKRWOX2xk2laT3kYmI5HbYiL8DatFuF2tF\/ssmlRG06z0ofjEfZRaJQYAT0DIvgmAcye6r0MPKv5vas88f0AjzCozOMr0I7vRA3\/ca5pdPfOTM29YqV53QZJbNqq1AVs+4i\/W3iiWAe5MH9BB8zlFMvi8xMAZISEhgB115xswSmtNaL4t+zm3E0x5ng3zhqy3apSEkEVUwHXWNL5Ximq\/m91Is122FkoSKnTqdto7blwgqOdHGsuWTfRdeGbOJNlQkqUpRBUMTGhJwgasEjwcxKzbQ7LAAKqEEbUxA7fF4iEFzQAJADNyGGvlnlBMq04qGgZhSg8sozylZZxS6FPkkkqzL5Ma0H03WEmY4VQgs9SNBUD6pG8xf5gQWqQS9BAdptQU7jUkAZBxVju9YrsNGe0H1\/aFAmP+IwoUlEoLW5b8ymDnKuVDQVaH7PeCmJGQJBChqgEkfzM7Fqs2YgK0IIlqx0xJCk1L4kmhfoYj0Ws4lEH2lPnqC\/xMFaG4lmkXklZYhJcZs1DkOR06xlFhUp1JIwn8pNCCPzbFxpsYrEy2hIwigrvvTrBcm+mZIJDnPYZA7mg8oZO+ycSySFoKVImhIAKQK5uwdJ0rkNIYMxCFFAI7MFs3L6tuXaI+9ryxBlZt3mzpTz1rSvjDHavKCnFSAQ1SKkZVc1rAlsNElNkVGGr5b9IS7vGT1q7NRkuzv4eBhqzWwS0OAx0DuwYnEeZHp1ge0TFFyXw90kAgF1AA1OrgjwEDQbJq6UYVggJYj8uYBycefiIL4jsRmWdYDYm91Yr8i0pQU4XJGebsC+euvnFvkqC0AjURiz6kpIkXTBeGVH7vLfPCInQqIuypw02g5M2MctuyTVsLRNYQPaJxVQQ3MnxlBp1haorSrZD3vfIsoOIFRI7oGrc4h+HuNzOmFEyUqSfykqCknxGRi2T7OhftJChsQ8A2u45apZTgSNiAA3MGLoyhVNFqa9kdf3FSE2eYoTMgRTflHOLDfHaYiUqTzVq8S188Ez8j30Z90+8Qrp4dTiSlQI6vto+sbILHCPdl0VXXR0Hhu1lUlGLYfXuiXmGkRFgRgSEjIBvKJITKRgktlE1sCtyQQQcjHLb2UASBlWOl3tNwyll9DHLLUt1KjX4yL8fRQrahpxH8R9TF9ulJxBTeywyeqhFRu6XitalGoBV8hF1u492gBd\/hWOrml0ZcKpSf2yWs9uCXCkuGahPgPU+UYL6Etq9W2faBxzzhBTGhY\/T9Yzc7GSCkWmuH3U6GGLXQhnY\/R8zWNFLJLOx6UPnkYbnWgszVfm\/hsP3iWNxNcJ+h+8KNOwm\/pMZiEou6lFBSk0ABZTODpVz7WdNXiFvNcpYPcSiYHfCBXn+0a2W04lhDEEOVFuQDF8qj1gC85bkqBqBXoCB8fSGu0Shubd5WoKBBSRuEkFqUPwjYS+xfFhcjxd8+sDy55SMSXCssdDvk\/snmIcKhSmIguXq4NMKlU3MCwj86cFFQNSEhvEAdHygazl6PhGup6cusYtH5ikFIIYpOQ7ySGb2fGCLtnpolxiyBahDnzOYfpAdko3tC04EoHdxAKpUhjqXcBvMwHLWRVRJ9\/rmW15wRbfw5IqCVEpLZhKSDnuS3lEQubmP3iBokZduZ2Prtryiy3HxDhlrS3s5PTPfaKVJIzZ2y92e0Td3TSpSsRxOBq\/Kvg0K4KWmCi+WOZiSlW4B84LSmITh21PLwE1QW8HoYmQpjHMmqbRJA861iWSpZYQweKJP6m8D8okJ4GcaGSk0YQugpx9oYl3\/LIzJ\/pV8odReslVMYB2NPfDsuzAco2nyUEVr1AMDQr4ekwG2XlJTTGH6wILylKyUPrrBFsu+WUkAJH9IpFVtdyJxUfqnuxdGKL8cYP2y02acCaF2gqRNcHlFau\/h5QH+Kscix\/vFhkWfCls4EkkLkUV07Inie0ESSxZy3X6aOeIkKWrCMyYtvGVvACUA1FSOuXjFZsUwAKJLEClDWtQ4yjXgVRsZaRWrDd8yTPWhaS+ZUKpYmin1EWazd0EVLB+oiQtBxJJLVrn6RFYu94fTRsnPkUxhxVD\/wB5NKuVeDJyoNIwq8CQ+R3HMv7nHgIEmmuTNl8zDRWIqobiHi2OQ5JL6enhGJlq7zmpFX6fH5Q3ZlJVTI1r1yhmfQtqIljJWP8A30\/wwoCeFBsPEs6LeAoOmu+9KQJeM2jAOcjrqT50EOyysAKI7oDk8gfSCLRKdeFTuwIYVIUAR4l2hE6Eor6Jjk\/X0YeUpUsgqCkk1AIah66Ruub2U5KsNEqfDvhq1dKehgO0lcxS5h1JKiTqouA5+qQw1Euu80qllNEYqKaj7Fq\/2gCXbMBamdeoo\/1tA1mQ+dfr3wp1nWmlWf8A3JB9RE7JQXe9qxK0Zq7O5z9IHlT00KhnTnQjTZvWG5NmUpRo7ZjI+UPzbJ4NkT7L5kORnAToND4sjthoK+T+n94MskpiwLnu0ANGIJ9NYHSnABUF3qAcNeecPzFMru57Z\/WcEVk3YbT2MwKJYKLK6HIxbBMdiMo5wq8R2iJJzmKAD7jNvKLRcd5s8lZYpyejjbqIy+RDdk0+ixFRMZdoHQuHwYyCtGwmw1O6GCJYjdS4FiWQk9Gjl84xKQBzgu1ynzyhsJpSLUW8tDRtbFtdIV5XsmXLcnoN\/wBorl8Wspmmvs5DbWIW9byUtgS+0XRxcqDxTBbzt2NalqO5gG5bYmYlSyHqoJB2oH66xBcQ3tTs0HP2iPc8GcMF5IH8Rbx0jo\/Fxx2V\/KpZOC9FrM0JSHGf1nziPmKHp67dGp4QaLKVIbx8szA06xEZMQSR9esUl1A1oT3qvViN2MPS7BiGobcFgG5A60hTJiSUiYD3aUpT1gyz2iUj\/p1dJScSupr6HnBI19GbVdQQQUd6XhFQqmLUFTUbpAV6WdSFAKDU5H1BgpVsQnEJZUyhXExqC4UNi\/viPtFoc1+nEBhigd4ULCN4zAsei3ybySxBSAwDAAkf1DJ\/CMJtuIsCSGZtPBRrtEHaJ5FCHBYvrXbxBzjZE1gK51cB69KNCJFdEjedl\/CKsJCRRzk5GYrU6eUN2fsClMsd5x3hUd5Wo0plWBrXepVJSgHETMxKb2WTRIYb1J6CHk2ZCPxVAllYdgXdgAQSQEjX4wwKNbZdiZQNWKWdJIok1cl89KPvDU+2BgzPzz1Yn60jS8r27RKJaZYxJ\/MHUokmgSw9lmp0huWsSwAUhKsmU5NORoNogyiOC1gVV3lOaBzhB10fp0hfflBOFQdKkkVdILqd+UN2sS2xhTHVJJJJpkRplQ5sY0khcxgcRQS40GxY6bQUrI0FBacTILNTOng1M3eGrReHZJxFqUGjc66ZwJaCmQha1TKAskMXNMmikXtfS55qWSMk6dTuYux4nJ76MubMoa9kxYL5My9JEwlwJqQOjtHTeLLCQvtEln1G4GscQu+bhnS1bLSfJQj0xPsaZ0tjVxQ7EjOK\/M\/CUWivxp6bf2UW6+I1y194k7gnPmOcX6zzwpIUDnWOd3rdKpaykio+gRG1036qSWzG2kZZ41NXE3NWdJROrWHVzWEVWRxfKPtOPCGbZxkkHuBxuS3pGb4pX0VcCZvmeezJD5sW21iHRfOCVVWInIVcHLXSIi38T9o2Qpp15xAXjfASk1bn9axpx4W9FlJLZi\/eIQlZKlOT5xXrx4j7vcJxHVsv3iGtU7EolyX1OcN2eyqmKZIeOvDBGK2c6fkzk6iNkuXOsEWO91yT3WId2IcPziQRczIWS5IcJbUiIGcKxbamqM8ozx0+izWLjualbrAKS4LOCMQZx0D0i12a1pWkEKoQCPNx6PHLRHQLkBNkknkR5KIjLngkk0bvEyym3GX8kjPsSy9D1aI2fJKGBI6bRPWuR3X5ViEkSyqYAASKOwq0ZLOk0kjcp9QI2VLdLvmQG27u8TokSsI7ooPzOTXVxlAt53ehEpRR7RIcOWoB7Ib3wvIVEH2ZhQ3i6woYbRZAQUYMILVNGJLNQb5mBLXbHRgVLSmYAA+tNepEWlNwpmyEkEhRTrUc2OYio2mwHEpOEpUgElxtm8SmmVUBSJpCaeLZ\/OFLmKUp3IG\/j5QNMW5iUuiaCQFJCgSzUGlNHziUGh6TeqhhCDXLEQMX9LCnXOJFXD6lKHaIIDUL\/wDi8TFkuuWnKVLfdwT4RIy04RmfGG427HWkQVk4VQQcWIA0GY6s8E3jaUSpZxkDAkuTsGctzpSJC2JKxrTmzCOefaberJlyQaqdS92DAOdXL+UWY48pUU5pcIORT+Ib7NpnFbMn8qdhueZiLjMS3ClzferZJk6KV3v5RVXoI6DajG\/SOHucv3YZw9wbNnJE1QKZbhi3tVo0eg7rHcQD+ke4RX7\/AJTKkyJSQE4QQw9lIVhduTCLIhLERwfIzPLTZ0o44wjSFbrsRMHeSDTb3RS744QLkoDgB8w\/7x0JqQNMlvFEJuPQ0JtHGLRJKKF+sAqtIdmV5Ujrl78LInjLCpqEZeIig3xwvNkmqaaEVBjdjzRl2aFNS6K8m1p3Zs3LcqwLabyRkkY1aAV9YetVyhanIgu7biSjIV3OcarglYj+RutV9kPYOHFTC8yg2GfnE9JuxMtLJDRL2exk0Skk7AQeblUgOsd5wwZwH578ooyZ2+wwxwx9FemWRk84ol8WUS5hAL69H0POOhcR2wSJSlHPJI3VHMZ04qUSaklyesafGtpsyeZONKPsbjof2f3wlNmMtQDpmZ6hKxnzAINOcc8if4PvQyZxAKBjSQ6w4BzGhrmIuzpuDozeNPjkX+jrCLRKmpcVd2fCDQlg56c4FE1EssAEgbacic2rFanTQw75USXdNEB6kFLZu8PpmqdykFLBiNfIxy3bOzskbSp1flTXMkAef1pDV6nDLIxElhs+ZNWziMtU44WUCHY5bfsYBlzjuYiQ6Rv2vKMRrCiFp0uRMXLlT0JqqSXS+qSAsDyxCGL9lpmSO2Sl8SWXTvYT02LRKyrIRMxH80sJX1TkfImICTbTZMUqYygS4DYhhU9PEaRpUXJ6KW0kUpaYkeH1pTOClN3QSHLB2YeMFT7FZlEkKWh3LM4HIOHaBJ8qzyg6rSBlmK+kH4ZC\/PD2Wmx3kVrKUkJGEtQCtIMnzWBeZUAsNy3KKN\/xhZJCqLXOLMcKGT\/mUQ\/lAEz7SgFOiScyzqAz3oYeOOVdFM\/Jxr2XYXyUpOI0Yl6bb7RyTiS8+3tK10agDZMkNG188TzbQ4UcKf0jLxOvSIfFF+LHw2zB5PkLJqPRtHTPsOunHaZ05qS0YR\/Ms\/IGOZprSPS\/2a8J\/cbvSFD8Wb+JM5EgMnwFOrxT5uTjia+ynCt2YukidNXNd+9hTyQgkaHVWIxM2mWzGAeGpY7IEalW+i1Bq\/2iYtMp0kRxJPZvk\/yNpNRGkyQdI0sE2jbQYoQhU9Mj12jDmIgb4vMTUmWiWqYo6YTTnWLPMkgxrKsYGQgppDxklsoMngqatioJQOdT5D5xLWTguWiqnWedB5CLkJTQzPUIZ5ZMPzSZCyrvQj2UhL5sIyZTwatBUYCvy8EWSzTJ68paSepySkcyWERW3QeZxj7XbSgWpMmX\/wDWl1\/zrr6JbzigmC7wtqp01c1ZdS1FR6kvApj0eKHCCic3JPnJs1jaXMIII0LxrCeHELFK4iSaMQDn57jOJy6rXjUBjGF9xmdD1igiN5U4pLpJB5RnfjxfRtj5k\/1HU59jBFVPyc0O8Bm6EhKlYvZ0zeK9Z+M1AJ7RlABjhDHqaxP3VfcueFAM7GhNfCMrxSj2dHH5EJukyPblCjbsBuPWMxVRpOvys4qHFv8AzA6J+MKFGnH2UT6IaZ7B\/lMc4tv+KqFCjVDs53l\/+UDGMRmFFxgMRiFCgEDrj\/5mT\/3Zf+8R64tfw+cKFHJ\/5D9P9l+Lohrnzmf91XwiUXlChRzJdmufYDZMz1MHmFCgPsE+zEOy4UKAxTE6A16woUREiKVFF+27\/wCNT\/3ke5UKFGjx\/wDNH+ST6ZwSNTGYUekMBpGIUKFIZEKFCgkMw\/ZP8RMKFCvpjR7RKQoUKMp0j\/\/Z\" alt=\"\" width=\"225\" height=\"225\" data-height=\"225\" data-width=\"225\" \/>Flemming Giese er l\u00e6rer i guitar, bas, sammenspil og E-musik m.m. ved Den Kreative Skole i Silkeborg. Udover sin baggrund som musiker og musikl\u00e6rer er Flemming ogs\u00e5 mange\u00e5rig bruger af IT i kreative projekter. Flemming begyndte med at vise sit eget site, hvor han allerede havde uploadet videoer fra dagens seminar. Han bruger v\u00e6rkt\u00f8jet Blogger, som er en gratis blogplatform, som stilles til r\u00e5dighed gennem Google. Ved at uploade billeder og video fra sin undervisning, giver han b\u00e5de elever og for\u00e6ldre mulighed for at f\u00f8lge med i det der foreg\u00e5r samt stille sp\u00f8rgsm\u00e5l.<\/h1>\n<h1>Flemming fortsatte med at fort\u00e6lle om sit arbejde med IT og kreativitet. Efter hans opfattelse er computeren det mest kreative instrument, der nogen sinde er skabt og han ser den som en naturlig udvikling i r\u00e6kken af andre instrumenter, der er skabt gennem tiden \u2013 klaveret, saxofonen, elguitaren, synthesizeren.<\/h1>\n<h1>Flemming er s\u00e6rligt optaget af krydsfeltet, hvor de forskellige kunstneriske udtryksformer m\u00f8des i det kreative arbejde med computeren. Han fortalte om projektet A Technicolor Dream part 2, som er et workshopsamarbejde med skoler, gymnasier m.m., hvor musik, lyd, visuals og animation udvikles p\u00e5 computerbasis. Workshoppen blev afholdt f\u00f8rste gang 30. september 2011 og havde bl. a. vejledning af gruppen <a href=\"http:\/\/darkmatters.dk\/\">Dark Matters<\/a>, som producerer Visuals for bl. a. Kashmir og DR. Endvidere viste elever fra <a href=\"http:\/\/www.smks.dk\/uddannelser\/elektronisk_projektuddannelse\/\">Tonespace-uddannelsen<\/a> hvordan man producerer soundscapes med programmet <a href=\"http:\/\/happynewears.com\/lydfelt\">Lydfelt<\/a>.<\/h1>\n<h1>Se Flemming Gieses pr\u00e6sentation om A Technicolor Dream part 2 her: <a href=\"http:\/\/eportfolio.musikkons.dk\/wordpress\/itimusikundervisningen\/files\/2012\/08\/Giese_120609_Vidensdelingseminar-Kons_Pr\u00e6s-small.pdf\">Giese_120609_Vidensdelingseminar Kons_Pr\u00e6s small<\/a>.<\/h1>\n<h1>Se ogs\u00e5 flyer om A Technicolor Dream part 3, som afholdes d. 8\/11 for l\u00e6rere og ledere og d. 9\/11 for elever. Begge m\u00e5lgrupper er for musikskoler, kulturskoler, gymnasier, ungdomsskoler og skoler: <a href=\"http:\/\/eportfolio.musikkons.dk\/wordpress\/itimusikundervisningen\/files\/2012\/08\/120521__A-Tech-Dream-Part-3_Info_Small.pdf\">120521__A Tech Dream Part 3_Info_Small<\/a><\/h1>\n<h1>Flemming fortalte ogs\u00e5 om Mac Music box, som han selv har designet i samarbejde med Anker Cases. Ideen er en musikalsk arbejdsstation der kan flyttes. Der skal bare et str\u00f8mstik til, s\u00e5 er man klar til at producere musik. \u00a0Se mere her: <a href=\"http:\/\/numbernine.dk\/MMB\">http:\/\/numbernine.dk\/MMB<\/a> .<\/h1>\n","protected":false},"excerpt":{"rendered":"<p>Flemming Giese er l\u00e6rer i guitar, bas, sammenspil og E-musik m.m. ved Den Kreative Skole i Silkeborg. Udover sin baggrund som musiker og musikl\u00e6rer er Flemming ogs\u00e5 mange\u00e5rig bruger af IT i kreative projekter. Flemming begyndte med at vise sit &hellip; <a href=\"http:\/\/eportfolio.musikkons.dk\/wordpress\/itimusikundervisningen\/videndelingseminar\/8-flemming-giese-technicolor-dream\/\">Continue reading <span class=\"meta-nav\">&rarr;<\/span><\/a><\/p>\n","protected":false},"author":10,"featured_media":40,"parent":27,"menu_order":9,"comment_status":"closed","ping_status":"closed","template":"sidebar-page.php","meta":[],"_links":{"self":[{"href":"http:\/\/eportfolio.musikkons.dk\/wordpress\/itimusikundervisningen\/wp-json\/wp\/v2\/pages\/61"}],"collection":[{"href":"http:\/\/eportfolio.musikkons.dk\/wordpress\/itimusikundervisningen\/wp-json\/wp\/v2\/pages"}],"about":[{"href":"http:\/\/eportfolio.musikkons.dk\/wordpress\/itimusikundervisningen\/wp-json\/wp\/v2\/types\/page"}],"author":[{"embeddable":true,"href":"http:\/\/eportfolio.musikkons.dk\/wordpress\/itimusikundervisningen\/wp-json\/wp\/v2\/users\/10"}],"replies":[{"embeddable":true,"href":"http:\/\/eportfolio.musikkons.dk\/wordpress\/itimusikundervisningen\/wp-json\/wp\/v2\/comments?post=61"}],"version-history":[{"count":18,"href":"http:\/\/eportfolio.musikkons.dk\/wordpress\/itimusikundervisningen\/wp-json\/wp\/v2\/pages\/61\/revisions"}],"predecessor-version":[{"id":207,"href":"http:\/\/eportfolio.musikkons.dk\/wordpress\/itimusikundervisningen\/wp-json\/wp\/v2\/pages\/61\/revisions\/207"}],"up":[{"embeddable":true,"href":"http:\/\/eportfolio.musikkons.dk\/wordpress\/itimusikundervisningen\/wp-json\/wp\/v2\/pages\/27"}],"wp:featuredmedia":[{"embeddable":true,"href":"http:\/\/eportfolio.musikkons.dk\/wordpress\/itimusikundervisningen\/wp-json\/wp\/v2\/media\/40"}],"wp:attachment":[{"href":"http:\/\/eportfolio.musikkons.dk\/wordpress\/itimusikundervisningen\/wp-json\/wp\/v2\/media?parent=61"}],"curies":[{"name":"wp","href":"https:\/\/api.w.org\/{rel}","templated":true}]}}