{"id":65,"date":"2012-08-25T15:46:35","date_gmt":"2012-08-25T13:46:35","guid":{"rendered":"http:\/\/eportfolio.musikkons.dk\/wordpress\/itimusikundervisningen\/?page_id=65"},"modified":"2013-04-11T15:14:11","modified_gmt":"2013-04-11T13:14:11","slug":"10-knud-albert-jepsen-iphonepad-video","status":"publish","type":"page","link":"http:\/\/eportfolio.musikkons.dk\/wordpress\/itimusikundervisningen\/videndelingseminar\/10-knud-albert-jepsen-iphonepad-video\/","title":{"rendered":"10. Knud Albert Jepsen &#8211; iPhone\/Pad video"},"content":{"rendered":"<h1><a href=\"http:\/\/eportfolio.musikkons.dk\/wordpress\/itimusikundervisningen\/files\/2012\/08\/Knud-Albert-Jepsen.jpg\"><img loading=\"lazy\" class=\"size-full wp-image-371 alignright\" alt=\"Knud-Albert-Jepsen\" src=\"http:\/\/eportfolio.musikkons.dk\/wordpress\/itimusikundervisningen\/files\/2012\/08\/Knud-Albert-Jepsen.jpg\" width=\"55\" height=\"66\" \/><\/a>Knud Albert Jepsen er trompetist og har undervist i trompet v. Aarhus musikskole og i trompetp\u00e6dagogik v. Det Jyske Musikkonservatorium. Knud Albert betegnede sig selv som the Odd Man Out i forsamlingen. Han bruger egentlig ikke computer i undervisningen men derimod sin sangstemme og et klaver. Han bruger en svensk serie af trompetb\u00f8ger (Trompeten och jag). For at st\u00f8tte eleverne i deres \u00f8vning har han indspillet alle de 70 melodier i b\u00f8gerne p\u00e5 CD, hvilket har fungeret godt.<\/h1>\n<h1>Knud Albert beskriver det at v\u00e6re musikl\u00e6rer som en cykelrytter \u2013 en kamp mod tiden. Han bruger s\u00e5ledes b\u00e5de iPhone og iPad, fordi det er hurtigt og enkelt. For eksempel kan han indspille en melodi med MEMO-optageren p\u00e5 iPhone og sende den p\u00e5 mail til eleven. Han har ogs\u00e5 en bunke noder p\u00e5 sin iPad, som han kan sende p\u00e5 mail. Derved sparer han tid ved kopimaskinen.<\/h1>\n<h1>Knud Albert er specialist i foto og video og bruger b\u00e5de iPhone og iPad til dette. Hans bidrag til seminaret var en film som han havde lavet som led i Aarhus musikskoles serie \u201dM\u00e5nedens instrument\u201d. Filmen hedder Ask og trompeten og er optaget med iPhone og redigeret p\u00e5 iPad. Se filmen her:<\/h1>\n<p>httpv:\/\/www.youtube.com\/watch?v=qsaSy2EJv8o<\/p>\n","protected":false},"excerpt":{"rendered":"<p>Knud Albert Jepsen er trompetist og har undervist i trompet v. Aarhus musikskole og i trompetp\u00e6dagogik v. Det Jyske Musikkonservatorium. Knud Albert betegnede sig selv som the Odd Man Out i forsamlingen. Han bruger egentlig ikke computer i undervisningen men &hellip; <a href=\"http:\/\/eportfolio.musikkons.dk\/wordpress\/itimusikundervisningen\/videndelingseminar\/10-knud-albert-jepsen-iphonepad-video\/\">Continue reading <span class=\"meta-nav\">&rarr;<\/span><\/a><\/p>\n","protected":false},"author":10,"featured_media":40,"parent":27,"menu_order":11,"comment_status":"closed","ping_status":"closed","template":"sidebar-page.php","meta":[],"_links":{"self":[{"href":"http:\/\/eportfolio.musikkons.dk\/wordpress\/itimusikundervisningen\/wp-json\/wp\/v2\/pages\/65"}],"collection":[{"href":"http:\/\/eportfolio.musikkons.dk\/wordpress\/itimusikundervisningen\/wp-json\/wp\/v2\/pages"}],"about":[{"href":"http:\/\/eportfolio.musikkons.dk\/wordpress\/itimusikundervisningen\/wp-json\/wp\/v2\/types\/page"}],"author":[{"embeddable":true,"href":"http:\/\/eportfolio.musikkons.dk\/wordpress\/itimusikundervisningen\/wp-json\/wp\/v2\/users\/10"}],"replies":[{"embeddable":true,"href":"http:\/\/eportfolio.musikkons.dk\/wordpress\/itimusikundervisningen\/wp-json\/wp\/v2\/comments?post=65"}],"version-history":[{"count":12,"href":"http:\/\/eportfolio.musikkons.dk\/wordpress\/itimusikundervisningen\/wp-json\/wp\/v2\/pages\/65\/revisions"}],"predecessor-version":[{"id":242,"href":"http:\/\/eportfolio.musikkons.dk\/wordpress\/itimusikundervisningen\/wp-json\/wp\/v2\/pages\/65\/revisions\/242"}],"up":[{"embeddable":true,"href":"http:\/\/eportfolio.musikkons.dk\/wordpress\/itimusikundervisningen\/wp-json\/wp\/v2\/pages\/27"}],"wp:featuredmedia":[{"embeddable":true,"href":"http:\/\/eportfolio.musikkons.dk\/wordpress\/itimusikundervisningen\/wp-json\/wp\/v2\/media\/40"}],"wp:attachment":[{"href":"http:\/\/eportfolio.musikkons.dk\/wordpress\/itimusikundervisningen\/wp-json\/wp\/v2\/media?parent=65"}],"curies":[{"name":"wp","href":"https:\/\/api.w.org\/{rel}","templated":true}]}}